{"id":2454,"date":"2021-02-24T09:25:01","date_gmt":"2021-02-24T09:25:01","guid":{"rendered":"https:\/\/www.webdyn.com\/webdyn-2021\/produit\/webdynmodbus\/"},"modified":"2025-04-24T16:42:50","modified_gmt":"2025-04-24T16:42:50","slug":"webdynmodbus","status":"publish","type":"product","link":"https:\/\/www.webdyn.com\/de\/produkt\/webdynmodbus\/","title":{"rendered":"WebdynModbus"},"content":{"rendered":"<p>Der WebdynSun Gateway wird zur \u00dcberwachung und Datenerfassung von Modbus-Ausr\u00fcstung (Slaves) eingesetzt. Der Gateway fasst in nur einem Geh\u00e4use sowohl eine Modbus RTU oder eine Modbus-TCP-Schnittstelle als auch 4G\/3G- und Ethernet-Schnittstellen zusammen; letztere nutzt der Gateway zur Kommunikation mit dem Informationssystem. Der WebdynModbus Gateway fungiert als Modbus-Master. Er wird genutzt, um eine Gruppe von Slaves zu verwalten, die an einen verdrahteten Bus (RTU Modus) oder ein Ethernet Link (TCP) angeschlossen sind. Die Inbetriebnahme erfolgt auf einfache Weise \u00fcber den Webserver; sie kann auch ferngesteuert durchgef\u00fchrt werden. Die gesammelten Daten werden in ein CSV-Format konvertiert und regelm\u00e4\u00dfig via Zell- oder Ethernet-Netzwerk an einen Server gesandt.<\/p>\n","protected":false},"excerpt":{"rendered":"<p>Der WebdynSun Gateway wird zur \u00dcberwachung und Datenerfassung von Modbus-Ausr\u00fcstung (Slaves) eingesetzt. Der Gateway fasst in nur einem Geh\u00e4use sowohl eine Modbus RTU oder eine Modbus-TCP-Schnittstelle als auch 4G\/3G- und Ethernet-Schnittstellen zusammen; letztere nutzt der Gateway zur Kommunikation mit dem Informationssystem. Der WebdynModbus Gateway fungiert als Modbus-Master. Er wird genutzt, um eine Gruppe von Slaves [&hellip;]<\/p>\n","protected":false},"featured_media":726170,"comment_status":"closed","ping_status":"closed","template":"","meta":{"_acf_changed":false,"rs_blank_template":"","rs_page_bg_color":"","slide_template_v7":""},"product_brand":[],"product_cat":[86,96],"product_tag":[],"class_list":{"0":"post-2454","1":"product","2":"type-product","3":"status-publish","4":"has-post-thumbnail","6":"product_cat-smart-building-und-home","7":"product_cat-smart-grid-photovoltaik","9":"first","10":"instock","11":"shipping-taxable","12":"purchasable","13":"product-type-simple"},"acf":[],"yoast_head":"<!-- This site is optimized with the Yoast SEO plugin v27.5 - https:\/\/yoast.com\/product\/yoast-seo-wordpress\/ -->\n<title>WebdynModbus - Webdyn<\/title>\n<meta name=\"description\" content=\"WebdynModbus ist ein Datenkonzentrator, der Ger\u00e4teinformationen in Modbus RTU \/ TCP \u00fcbertr\u00e4gt und diese an einen Remote-Server in GPRS sendet\" \/>\n<meta name=\"robots\" content=\"index, follow, max-snippet:-1, max-image-preview:large, max-video-preview:-1\" \/>\n<link rel=\"canonical\" href=\"https:\/\/www.webdyn.com\/de\/produkt\/webdynmodbus\/\" \/>\n<meta property=\"og:locale\" content=\"de_DE\" \/>\n<meta property=\"og:type\" content=\"article\" \/>\n<meta property=\"og:title\" content=\"WebdynModbus - Webdyn\" \/>\n<meta property=\"og:description\" content=\"WebdynModbus ist ein Datenkonzentrator, der Ger\u00e4teinformationen in Modbus RTU \/ TCP \u00fcbertr\u00e4gt und diese an einen Remote-Server in GPRS sendet\" \/>\n<meta property=\"og:url\" content=\"https:\/\/www.webdyn.com\/de\/produkt\/webdynmodbus\/\" \/>\n<meta property=\"og:site_name\" content=\"Webdyn\" \/>\n<meta property=\"article:modified_time\" content=\"2025-04-24T16:42:50+00:00\" \/>\n<meta property=\"og:image\" content=\"https:\/\/www.webdyn.com\/wp-content\/uploads\/2021\/02\/WebdynModbus-1.png\" \/>\n\t<meta property=\"og:image:width\" content=\"900\" \/>\n\t<meta property=\"og:image:height\" content=\"900\" \/>\n\t<meta property=\"og:image:type\" content=\"image\/png\" \/>\n<meta name=\"twitter:card\" content=\"summary_large_image\" \/>\n<meta name=\"twitter:label1\" content=\"Gesch\u00e4tzte Lesezeit\" \/>\n\t<meta name=\"twitter:data1\" content=\"1\u00a0Minute\" \/>\n<script type=\"application\/ld+json\" class=\"yoast-schema-graph\">{\"@context\":\"https:\\\/\\\/schema.org\",\"@graph\":[{\"@type\":\"WebPage\",\"@id\":\"https:\\\/\\\/www.webdyn.com\\\/de\\\/produkt\\\/webdynmodbus\\\/\",\"url\":\"https:\\\/\\\/www.webdyn.com\\\/de\\\/produkt\\\/webdynmodbus\\\/\",\"name\":\"WebdynModbus - Webdyn\",\"isPartOf\":{\"@id\":\"https:\\\/\\\/www.webdyn.com\\\/de\\\/en\\\/#website\"},\"primaryImageOfPage\":{\"@id\":\"https:\\\/\\\/www.webdyn.com\\\/de\\\/produkt\\\/webdynmodbus\\\/#primaryimage\"},\"image\":{\"@id\":\"https:\\\/\\\/www.webdyn.com\\\/de\\\/produkt\\\/webdynmodbus\\\/#primaryimage\"},\"thumbnailUrl\":\"https:\\\/\\\/www.webdyn.com\\\/wp-content\\\/uploads\\\/2021\\\/02\\\/WebdynModbus-1.png\",\"datePublished\":\"2021-02-24T09:25:01+00:00\",\"dateModified\":\"2025-04-24T16:42:50+00:00\",\"description\":\"WebdynModbus ist ein Datenkonzentrator, der Ger\u00e4teinformationen in Modbus RTU \\\/ TCP \u00fcbertr\u00e4gt und diese an einen Remote-Server in GPRS sendet\",\"breadcrumb\":{\"@id\":\"https:\\\/\\\/www.webdyn.com\\\/de\\\/produkt\\\/webdynmodbus\\\/#breadcrumb\"},\"inLanguage\":\"de\",\"potentialAction\":[{\"@type\":\"ReadAction\",\"target\":[\"https:\\\/\\\/www.webdyn.com\\\/de\\\/produkt\\\/webdynmodbus\\\/\"]}]},{\"@type\":\"ImageObject\",\"inLanguage\":\"de\",\"@id\":\"https:\\\/\\\/www.webdyn.com\\\/de\\\/produkt\\\/webdynmodbus\\\/#primaryimage\",\"url\":\"https:\\\/\\\/www.webdyn.com\\\/wp-content\\\/uploads\\\/2021\\\/02\\\/WebdynModbus-1.png\",\"contentUrl\":\"https:\\\/\\\/www.webdyn.com\\\/wp-content\\\/uploads\\\/2021\\\/02\\\/WebdynModbus-1.png\",\"width\":900,\"height\":900},{\"@type\":\"BreadcrumbList\",\"@id\":\"https:\\\/\\\/www.webdyn.com\\\/de\\\/produkt\\\/webdynmodbus\\\/#breadcrumb\",\"itemListElement\":[{\"@type\":\"ListItem\",\"position\":1,\"name\":\"Accueil\",\"item\":\"https:\\\/\\\/www.webdyn.com\\\/de\\\/\"},{\"@type\":\"ListItem\",\"position\":2,\"name\":\"Shop\",\"item\":\"https:\\\/\\\/www.webdyn.com\\\/de\\\/?page_id=2489\"},{\"@type\":\"ListItem\",\"position\":3,\"name\":\"WebdynModbus\"}]},{\"@type\":\"WebSite\",\"@id\":\"https:\\\/\\\/www.webdyn.com\\\/de\\\/en\\\/#website\",\"url\":\"https:\\\/\\\/www.webdyn.com\\\/de\\\/en\\\/\",\"name\":\"Webdyn\",\"description\":\"Multiprotokoll-Energiefernauslese-Gateways und -Sensoren\",\"publisher\":{\"@id\":\"https:\\\/\\\/www.webdyn.com\\\/de\\\/en\\\/#organization\"},\"potentialAction\":[{\"@type\":\"SearchAction\",\"target\":{\"@type\":\"EntryPoint\",\"urlTemplate\":\"https:\\\/\\\/www.webdyn.com\\\/de\\\/en\\\/?s={search_term_string}\"},\"query-input\":{\"@type\":\"PropertyValueSpecification\",\"valueRequired\":true,\"valueName\":\"search_term_string\"}}],\"inLanguage\":\"de\"},{\"@type\":\"Organization\",\"@id\":\"https:\\\/\\\/www.webdyn.com\\\/de\\\/en\\\/#organization\",\"name\":\"Webdyn\",\"url\":\"https:\\\/\\\/www.webdyn.com\\\/de\\\/en\\\/\",\"logo\":{\"@type\":\"ImageObject\",\"inLanguage\":\"de\",\"@id\":\"https:\\\/\\\/www.webdyn.com\\\/de\\\/en\\\/#\\\/schema\\\/logo\\\/image\\\/\",\"url\":\"https:\\\/\\\/www.webdyn.com\\\/wp-content\\\/uploads\\\/2021\\\/12\\\/cropped-Webdyn-Primary-Logo-1000px.png\",\"contentUrl\":\"https:\\\/\\\/www.webdyn.com\\\/wp-content\\\/uploads\\\/2021\\\/12\\\/cropped-Webdyn-Primary-Logo-1000px.png\",\"width\":1000,\"height\":202,\"caption\":\"Webdyn\"},\"image\":{\"@id\":\"https:\\\/\\\/www.webdyn.com\\\/de\\\/en\\\/#\\\/schema\\\/logo\\\/image\\\/\"}}]}<\/script>\n<!-- \/ Yoast SEO plugin. -->","yoast_head_json":{"title":"WebdynModbus - Webdyn","description":"WebdynModbus ist ein Datenkonzentrator, der Ger\u00e4teinformationen in Modbus RTU \/ TCP \u00fcbertr\u00e4gt und diese an einen Remote-Server in GPRS sendet","robots":{"index":"index","follow":"follow","max-snippet":"max-snippet:-1","max-image-preview":"max-image-preview:large","max-video-preview":"max-video-preview:-1"},"canonical":"https:\/\/www.webdyn.com\/de\/produkt\/webdynmodbus\/","og_locale":"de_DE","og_type":"article","og_title":"WebdynModbus - Webdyn","og_description":"WebdynModbus ist ein Datenkonzentrator, der Ger\u00e4teinformationen in Modbus RTU \/ TCP \u00fcbertr\u00e4gt und diese an einen Remote-Server in GPRS sendet","og_url":"https:\/\/www.webdyn.com\/de\/produkt\/webdynmodbus\/","og_site_name":"Webdyn","article_modified_time":"2025-04-24T16:42:50+00:00","og_image":[{"width":900,"height":900,"url":"https:\/\/www.webdyn.com\/wp-content\/uploads\/2021\/02\/WebdynModbus-1.png","type":"image\/png"}],"twitter_card":"summary_large_image","twitter_misc":{"Gesch\u00e4tzte Lesezeit":"1\u00a0Minute"},"schema":{"@context":"https:\/\/schema.org","@graph":[{"@type":"WebPage","@id":"https:\/\/www.webdyn.com\/de\/produkt\/webdynmodbus\/","url":"https:\/\/www.webdyn.com\/de\/produkt\/webdynmodbus\/","name":"WebdynModbus - Webdyn","isPartOf":{"@id":"https:\/\/www.webdyn.com\/de\/en\/#website"},"primaryImageOfPage":{"@id":"https:\/\/www.webdyn.com\/de\/produkt\/webdynmodbus\/#primaryimage"},"image":{"@id":"https:\/\/www.webdyn.com\/de\/produkt\/webdynmodbus\/#primaryimage"},"thumbnailUrl":"https:\/\/www.webdyn.com\/wp-content\/uploads\/2021\/02\/WebdynModbus-1.png","datePublished":"2021-02-24T09:25:01+00:00","dateModified":"2025-04-24T16:42:50+00:00","description":"WebdynModbus ist ein Datenkonzentrator, der Ger\u00e4teinformationen in Modbus RTU \/ TCP \u00fcbertr\u00e4gt und diese an einen Remote-Server in GPRS sendet","breadcrumb":{"@id":"https:\/\/www.webdyn.com\/de\/produkt\/webdynmodbus\/#breadcrumb"},"inLanguage":"de","potentialAction":[{"@type":"ReadAction","target":["https:\/\/www.webdyn.com\/de\/produkt\/webdynmodbus\/"]}]},{"@type":"ImageObject","inLanguage":"de","@id":"https:\/\/www.webdyn.com\/de\/produkt\/webdynmodbus\/#primaryimage","url":"https:\/\/www.webdyn.com\/wp-content\/uploads\/2021\/02\/WebdynModbus-1.png","contentUrl":"https:\/\/www.webdyn.com\/wp-content\/uploads\/2021\/02\/WebdynModbus-1.png","width":900,"height":900},{"@type":"BreadcrumbList","@id":"https:\/\/www.webdyn.com\/de\/produkt\/webdynmodbus\/#breadcrumb","itemListElement":[{"@type":"ListItem","position":1,"name":"Accueil","item":"https:\/\/www.webdyn.com\/de\/"},{"@type":"ListItem","position":2,"name":"Shop","item":"https:\/\/www.webdyn.com\/de\/?page_id=2489"},{"@type":"ListItem","position":3,"name":"WebdynModbus"}]},{"@type":"WebSite","@id":"https:\/\/www.webdyn.com\/de\/en\/#website","url":"https:\/\/www.webdyn.com\/de\/en\/","name":"Webdyn","description":"Multiprotokoll-Energiefernauslese-Gateways und -Sensoren","publisher":{"@id":"https:\/\/www.webdyn.com\/de\/en\/#organization"},"potentialAction":[{"@type":"SearchAction","target":{"@type":"EntryPoint","urlTemplate":"https:\/\/www.webdyn.com\/de\/en\/?s={search_term_string}"},"query-input":{"@type":"PropertyValueSpecification","valueRequired":true,"valueName":"search_term_string"}}],"inLanguage":"de"},{"@type":"Organization","@id":"https:\/\/www.webdyn.com\/de\/en\/#organization","name":"Webdyn","url":"https:\/\/www.webdyn.com\/de\/en\/","logo":{"@type":"ImageObject","inLanguage":"de","@id":"https:\/\/www.webdyn.com\/de\/en\/#\/schema\/logo\/image\/","url":"https:\/\/www.webdyn.com\/wp-content\/uploads\/2021\/12\/cropped-Webdyn-Primary-Logo-1000px.png","contentUrl":"https:\/\/www.webdyn.com\/wp-content\/uploads\/2021\/12\/cropped-Webdyn-Primary-Logo-1000px.png","width":1000,"height":202,"caption":"Webdyn"},"image":{"@id":"https:\/\/www.webdyn.com\/de\/en\/#\/schema\/logo\/image\/"}}]}},"_links":{"self":[{"href":"https:\/\/www.webdyn.com\/de\/wp-json\/wp\/v2\/product\/2454","targetHints":{"allow":["GET"]}}],"collection":[{"href":"https:\/\/www.webdyn.com\/de\/wp-json\/wp\/v2\/product"}],"about":[{"href":"https:\/\/www.webdyn.com\/de\/wp-json\/wp\/v2\/types\/product"}],"replies":[{"embeddable":true,"href":"https:\/\/www.webdyn.com\/de\/wp-json\/wp\/v2\/comments?post=2454"}],"wp:featuredmedia":[{"embeddable":true,"href":"https:\/\/www.webdyn.com\/de\/wp-json\/wp\/v2\/media\/726170"}],"wp:attachment":[{"href":"https:\/\/www.webdyn.com\/de\/wp-json\/wp\/v2\/media?parent=2454"}],"wp:term":[{"taxonomy":"product_brand","embeddable":true,"href":"https:\/\/www.webdyn.com\/de\/wp-json\/wp\/v2\/product_brand?post=2454"},{"taxonomy":"product_cat","embeddable":true,"href":"https:\/\/www.webdyn.com\/de\/wp-json\/wp\/v2\/product_cat?post=2454"},{"taxonomy":"product_tag","embeddable":true,"href":"https:\/\/www.webdyn.com\/de\/wp-json\/wp\/v2\/product_tag?post=2454"}],"curies":[{"name":"wp","href":"https:\/\/api.w.org\/{rel}","templated":true}]}}