{"id":4520,"date":"2021-05-04T09:02:30","date_gmt":"2021-05-04T09:02:30","guid":{"rendered":"https:\/\/www.webdyn.com\/webdyn-2021\/produit\/sens-ios-esclave-modbus-8-entrees-6-sorties-digitales\/"},"modified":"2021-05-07T19:33:53","modified_gmt":"2021-05-07T19:33:53","slug":"sens-ios-modbus-slave-8-digitale-eingange-6-digitale-ausgange","status":"publish","type":"product","link":"https:\/\/www.webdyn.com\/de\/produkt\/sens-ios-modbus-slave-8-digitale-eingange-6-digitale-ausgange\/","title":{"rendered":"SENS\u2019 IOS &#8211; Modbus-slave 8 digitale eing\u00e4nge\/6 digitale ausg\u00e4nge"},"content":{"rendered":"<p><span class=\"TextRun SCXW81426536 BCX0\" lang=\"DE-DE\" xml:lang=\"DE-DE\" data-contrast=\"auto\"><span class=\"NormalTextRun SCXW81426536 BCX0\" data-ccp-parastyle=\"No Spacing\">Das Modul verf\u00fcgt \u00fcber 8 Kan\u00e4le f\u00fcr Open-<\/span><span class=\"NormalTextRun SpellingErrorV2 SCXW81426536 BCX0\" data-ccp-parastyle=\"No Spacing\">Collector<\/span><span class=\"NormalTextRun SCXW81426536 BCX0\" data-ccp-parastyle=\"No Spacing\">-Eing\u00e4nge, Trockenkontakt, Nasskontakt, und 6 isolierte Kan\u00e4le f\u00fcr Open-<\/span><span class=\"NormalTextRun SpellingErrorV2 SCXW81426536 BCX0\" data-ccp-parastyle=\"No Spacing\">Collector<\/span><span class=\"NormalTextRun SCXW81426536 BCX0\" data-ccp-parastyle=\"No Spacing\">-Ausg\u00e4nge.<\/span><\/span><span class=\"TextRun SCXW81426536 BCX0\" lang=\"DE-DE\" xml:lang=\"DE-DE\" data-contrast=\"auto\"><span class=\"NormalTextRun SCXW81426536 BCX0\" data-ccp-parastyle=\"No Spacing\">\u00a0<\/span><\/span><span class=\"TextRun SCXW81426536 BCX0\" lang=\"DE-DE\" xml:lang=\"DE-DE\" data-contrast=\"auto\"><span class=\"NormalTextRun SCXW81426536 BCX0\" data-ccp-parastyle=\"No Spacing\">Der Ausgangsbus vom Typ RS485 verf\u00fcgt \u00fcber einen \u00dcberspannungsschutz, um St\u00f6rungen durch einen seriellen Kommunikationsanschluss zu reduzieren.<\/span><\/span><span class=\"TextRun SCXW81426536 BCX0\" lang=\"DE-DE\" xml:lang=\"DE-DE\" data-contrast=\"auto\"><span class=\"NormalTextRun SCXW81426536 BCX0\" data-ccp-parastyle=\"No Spacing\">\u00a0<\/span><\/span><span class=\"TextRun SCXW81426536 BCX0\" lang=\"DE-DE\" xml:lang=\"DE-DE\" data-contrast=\"auto\"><span class=\"NormalTextRun SCXW81426536 BCX0\" data-ccp-parastyle=\"No Spacing\">Der Ausgang wird durch Hochgeschwindigkeits-Optokoppler isoliert.<\/span><\/span><span class=\"TextRun SCXW81426536 BCX0\" lang=\"DE-DE\" xml:lang=\"DE-DE\" data-contrast=\"auto\"><span class=\"NormalTextRun SCXW81426536 BCX0\" data-ccp-parastyle=\"No Spacing\">\u00a0<\/span><\/span><span class=\"TextRun SCXW81426536 BCX0\" lang=\"DE-DE\" xml:lang=\"DE-DE\" data-contrast=\"auto\"><span class=\"NormalTextRun SCXW81426536 BCX0\" data-ccp-parastyle=\"No Spacing\">Die Module sind Slave-Ger\u00e4te, die einfach \u00fcber\u00a0<\/span><span class=\"NormalTextRun SpellingErrorV2 SCXW81426536 BCX0\" data-ccp-parastyle=\"No Spacing\">Webdyn<\/span><span class=\"NormalTextRun SCXW81426536 BCX0\" data-ccp-parastyle=\"No Spacing\">-Gateways gesteuert werden k\u00f6nnen.<\/span><\/span><span class=\"EOP SCXW81426536 BCX0\" data-ccp-props=\"{&quot;201341983&quot;:0,&quot;335559739&quot;:0,&quot;335559740&quot;:240}\">\u00a0<\/span><\/p>\n","protected":false},"excerpt":{"rendered":"<p>Das Modul verf\u00fcgt \u00fcber 8 Kan\u00e4le f\u00fcr Open-Collector-Eing\u00e4nge, Trockenkontakt, Nasskontakt, und 6 isolierte Kan\u00e4le f\u00fcr Open-Collector-Ausg\u00e4nge.\u00a0Der Ausgangsbus vom Typ RS485 verf\u00fcgt \u00fcber einen \u00dcberspannungsschutz, um St\u00f6rungen durch einen seriellen Kommunikationsanschluss zu reduzieren.\u00a0Der Ausgang wird durch Hochgeschwindigkeits-Optokoppler isoliert.\u00a0Die Module sind Slave-Ger\u00e4te, die einfach \u00fcber\u00a0Webdyn-Gateways gesteuert werden k\u00f6nnen.\u00a0<\/p>\n","protected":false},"featured_media":4457,"comment_status":"closed","ping_status":"closed","template":"","meta":{"_acf_changed":false,"rs_blank_template":"","rs_page_bg_color":"","slide_template_v7":""},"product_brand":[],"product_cat":[132],"product_tag":[],"class_list":{"0":"post-4520","1":"product","2":"type-product","3":"status-publish","4":"has-post-thumbnail","6":"product_cat-zubehoer","8":"first","9":"instock","10":"shipping-taxable","11":"product-type-simple"},"acf":[],"yoast_head":"<!-- This site is optimized with the Yoast SEO plugin v27.5 - https:\/\/yoast.com\/product\/yoast-seo-wordpress\/ -->\n<title>SENS\u2019 IOS - Modbus-slave 8 digitale eing\u00e4nge\/6 digitale ausg\u00e4nge - Webdyn<\/title>\n<meta name=\"description\" content=\"Modbus-Slave mit 8 Open-Collector-Eing\u00e4ngen, Trocken- oder Nasskontakt, isoliert und 6 Open-Collector-Ausg\u00e4ngen, isoliert mit einem RS485-Bus\" \/>\n<meta name=\"robots\" content=\"index, follow, max-snippet:-1, max-image-preview:large, max-video-preview:-1\" \/>\n<link rel=\"canonical\" href=\"https:\/\/www.webdyn.com\/de\/produkt\/sens-ios-modbus-slave-8-digitale-eingange-6-digitale-ausgange\/\" \/>\n<meta property=\"og:locale\" content=\"de_DE\" \/>\n<meta property=\"og:type\" content=\"article\" \/>\n<meta property=\"og:title\" content=\"SENS\u2019 IOS - Modbus-slave 8 digitale eing\u00e4nge\/6 digitale ausg\u00e4nge - Webdyn\" \/>\n<meta property=\"og:description\" content=\"Modbus-Slave mit 8 Open-Collector-Eing\u00e4ngen, Trocken- oder Nasskontakt, isoliert und 6 Open-Collector-Ausg\u00e4ngen, isoliert mit einem RS485-Bus\" \/>\n<meta property=\"og:url\" content=\"https:\/\/www.webdyn.com\/de\/produkt\/sens-ios-modbus-slave-8-digitale-eingange-6-digitale-ausgange\/\" \/>\n<meta property=\"og:site_name\" content=\"Webdyn\" \/>\n<meta property=\"article:modified_time\" content=\"2021-05-07T19:33:53+00:00\" \/>\n<meta property=\"og:image\" content=\"https:\/\/www.webdyn.com\/wp-content\/uploads\/2021\/05\/SensIOS-esclave-modbus-8-entrees-et-6-sorties-900x900-min.png\" \/>\n\t<meta property=\"og:image:width\" content=\"900\" \/>\n\t<meta property=\"og:image:height\" content=\"900\" \/>\n\t<meta property=\"og:image:type\" content=\"image\/png\" \/>\n<meta name=\"twitter:card\" content=\"summary_large_image\" \/>\n<script type=\"application\/ld+json\" class=\"yoast-schema-graph\">{\"@context\":\"https:\\\/\\\/schema.org\",\"@graph\":[{\"@type\":\"WebPage\",\"@id\":\"https:\\\/\\\/www.webdyn.com\\\/de\\\/produkt\\\/sens-ios-modbus-slave-8-digitale-eingange-6-digitale-ausgange\\\/\",\"url\":\"https:\\\/\\\/www.webdyn.com\\\/de\\\/produkt\\\/sens-ios-modbus-slave-8-digitale-eingange-6-digitale-ausgange\\\/\",\"name\":\"SENS\u2019 IOS - Modbus-slave 8 digitale eing\u00e4nge\\\/6 digitale ausg\u00e4nge - Webdyn\",\"isPartOf\":{\"@id\":\"https:\\\/\\\/www.webdyn.com\\\/de\\\/en\\\/#website\"},\"primaryImageOfPage\":{\"@id\":\"https:\\\/\\\/www.webdyn.com\\\/de\\\/produkt\\\/sens-ios-modbus-slave-8-digitale-eingange-6-digitale-ausgange\\\/#primaryimage\"},\"image\":{\"@id\":\"https:\\\/\\\/www.webdyn.com\\\/de\\\/produkt\\\/sens-ios-modbus-slave-8-digitale-eingange-6-digitale-ausgange\\\/#primaryimage\"},\"thumbnailUrl\":\"https:\\\/\\\/www.webdyn.com\\\/wp-content\\\/uploads\\\/2021\\\/05\\\/SensIOS-esclave-modbus-8-entrees-et-6-sorties-900x900-min.png\",\"datePublished\":\"2021-05-04T09:02:30+00:00\",\"dateModified\":\"2021-05-07T19:33:53+00:00\",\"description\":\"Modbus-Slave mit 8 Open-Collector-Eing\u00e4ngen, Trocken- oder Nasskontakt, isoliert und 6 Open-Collector-Ausg\u00e4ngen, isoliert mit einem RS485-Bus\",\"breadcrumb\":{\"@id\":\"https:\\\/\\\/www.webdyn.com\\\/de\\\/produkt\\\/sens-ios-modbus-slave-8-digitale-eingange-6-digitale-ausgange\\\/#breadcrumb\"},\"inLanguage\":\"de\",\"potentialAction\":[{\"@type\":\"ReadAction\",\"target\":[\"https:\\\/\\\/www.webdyn.com\\\/de\\\/produkt\\\/sens-ios-modbus-slave-8-digitale-eingange-6-digitale-ausgange\\\/\"]}]},{\"@type\":\"ImageObject\",\"inLanguage\":\"de\",\"@id\":\"https:\\\/\\\/www.webdyn.com\\\/de\\\/produkt\\\/sens-ios-modbus-slave-8-digitale-eingange-6-digitale-ausgange\\\/#primaryimage\",\"url\":\"https:\\\/\\\/www.webdyn.com\\\/wp-content\\\/uploads\\\/2021\\\/05\\\/SensIOS-esclave-modbus-8-entrees-et-6-sorties-900x900-min.png\",\"contentUrl\":\"https:\\\/\\\/www.webdyn.com\\\/wp-content\\\/uploads\\\/2021\\\/05\\\/SensIOS-esclave-modbus-8-entrees-et-6-sorties-900x900-min.png\",\"width\":900,\"height\":900},{\"@type\":\"BreadcrumbList\",\"@id\":\"https:\\\/\\\/www.webdyn.com\\\/de\\\/produkt\\\/sens-ios-modbus-slave-8-digitale-eingange-6-digitale-ausgange\\\/#breadcrumb\",\"itemListElement\":[{\"@type\":\"ListItem\",\"position\":1,\"name\":\"Accueil\",\"item\":\"https:\\\/\\\/www.webdyn.com\\\/de\\\/\"},{\"@type\":\"ListItem\",\"position\":2,\"name\":\"Shop\",\"item\":\"https:\\\/\\\/www.webdyn.com\\\/de\\\/?page_id=2489\"},{\"@type\":\"ListItem\",\"position\":3,\"name\":\"SENS\u2019 IOS &#8211; Modbus-slave 8 digitale eing\u00e4nge\\\/6 digitale ausg\u00e4nge\"}]},{\"@type\":\"WebSite\",\"@id\":\"https:\\\/\\\/www.webdyn.com\\\/de\\\/en\\\/#website\",\"url\":\"https:\\\/\\\/www.webdyn.com\\\/de\\\/en\\\/\",\"name\":\"Webdyn\",\"description\":\"Multiprotokoll-Energiefernauslese-Gateways und -Sensoren\",\"publisher\":{\"@id\":\"https:\\\/\\\/www.webdyn.com\\\/de\\\/en\\\/#organization\"},\"potentialAction\":[{\"@type\":\"SearchAction\",\"target\":{\"@type\":\"EntryPoint\",\"urlTemplate\":\"https:\\\/\\\/www.webdyn.com\\\/de\\\/en\\\/?s={search_term_string}\"},\"query-input\":{\"@type\":\"PropertyValueSpecification\",\"valueRequired\":true,\"valueName\":\"search_term_string\"}}],\"inLanguage\":\"de\"},{\"@type\":\"Organization\",\"@id\":\"https:\\\/\\\/www.webdyn.com\\\/de\\\/en\\\/#organization\",\"name\":\"Webdyn\",\"url\":\"https:\\\/\\\/www.webdyn.com\\\/de\\\/en\\\/\",\"logo\":{\"@type\":\"ImageObject\",\"inLanguage\":\"de\",\"@id\":\"https:\\\/\\\/www.webdyn.com\\\/de\\\/en\\\/#\\\/schema\\\/logo\\\/image\\\/\",\"url\":\"https:\\\/\\\/www.webdyn.com\\\/wp-content\\\/uploads\\\/2021\\\/12\\\/cropped-Webdyn-Primary-Logo-1000px.png\",\"contentUrl\":\"https:\\\/\\\/www.webdyn.com\\\/wp-content\\\/uploads\\\/2021\\\/12\\\/cropped-Webdyn-Primary-Logo-1000px.png\",\"width\":1000,\"height\":202,\"caption\":\"Webdyn\"},\"image\":{\"@id\":\"https:\\\/\\\/www.webdyn.com\\\/de\\\/en\\\/#\\\/schema\\\/logo\\\/image\\\/\"}}]}<\/script>\n<!-- \/ Yoast SEO plugin. -->","yoast_head_json":{"title":"SENS\u2019 IOS - Modbus-slave 8 digitale eing\u00e4nge\/6 digitale ausg\u00e4nge - Webdyn","description":"Modbus-Slave mit 8 Open-Collector-Eing\u00e4ngen, Trocken- oder Nasskontakt, isoliert und 6 Open-Collector-Ausg\u00e4ngen, isoliert mit einem RS485-Bus","robots":{"index":"index","follow":"follow","max-snippet":"max-snippet:-1","max-image-preview":"max-image-preview:large","max-video-preview":"max-video-preview:-1"},"canonical":"https:\/\/www.webdyn.com\/de\/produkt\/sens-ios-modbus-slave-8-digitale-eingange-6-digitale-ausgange\/","og_locale":"de_DE","og_type":"article","og_title":"SENS\u2019 IOS - Modbus-slave 8 digitale eing\u00e4nge\/6 digitale ausg\u00e4nge - Webdyn","og_description":"Modbus-Slave mit 8 Open-Collector-Eing\u00e4ngen, Trocken- oder Nasskontakt, isoliert und 6 Open-Collector-Ausg\u00e4ngen, isoliert mit einem RS485-Bus","og_url":"https:\/\/www.webdyn.com\/de\/produkt\/sens-ios-modbus-slave-8-digitale-eingange-6-digitale-ausgange\/","og_site_name":"Webdyn","article_modified_time":"2021-05-07T19:33:53+00:00","og_image":[{"width":900,"height":900,"url":"https:\/\/www.webdyn.com\/wp-content\/uploads\/2021\/05\/SensIOS-esclave-modbus-8-entrees-et-6-sorties-900x900-min.png","type":"image\/png"}],"twitter_card":"summary_large_image","schema":{"@context":"https:\/\/schema.org","@graph":[{"@type":"WebPage","@id":"https:\/\/www.webdyn.com\/de\/produkt\/sens-ios-modbus-slave-8-digitale-eingange-6-digitale-ausgange\/","url":"https:\/\/www.webdyn.com\/de\/produkt\/sens-ios-modbus-slave-8-digitale-eingange-6-digitale-ausgange\/","name":"SENS\u2019 IOS - Modbus-slave 8 digitale eing\u00e4nge\/6 digitale ausg\u00e4nge - Webdyn","isPartOf":{"@id":"https:\/\/www.webdyn.com\/de\/en\/#website"},"primaryImageOfPage":{"@id":"https:\/\/www.webdyn.com\/de\/produkt\/sens-ios-modbus-slave-8-digitale-eingange-6-digitale-ausgange\/#primaryimage"},"image":{"@id":"https:\/\/www.webdyn.com\/de\/produkt\/sens-ios-modbus-slave-8-digitale-eingange-6-digitale-ausgange\/#primaryimage"},"thumbnailUrl":"https:\/\/www.webdyn.com\/wp-content\/uploads\/2021\/05\/SensIOS-esclave-modbus-8-entrees-et-6-sorties-900x900-min.png","datePublished":"2021-05-04T09:02:30+00:00","dateModified":"2021-05-07T19:33:53+00:00","description":"Modbus-Slave mit 8 Open-Collector-Eing\u00e4ngen, Trocken- oder Nasskontakt, isoliert und 6 Open-Collector-Ausg\u00e4ngen, isoliert mit einem RS485-Bus","breadcrumb":{"@id":"https:\/\/www.webdyn.com\/de\/produkt\/sens-ios-modbus-slave-8-digitale-eingange-6-digitale-ausgange\/#breadcrumb"},"inLanguage":"de","potentialAction":[{"@type":"ReadAction","target":["https:\/\/www.webdyn.com\/de\/produkt\/sens-ios-modbus-slave-8-digitale-eingange-6-digitale-ausgange\/"]}]},{"@type":"ImageObject","inLanguage":"de","@id":"https:\/\/www.webdyn.com\/de\/produkt\/sens-ios-modbus-slave-8-digitale-eingange-6-digitale-ausgange\/#primaryimage","url":"https:\/\/www.webdyn.com\/wp-content\/uploads\/2021\/05\/SensIOS-esclave-modbus-8-entrees-et-6-sorties-900x900-min.png","contentUrl":"https:\/\/www.webdyn.com\/wp-content\/uploads\/2021\/05\/SensIOS-esclave-modbus-8-entrees-et-6-sorties-900x900-min.png","width":900,"height":900},{"@type":"BreadcrumbList","@id":"https:\/\/www.webdyn.com\/de\/produkt\/sens-ios-modbus-slave-8-digitale-eingange-6-digitale-ausgange\/#breadcrumb","itemListElement":[{"@type":"ListItem","position":1,"name":"Accueil","item":"https:\/\/www.webdyn.com\/de\/"},{"@type":"ListItem","position":2,"name":"Shop","item":"https:\/\/www.webdyn.com\/de\/?page_id=2489"},{"@type":"ListItem","position":3,"name":"SENS\u2019 IOS &#8211; Modbus-slave 8 digitale eing\u00e4nge\/6 digitale ausg\u00e4nge"}]},{"@type":"WebSite","@id":"https:\/\/www.webdyn.com\/de\/en\/#website","url":"https:\/\/www.webdyn.com\/de\/en\/","name":"Webdyn","description":"Multiprotokoll-Energiefernauslese-Gateways und -Sensoren","publisher":{"@id":"https:\/\/www.webdyn.com\/de\/en\/#organization"},"potentialAction":[{"@type":"SearchAction","target":{"@type":"EntryPoint","urlTemplate":"https:\/\/www.webdyn.com\/de\/en\/?s={search_term_string}"},"query-input":{"@type":"PropertyValueSpecification","valueRequired":true,"valueName":"search_term_string"}}],"inLanguage":"de"},{"@type":"Organization","@id":"https:\/\/www.webdyn.com\/de\/en\/#organization","name":"Webdyn","url":"https:\/\/www.webdyn.com\/de\/en\/","logo":{"@type":"ImageObject","inLanguage":"de","@id":"https:\/\/www.webdyn.com\/de\/en\/#\/schema\/logo\/image\/","url":"https:\/\/www.webdyn.com\/wp-content\/uploads\/2021\/12\/cropped-Webdyn-Primary-Logo-1000px.png","contentUrl":"https:\/\/www.webdyn.com\/wp-content\/uploads\/2021\/12\/cropped-Webdyn-Primary-Logo-1000px.png","width":1000,"height":202,"caption":"Webdyn"},"image":{"@id":"https:\/\/www.webdyn.com\/de\/en\/#\/schema\/logo\/image\/"}}]}},"_links":{"self":[{"href":"https:\/\/www.webdyn.com\/de\/wp-json\/wp\/v2\/product\/4520","targetHints":{"allow":["GET"]}}],"collection":[{"href":"https:\/\/www.webdyn.com\/de\/wp-json\/wp\/v2\/product"}],"about":[{"href":"https:\/\/www.webdyn.com\/de\/wp-json\/wp\/v2\/types\/product"}],"replies":[{"embeddable":true,"href":"https:\/\/www.webdyn.com\/de\/wp-json\/wp\/v2\/comments?post=4520"}],"wp:featuredmedia":[{"embeddable":true,"href":"https:\/\/www.webdyn.com\/de\/wp-json\/wp\/v2\/media\/4457"}],"wp:attachment":[{"href":"https:\/\/www.webdyn.com\/de\/wp-json\/wp\/v2\/media?parent=4520"}],"wp:term":[{"taxonomy":"product_brand","embeddable":true,"href":"https:\/\/www.webdyn.com\/de\/wp-json\/wp\/v2\/product_brand?post=4520"},{"taxonomy":"product_cat","embeddable":true,"href":"https:\/\/www.webdyn.com\/de\/wp-json\/wp\/v2\/product_cat?post=4520"},{"taxonomy":"product_tag","embeddable":true,"href":"https:\/\/www.webdyn.com\/de\/wp-json\/wp\/v2\/product_tag?post=4520"}],"curies":[{"name":"wp","href":"https:\/\/api.w.org\/{rel}","templated":true}]}}