{"id":4541,"date":"2021-05-04T08:56:43","date_gmt":"2021-05-04T08:56:43","guid":{"rendered":"https:\/\/www.webdyn.com\/webdyn-2021\/produit\/sens-irradiation-capteur-de-temperature-irradiation\/"},"modified":"2021-05-07T19:38:01","modified_gmt":"2021-05-07T19:38:01","slug":"sens-irradiation-temperatur-und-einstrahlungssensor","status":"publish","type":"product","link":"https:\/\/www.webdyn.com\/de\/produkt\/sens-irradiation-temperatur-und-einstrahlungssensor\/","title":{"rendered":"SENS\u2019 IRRADIATION &#8211; Temperatur- und einstrahlungssensor"},"content":{"rendered":"<p><span class=\"TextRun SCXW191154591 BCX0\" lang=\"DE-DE\" xml:lang=\"DE-DE\" data-contrast=\"auto\"><span class=\"NormalTextRun SCXW191154591 BCX0\" data-ccp-parastyle=\"No Spacing\">Silizium-Einstrahlungssensoren bieten eine kosteng\u00fcnstige, robuste und zuverl\u00e4ssige L\u00f6sung f\u00fcr die Messung der Sonneneinstrahlung, insbesondere f\u00fcr die \u00dcberwachung von Photovoltaikanlagen.<\/span><\/span><span class=\"TextRun SCXW191154591 BCX0\" lang=\"DE-DE\" xml:lang=\"DE-DE\" data-contrast=\"auto\"><span class=\"NormalTextRun SCXW191154591 BCX0\" data-ccp-parastyle=\"No Spacing\">\u00a0<\/span><\/span><span class=\"TextRun SCXW191154591 BCX0\" lang=\"DE-DE\" xml:lang=\"DE-DE\" data-contrast=\"auto\"><span class=\"NormalTextRun SCXW191154591 BCX0\" data-ccp-parastyle=\"No Spacing\">Basierend auf der Konstruktion des Sensorelements, das einem Photovoltaikmodul entspricht, eignen sie sich ideal als Referenz f\u00fcr die \u00dcberwachung von Photovoltaikanlagen.<\/span><\/span><span class=\"EOP SCXW191154591 BCX0\" data-ccp-props=\"{&quot;201341983&quot;:0,&quot;335559739&quot;:0,&quot;335559740&quot;:240}\">\u00a0<\/span><\/p>\n","protected":false},"excerpt":{"rendered":"<p>Silizium-Einstrahlungssensoren bieten eine kosteng\u00fcnstige, robuste und zuverl\u00e4ssige L\u00f6sung f\u00fcr die Messung der Sonneneinstrahlung, insbesondere f\u00fcr die \u00dcberwachung von Photovoltaikanlagen.\u00a0Basierend auf der Konstruktion des Sensorelements, das einem Photovoltaikmodul entspricht, eignen sie sich ideal als Referenz f\u00fcr die \u00dcberwachung von Photovoltaikanlagen.\u00a0<\/p>\n","protected":false},"featured_media":4488,"comment_status":"closed","ping_status":"closed","template":"","meta":{"_acf_changed":false,"rs_blank_template":"","rs_page_bg_color":"","slide_template_v7":""},"product_brand":[],"product_cat":[132],"product_tag":[],"class_list":{"0":"post-4541","1":"product","2":"type-product","3":"status-publish","4":"has-post-thumbnail","6":"product_cat-zubehoer","8":"first","9":"instock","10":"shipping-taxable","11":"product-type-simple"},"acf":[],"yoast_head":"<!-- This site is optimized with the Yoast SEO plugin v27.5 - https:\/\/yoast.com\/product\/yoast-seo-wordpress\/ -->\n<title>SENS\u2019 IRRADIATION - Temperatur- und einstrahlungssensor - Webdyn<\/title>\n<meta name=\"description\" content=\"Siliziumbestrahlungssensoren bieten eine kosteng\u00fcnstige, robuste und zuverl\u00e4ssige L\u00f6sung zur Messung der Sonneneinstrahlung, insbesondere zur \u00dcberwachung von Photovoltaiksystemen.\" \/>\n<meta name=\"robots\" content=\"index, follow, max-snippet:-1, max-image-preview:large, max-video-preview:-1\" \/>\n<link rel=\"canonical\" href=\"https:\/\/www.webdyn.com\/de\/produkt\/sens-irradiation-temperatur-und-einstrahlungssensor\/\" \/>\n<meta property=\"og:locale\" content=\"de_DE\" \/>\n<meta property=\"og:type\" content=\"article\" \/>\n<meta property=\"og:title\" content=\"SENS\u2019 IRRADIATION - Temperatur- und einstrahlungssensor - Webdyn\" \/>\n<meta property=\"og:description\" content=\"Siliziumbestrahlungssensoren bieten eine kosteng\u00fcnstige, robuste und zuverl\u00e4ssige L\u00f6sung zur Messung der Sonneneinstrahlung, insbesondere zur \u00dcberwachung von Photovoltaiksystemen.\" \/>\n<meta property=\"og:url\" content=\"https:\/\/www.webdyn.com\/de\/produkt\/sens-irradiation-temperatur-und-einstrahlungssensor\/\" \/>\n<meta property=\"og:site_name\" content=\"Webdyn\" \/>\n<meta property=\"article:modified_time\" content=\"2021-05-07T19:38:01+00:00\" \/>\n<meta property=\"og:image\" content=\"https:\/\/www.webdyn.com\/wp-content\/uploads\/2021\/05\/Sens-Irradiation-900x900-min.png\" \/>\n\t<meta property=\"og:image:width\" content=\"900\" \/>\n\t<meta property=\"og:image:height\" content=\"900\" \/>\n\t<meta property=\"og:image:type\" content=\"image\/png\" \/>\n<meta name=\"twitter:card\" content=\"summary_large_image\" \/>\n<script type=\"application\/ld+json\" class=\"yoast-schema-graph\">{\"@context\":\"https:\\\/\\\/schema.org\",\"@graph\":[{\"@type\":\"WebPage\",\"@id\":\"https:\\\/\\\/www.webdyn.com\\\/de\\\/produkt\\\/sens-irradiation-temperatur-und-einstrahlungssensor\\\/\",\"url\":\"https:\\\/\\\/www.webdyn.com\\\/de\\\/produkt\\\/sens-irradiation-temperatur-und-einstrahlungssensor\\\/\",\"name\":\"SENS\u2019 IRRADIATION - Temperatur- und einstrahlungssensor - Webdyn\",\"isPartOf\":{\"@id\":\"https:\\\/\\\/www.webdyn.com\\\/de\\\/en\\\/#website\"},\"primaryImageOfPage\":{\"@id\":\"https:\\\/\\\/www.webdyn.com\\\/de\\\/produkt\\\/sens-irradiation-temperatur-und-einstrahlungssensor\\\/#primaryimage\"},\"image\":{\"@id\":\"https:\\\/\\\/www.webdyn.com\\\/de\\\/produkt\\\/sens-irradiation-temperatur-und-einstrahlungssensor\\\/#primaryimage\"},\"thumbnailUrl\":\"https:\\\/\\\/www.webdyn.com\\\/wp-content\\\/uploads\\\/2021\\\/05\\\/Sens-Irradiation-900x900-min.png\",\"datePublished\":\"2021-05-04T08:56:43+00:00\",\"dateModified\":\"2021-05-07T19:38:01+00:00\",\"description\":\"Siliziumbestrahlungssensoren bieten eine kosteng\u00fcnstige, robuste und zuverl\u00e4ssige L\u00f6sung zur Messung der Sonneneinstrahlung, insbesondere zur \u00dcberwachung von Photovoltaiksystemen.\",\"breadcrumb\":{\"@id\":\"https:\\\/\\\/www.webdyn.com\\\/de\\\/produkt\\\/sens-irradiation-temperatur-und-einstrahlungssensor\\\/#breadcrumb\"},\"inLanguage\":\"de\",\"potentialAction\":[{\"@type\":\"ReadAction\",\"target\":[\"https:\\\/\\\/www.webdyn.com\\\/de\\\/produkt\\\/sens-irradiation-temperatur-und-einstrahlungssensor\\\/\"]}]},{\"@type\":\"ImageObject\",\"inLanguage\":\"de\",\"@id\":\"https:\\\/\\\/www.webdyn.com\\\/de\\\/produkt\\\/sens-irradiation-temperatur-und-einstrahlungssensor\\\/#primaryimage\",\"url\":\"https:\\\/\\\/www.webdyn.com\\\/wp-content\\\/uploads\\\/2021\\\/05\\\/Sens-Irradiation-900x900-min.png\",\"contentUrl\":\"https:\\\/\\\/www.webdyn.com\\\/wp-content\\\/uploads\\\/2021\\\/05\\\/Sens-Irradiation-900x900-min.png\",\"width\":900,\"height\":900},{\"@type\":\"BreadcrumbList\",\"@id\":\"https:\\\/\\\/www.webdyn.com\\\/de\\\/produkt\\\/sens-irradiation-temperatur-und-einstrahlungssensor\\\/#breadcrumb\",\"itemListElement\":[{\"@type\":\"ListItem\",\"position\":1,\"name\":\"Accueil\",\"item\":\"https:\\\/\\\/www.webdyn.com\\\/de\\\/\"},{\"@type\":\"ListItem\",\"position\":2,\"name\":\"Shop\",\"item\":\"https:\\\/\\\/www.webdyn.com\\\/de\\\/?page_id=2489\"},{\"@type\":\"ListItem\",\"position\":3,\"name\":\"SENS\u2019 IRRADIATION &#8211; Temperatur- und einstrahlungssensor\"}]},{\"@type\":\"WebSite\",\"@id\":\"https:\\\/\\\/www.webdyn.com\\\/de\\\/en\\\/#website\",\"url\":\"https:\\\/\\\/www.webdyn.com\\\/de\\\/en\\\/\",\"name\":\"Webdyn\",\"description\":\"Multiprotokoll-Energiefernauslese-Gateways und -Sensoren\",\"publisher\":{\"@id\":\"https:\\\/\\\/www.webdyn.com\\\/de\\\/en\\\/#organization\"},\"potentialAction\":[{\"@type\":\"SearchAction\",\"target\":{\"@type\":\"EntryPoint\",\"urlTemplate\":\"https:\\\/\\\/www.webdyn.com\\\/de\\\/en\\\/?s={search_term_string}\"},\"query-input\":{\"@type\":\"PropertyValueSpecification\",\"valueRequired\":true,\"valueName\":\"search_term_string\"}}],\"inLanguage\":\"de\"},{\"@type\":\"Organization\",\"@id\":\"https:\\\/\\\/www.webdyn.com\\\/de\\\/en\\\/#organization\",\"name\":\"Webdyn\",\"url\":\"https:\\\/\\\/www.webdyn.com\\\/de\\\/en\\\/\",\"logo\":{\"@type\":\"ImageObject\",\"inLanguage\":\"de\",\"@id\":\"https:\\\/\\\/www.webdyn.com\\\/de\\\/en\\\/#\\\/schema\\\/logo\\\/image\\\/\",\"url\":\"https:\\\/\\\/www.webdyn.com\\\/wp-content\\\/uploads\\\/2021\\\/12\\\/cropped-Webdyn-Primary-Logo-1000px.png\",\"contentUrl\":\"https:\\\/\\\/www.webdyn.com\\\/wp-content\\\/uploads\\\/2021\\\/12\\\/cropped-Webdyn-Primary-Logo-1000px.png\",\"width\":1000,\"height\":202,\"caption\":\"Webdyn\"},\"image\":{\"@id\":\"https:\\\/\\\/www.webdyn.com\\\/de\\\/en\\\/#\\\/schema\\\/logo\\\/image\\\/\"}}]}<\/script>\n<!-- \/ Yoast SEO plugin. -->","yoast_head_json":{"title":"SENS\u2019 IRRADIATION - Temperatur- und einstrahlungssensor - Webdyn","description":"Siliziumbestrahlungssensoren bieten eine kosteng\u00fcnstige, robuste und zuverl\u00e4ssige L\u00f6sung zur Messung der Sonneneinstrahlung, insbesondere zur \u00dcberwachung von Photovoltaiksystemen.","robots":{"index":"index","follow":"follow","max-snippet":"max-snippet:-1","max-image-preview":"max-image-preview:large","max-video-preview":"max-video-preview:-1"},"canonical":"https:\/\/www.webdyn.com\/de\/produkt\/sens-irradiation-temperatur-und-einstrahlungssensor\/","og_locale":"de_DE","og_type":"article","og_title":"SENS\u2019 IRRADIATION - Temperatur- und einstrahlungssensor - Webdyn","og_description":"Siliziumbestrahlungssensoren bieten eine kosteng\u00fcnstige, robuste und zuverl\u00e4ssige L\u00f6sung zur Messung der Sonneneinstrahlung, insbesondere zur \u00dcberwachung von Photovoltaiksystemen.","og_url":"https:\/\/www.webdyn.com\/de\/produkt\/sens-irradiation-temperatur-und-einstrahlungssensor\/","og_site_name":"Webdyn","article_modified_time":"2021-05-07T19:38:01+00:00","og_image":[{"width":900,"height":900,"url":"https:\/\/www.webdyn.com\/wp-content\/uploads\/2021\/05\/Sens-Irradiation-900x900-min.png","type":"image\/png"}],"twitter_card":"summary_large_image","schema":{"@context":"https:\/\/schema.org","@graph":[{"@type":"WebPage","@id":"https:\/\/www.webdyn.com\/de\/produkt\/sens-irradiation-temperatur-und-einstrahlungssensor\/","url":"https:\/\/www.webdyn.com\/de\/produkt\/sens-irradiation-temperatur-und-einstrahlungssensor\/","name":"SENS\u2019 IRRADIATION - Temperatur- und einstrahlungssensor - Webdyn","isPartOf":{"@id":"https:\/\/www.webdyn.com\/de\/en\/#website"},"primaryImageOfPage":{"@id":"https:\/\/www.webdyn.com\/de\/produkt\/sens-irradiation-temperatur-und-einstrahlungssensor\/#primaryimage"},"image":{"@id":"https:\/\/www.webdyn.com\/de\/produkt\/sens-irradiation-temperatur-und-einstrahlungssensor\/#primaryimage"},"thumbnailUrl":"https:\/\/www.webdyn.com\/wp-content\/uploads\/2021\/05\/Sens-Irradiation-900x900-min.png","datePublished":"2021-05-04T08:56:43+00:00","dateModified":"2021-05-07T19:38:01+00:00","description":"Siliziumbestrahlungssensoren bieten eine kosteng\u00fcnstige, robuste und zuverl\u00e4ssige L\u00f6sung zur Messung der Sonneneinstrahlung, insbesondere zur \u00dcberwachung von Photovoltaiksystemen.","breadcrumb":{"@id":"https:\/\/www.webdyn.com\/de\/produkt\/sens-irradiation-temperatur-und-einstrahlungssensor\/#breadcrumb"},"inLanguage":"de","potentialAction":[{"@type":"ReadAction","target":["https:\/\/www.webdyn.com\/de\/produkt\/sens-irradiation-temperatur-und-einstrahlungssensor\/"]}]},{"@type":"ImageObject","inLanguage":"de","@id":"https:\/\/www.webdyn.com\/de\/produkt\/sens-irradiation-temperatur-und-einstrahlungssensor\/#primaryimage","url":"https:\/\/www.webdyn.com\/wp-content\/uploads\/2021\/05\/Sens-Irradiation-900x900-min.png","contentUrl":"https:\/\/www.webdyn.com\/wp-content\/uploads\/2021\/05\/Sens-Irradiation-900x900-min.png","width":900,"height":900},{"@type":"BreadcrumbList","@id":"https:\/\/www.webdyn.com\/de\/produkt\/sens-irradiation-temperatur-und-einstrahlungssensor\/#breadcrumb","itemListElement":[{"@type":"ListItem","position":1,"name":"Accueil","item":"https:\/\/www.webdyn.com\/de\/"},{"@type":"ListItem","position":2,"name":"Shop","item":"https:\/\/www.webdyn.com\/de\/?page_id=2489"},{"@type":"ListItem","position":3,"name":"SENS\u2019 IRRADIATION &#8211; Temperatur- und einstrahlungssensor"}]},{"@type":"WebSite","@id":"https:\/\/www.webdyn.com\/de\/en\/#website","url":"https:\/\/www.webdyn.com\/de\/en\/","name":"Webdyn","description":"Multiprotokoll-Energiefernauslese-Gateways und -Sensoren","publisher":{"@id":"https:\/\/www.webdyn.com\/de\/en\/#organization"},"potentialAction":[{"@type":"SearchAction","target":{"@type":"EntryPoint","urlTemplate":"https:\/\/www.webdyn.com\/de\/en\/?s={search_term_string}"},"query-input":{"@type":"PropertyValueSpecification","valueRequired":true,"valueName":"search_term_string"}}],"inLanguage":"de"},{"@type":"Organization","@id":"https:\/\/www.webdyn.com\/de\/en\/#organization","name":"Webdyn","url":"https:\/\/www.webdyn.com\/de\/en\/","logo":{"@type":"ImageObject","inLanguage":"de","@id":"https:\/\/www.webdyn.com\/de\/en\/#\/schema\/logo\/image\/","url":"https:\/\/www.webdyn.com\/wp-content\/uploads\/2021\/12\/cropped-Webdyn-Primary-Logo-1000px.png","contentUrl":"https:\/\/www.webdyn.com\/wp-content\/uploads\/2021\/12\/cropped-Webdyn-Primary-Logo-1000px.png","width":1000,"height":202,"caption":"Webdyn"},"image":{"@id":"https:\/\/www.webdyn.com\/de\/en\/#\/schema\/logo\/image\/"}}]}},"_links":{"self":[{"href":"https:\/\/www.webdyn.com\/de\/wp-json\/wp\/v2\/product\/4541","targetHints":{"allow":["GET"]}}],"collection":[{"href":"https:\/\/www.webdyn.com\/de\/wp-json\/wp\/v2\/product"}],"about":[{"href":"https:\/\/www.webdyn.com\/de\/wp-json\/wp\/v2\/types\/product"}],"replies":[{"embeddable":true,"href":"https:\/\/www.webdyn.com\/de\/wp-json\/wp\/v2\/comments?post=4541"}],"wp:featuredmedia":[{"embeddable":true,"href":"https:\/\/www.webdyn.com\/de\/wp-json\/wp\/v2\/media\/4488"}],"wp:attachment":[{"href":"https:\/\/www.webdyn.com\/de\/wp-json\/wp\/v2\/media?parent=4541"}],"wp:term":[{"taxonomy":"product_brand","embeddable":true,"href":"https:\/\/www.webdyn.com\/de\/wp-json\/wp\/v2\/product_brand?post=4541"},{"taxonomy":"product_cat","embeddable":true,"href":"https:\/\/www.webdyn.com\/de\/wp-json\/wp\/v2\/product_cat?post=4541"},{"taxonomy":"product_tag","embeddable":true,"href":"https:\/\/www.webdyn.com\/de\/wp-json\/wp\/v2\/product_tag?post=4541"}],"curies":[{"name":"wp","href":"https:\/\/api.w.org\/{rel}","templated":true}]}}