{"id":12240,"date":"2021-11-30T12:34:59","date_gmt":"2021-11-30T12:34:59","guid":{"rendered":"https:\/\/webdyn-mtx.mentalworks.tech\/produit\/mtx-starroad-ii\/"},"modified":"2023-03-16T09:15:59","modified_gmt":"2023-03-16T09:15:59","slug":"mtx-starroad-ii","status":"publish","type":"product","link":"https:\/\/www.webdyn.com\/es\/producto\/mtx-starroad-ii\/","title":{"rendered":"MTX StarRoad II"},"content":{"rendered":"<p>El MTX-StarRoad II es un router IoT para Automoci\u00f3n con su envolvente y conectores adaptados a veh\u00edculos con certificaci\u00f3n ITxPT. Destaca por sus 8x entradas digitales, 4x salidas, 2x puertos RS232 \/ 485 configurables, 2x puertos CAN, Ethernet, HDMI y GPS. Adem\u00e1s, MTX-StarRoad II se puede utilizar como una plataforma Linux abierta en la que desarrollar su propia aplicaci\u00f3n. Gracias a su completo conjunto de interfaces y la posibilidad de integrar software cliente, es la soluci\u00f3n ideal para soluciones inteligentes de transporte y monitoreo de veh\u00edculos.<\/p>\n","protected":false},"excerpt":{"rendered":"<p>El MTX-StarRoad II es un router IoT para Automoci\u00f3n con su envolvente y conectores adaptados a veh\u00edculos con certificaci\u00f3n ITxPT. Destaca por sus 8x entradas digitales, 4x salidas, 2x puertos RS232 \/ 485 configurables, 2x puertos CAN, Ethernet, HDMI y GPS. Adem\u00e1s, MTX-StarRoad II se puede utilizar como una plataforma Linux abierta en la que [&hellip;]<\/p>\n","protected":false},"featured_media":12219,"comment_status":"closed","ping_status":"closed","template":"","meta":{"_acf_changed":false,"rs_blank_template":"","rs_page_bg_color":"","slide_template_v7":""},"product_brand":[],"product_cat":[190],"product_tag":[],"class_list":{"0":"post-12240","1":"product","2":"type-product","3":"status-publish","4":"has-post-thumbnail","6":"product_cat-transporte","8":"first","9":"instock","10":"shipping-taxable","11":"product-type-simple"},"acf":[],"yoast_head":"<!-- This site is optimized with the Yoast SEO plugin v27.5 - https:\/\/yoast.com\/product\/yoast-seo-wordpress\/ -->\n<title>MTX StarRoad II - Webdyn<\/title>\n<meta name=\"description\" content=\"El MTX-StarRoad II es un router IoT para Automoci\u00f3n con su envolvente y conectores adaptados a veh\u00edculos con certificaci\u00f3n ITxPT.\" \/>\n<meta name=\"robots\" content=\"index, follow, max-snippet:-1, max-image-preview:large, max-video-preview:-1\" \/>\n<link rel=\"canonical\" href=\"https:\/\/www.webdyn.com\/es\/producto\/mtx-starroad-ii\/\" \/>\n<meta property=\"og:locale\" content=\"es_ES\" \/>\n<meta property=\"og:type\" content=\"article\" \/>\n<meta property=\"og:title\" content=\"MTX StarRoad II - Webdyn\" \/>\n<meta property=\"og:description\" content=\"El MTX-StarRoad II es un router IoT para Automoci\u00f3n con su envolvente y conectores adaptados a veh\u00edculos con certificaci\u00f3n ITxPT.\" \/>\n<meta property=\"og:url\" content=\"https:\/\/www.webdyn.com\/es\/producto\/mtx-starroad-ii\/\" \/>\n<meta property=\"og:site_name\" content=\"Webdyn\" \/>\n<meta property=\"article:modified_time\" content=\"2023-03-16T09:15:59+00:00\" \/>\n<meta property=\"og:image\" content=\"https:\/\/www.webdyn.com\/wp-content\/uploads\/2021\/11\/MTX-StarRoad-II-Main-Perspective-900x900-min.png\" \/>\n\t<meta property=\"og:image:width\" content=\"900\" \/>\n\t<meta property=\"og:image:height\" content=\"900\" \/>\n\t<meta property=\"og:image:type\" content=\"image\/png\" \/>\n<meta name=\"twitter:card\" content=\"summary_large_image\" \/>\n<meta name=\"twitter:label1\" content=\"Tiempo de lectura\" \/>\n\t<meta name=\"twitter:data1\" content=\"1 minuto\" \/>\n<script type=\"application\/ld+json\" class=\"yoast-schema-graph\">{\"@context\":\"https:\\\/\\\/schema.org\",\"@graph\":[{\"@type\":\"WebPage\",\"@id\":\"https:\\\/\\\/www.webdyn.com\\\/es\\\/producto\\\/mtx-starroad-ii\\\/\",\"url\":\"https:\\\/\\\/www.webdyn.com\\\/es\\\/producto\\\/mtx-starroad-ii\\\/\",\"name\":\"MTX StarRoad II - Webdyn\",\"isPartOf\":{\"@id\":\"https:\\\/\\\/www.webdyn.com\\\/es\\\/en\\\/#website\"},\"primaryImageOfPage\":{\"@id\":\"https:\\\/\\\/www.webdyn.com\\\/es\\\/producto\\\/mtx-starroad-ii\\\/#primaryimage\"},\"image\":{\"@id\":\"https:\\\/\\\/www.webdyn.com\\\/es\\\/producto\\\/mtx-starroad-ii\\\/#primaryimage\"},\"thumbnailUrl\":\"https:\\\/\\\/www.webdyn.com\\\/wp-content\\\/uploads\\\/2021\\\/11\\\/MTX-StarRoad-II-Main-Perspective-900x900-min.png\",\"datePublished\":\"2021-11-30T12:34:59+00:00\",\"dateModified\":\"2023-03-16T09:15:59+00:00\",\"description\":\"El MTX-StarRoad II es un router IoT para Automoci\u00f3n con su envolvente y conectores adaptados a veh\u00edculos con certificaci\u00f3n ITxPT.\",\"breadcrumb\":{\"@id\":\"https:\\\/\\\/www.webdyn.com\\\/es\\\/producto\\\/mtx-starroad-ii\\\/#breadcrumb\"},\"inLanguage\":\"es\",\"potentialAction\":[{\"@type\":\"ReadAction\",\"target\":[\"https:\\\/\\\/www.webdyn.com\\\/es\\\/producto\\\/mtx-starroad-ii\\\/\"]}]},{\"@type\":\"ImageObject\",\"inLanguage\":\"es\",\"@id\":\"https:\\\/\\\/www.webdyn.com\\\/es\\\/producto\\\/mtx-starroad-ii\\\/#primaryimage\",\"url\":\"https:\\\/\\\/www.webdyn.com\\\/wp-content\\\/uploads\\\/2021\\\/11\\\/MTX-StarRoad-II-Main-Perspective-900x900-min.png\",\"contentUrl\":\"https:\\\/\\\/www.webdyn.com\\\/wp-content\\\/uploads\\\/2021\\\/11\\\/MTX-StarRoad-II-Main-Perspective-900x900-min.png\",\"width\":900,\"height\":900},{\"@type\":\"BreadcrumbList\",\"@id\":\"https:\\\/\\\/www.webdyn.com\\\/es\\\/producto\\\/mtx-starroad-ii\\\/#breadcrumb\",\"itemListElement\":[{\"@type\":\"ListItem\",\"position\":1,\"name\":\"Accueil\",\"item\":\"https:\\\/\\\/www.webdyn.com\\\/es\\\/\"},{\"@type\":\"ListItem\",\"position\":2,\"name\":\"Tienda\",\"item\":\"https:\\\/\\\/www.webdyn.com\\\/es\\\/?page_id=2535\"},{\"@type\":\"ListItem\",\"position\":3,\"name\":\"MTX StarRoad II\"}]},{\"@type\":\"WebSite\",\"@id\":\"https:\\\/\\\/www.webdyn.com\\\/es\\\/en\\\/#website\",\"url\":\"https:\\\/\\\/www.webdyn.com\\\/es\\\/en\\\/\",\"name\":\"Webdyn\",\"description\":\"Pasarelas y sensores de lectura remota de energ\u00eda multiprotocolo\",\"publisher\":{\"@id\":\"https:\\\/\\\/www.webdyn.com\\\/es\\\/en\\\/#organization\"},\"potentialAction\":[{\"@type\":\"SearchAction\",\"target\":{\"@type\":\"EntryPoint\",\"urlTemplate\":\"https:\\\/\\\/www.webdyn.com\\\/es\\\/en\\\/?s={search_term_string}\"},\"query-input\":{\"@type\":\"PropertyValueSpecification\",\"valueRequired\":true,\"valueName\":\"search_term_string\"}}],\"inLanguage\":\"es\"},{\"@type\":\"Organization\",\"@id\":\"https:\\\/\\\/www.webdyn.com\\\/es\\\/en\\\/#organization\",\"name\":\"Webdyn\",\"url\":\"https:\\\/\\\/www.webdyn.com\\\/es\\\/en\\\/\",\"logo\":{\"@type\":\"ImageObject\",\"inLanguage\":\"es\",\"@id\":\"https:\\\/\\\/www.webdyn.com\\\/es\\\/en\\\/#\\\/schema\\\/logo\\\/image\\\/\",\"url\":\"https:\\\/\\\/www.webdyn.com\\\/wp-content\\\/uploads\\\/2021\\\/12\\\/cropped-Webdyn-Primary-Logo-1000px.png\",\"contentUrl\":\"https:\\\/\\\/www.webdyn.com\\\/wp-content\\\/uploads\\\/2021\\\/12\\\/cropped-Webdyn-Primary-Logo-1000px.png\",\"width\":1000,\"height\":202,\"caption\":\"Webdyn\"},\"image\":{\"@id\":\"https:\\\/\\\/www.webdyn.com\\\/es\\\/en\\\/#\\\/schema\\\/logo\\\/image\\\/\"}}]}<\/script>\n<!-- \/ Yoast SEO plugin. -->","yoast_head_json":{"title":"MTX StarRoad II - Webdyn","description":"El MTX-StarRoad II es un router IoT para Automoci\u00f3n con su envolvente y conectores adaptados a veh\u00edculos con certificaci\u00f3n ITxPT.","robots":{"index":"index","follow":"follow","max-snippet":"max-snippet:-1","max-image-preview":"max-image-preview:large","max-video-preview":"max-video-preview:-1"},"canonical":"https:\/\/www.webdyn.com\/es\/producto\/mtx-starroad-ii\/","og_locale":"es_ES","og_type":"article","og_title":"MTX StarRoad II - Webdyn","og_description":"El MTX-StarRoad II es un router IoT para Automoci\u00f3n con su envolvente y conectores adaptados a veh\u00edculos con certificaci\u00f3n ITxPT.","og_url":"https:\/\/www.webdyn.com\/es\/producto\/mtx-starroad-ii\/","og_site_name":"Webdyn","article_modified_time":"2023-03-16T09:15:59+00:00","og_image":[{"width":900,"height":900,"url":"https:\/\/www.webdyn.com\/wp-content\/uploads\/2021\/11\/MTX-StarRoad-II-Main-Perspective-900x900-min.png","type":"image\/png"}],"twitter_card":"summary_large_image","twitter_misc":{"Tiempo de lectura":"1 minuto"},"schema":{"@context":"https:\/\/schema.org","@graph":[{"@type":"WebPage","@id":"https:\/\/www.webdyn.com\/es\/producto\/mtx-starroad-ii\/","url":"https:\/\/www.webdyn.com\/es\/producto\/mtx-starroad-ii\/","name":"MTX StarRoad II - Webdyn","isPartOf":{"@id":"https:\/\/www.webdyn.com\/es\/en\/#website"},"primaryImageOfPage":{"@id":"https:\/\/www.webdyn.com\/es\/producto\/mtx-starroad-ii\/#primaryimage"},"image":{"@id":"https:\/\/www.webdyn.com\/es\/producto\/mtx-starroad-ii\/#primaryimage"},"thumbnailUrl":"https:\/\/www.webdyn.com\/wp-content\/uploads\/2021\/11\/MTX-StarRoad-II-Main-Perspective-900x900-min.png","datePublished":"2021-11-30T12:34:59+00:00","dateModified":"2023-03-16T09:15:59+00:00","description":"El MTX-StarRoad II es un router IoT para Automoci\u00f3n con su envolvente y conectores adaptados a veh\u00edculos con certificaci\u00f3n ITxPT.","breadcrumb":{"@id":"https:\/\/www.webdyn.com\/es\/producto\/mtx-starroad-ii\/#breadcrumb"},"inLanguage":"es","potentialAction":[{"@type":"ReadAction","target":["https:\/\/www.webdyn.com\/es\/producto\/mtx-starroad-ii\/"]}]},{"@type":"ImageObject","inLanguage":"es","@id":"https:\/\/www.webdyn.com\/es\/producto\/mtx-starroad-ii\/#primaryimage","url":"https:\/\/www.webdyn.com\/wp-content\/uploads\/2021\/11\/MTX-StarRoad-II-Main-Perspective-900x900-min.png","contentUrl":"https:\/\/www.webdyn.com\/wp-content\/uploads\/2021\/11\/MTX-StarRoad-II-Main-Perspective-900x900-min.png","width":900,"height":900},{"@type":"BreadcrumbList","@id":"https:\/\/www.webdyn.com\/es\/producto\/mtx-starroad-ii\/#breadcrumb","itemListElement":[{"@type":"ListItem","position":1,"name":"Accueil","item":"https:\/\/www.webdyn.com\/es\/"},{"@type":"ListItem","position":2,"name":"Tienda","item":"https:\/\/www.webdyn.com\/es\/?page_id=2535"},{"@type":"ListItem","position":3,"name":"MTX StarRoad II"}]},{"@type":"WebSite","@id":"https:\/\/www.webdyn.com\/es\/en\/#website","url":"https:\/\/www.webdyn.com\/es\/en\/","name":"Webdyn","description":"Pasarelas y sensores de lectura remota de energ\u00eda multiprotocolo","publisher":{"@id":"https:\/\/www.webdyn.com\/es\/en\/#organization"},"potentialAction":[{"@type":"SearchAction","target":{"@type":"EntryPoint","urlTemplate":"https:\/\/www.webdyn.com\/es\/en\/?s={search_term_string}"},"query-input":{"@type":"PropertyValueSpecification","valueRequired":true,"valueName":"search_term_string"}}],"inLanguage":"es"},{"@type":"Organization","@id":"https:\/\/www.webdyn.com\/es\/en\/#organization","name":"Webdyn","url":"https:\/\/www.webdyn.com\/es\/en\/","logo":{"@type":"ImageObject","inLanguage":"es","@id":"https:\/\/www.webdyn.com\/es\/en\/#\/schema\/logo\/image\/","url":"https:\/\/www.webdyn.com\/wp-content\/uploads\/2021\/12\/cropped-Webdyn-Primary-Logo-1000px.png","contentUrl":"https:\/\/www.webdyn.com\/wp-content\/uploads\/2021\/12\/cropped-Webdyn-Primary-Logo-1000px.png","width":1000,"height":202,"caption":"Webdyn"},"image":{"@id":"https:\/\/www.webdyn.com\/es\/en\/#\/schema\/logo\/image\/"}}]}},"_links":{"self":[{"href":"https:\/\/www.webdyn.com\/es\/wp-json\/wp\/v2\/product\/12240","targetHints":{"allow":["GET"]}}],"collection":[{"href":"https:\/\/www.webdyn.com\/es\/wp-json\/wp\/v2\/product"}],"about":[{"href":"https:\/\/www.webdyn.com\/es\/wp-json\/wp\/v2\/types\/product"}],"replies":[{"embeddable":true,"href":"https:\/\/www.webdyn.com\/es\/wp-json\/wp\/v2\/comments?post=12240"}],"wp:featuredmedia":[{"embeddable":true,"href":"https:\/\/www.webdyn.com\/es\/wp-json\/wp\/v2\/media\/12219"}],"wp:attachment":[{"href":"https:\/\/www.webdyn.com\/es\/wp-json\/wp\/v2\/media?parent=12240"}],"wp:term":[{"taxonomy":"product_brand","embeddable":true,"href":"https:\/\/www.webdyn.com\/es\/wp-json\/wp\/v2\/product_brand?post=12240"},{"taxonomy":"product_cat","embeddable":true,"href":"https:\/\/www.webdyn.com\/es\/wp-json\/wp\/v2\/product_cat?post=12240"},{"taxonomy":"product_tag","embeddable":true,"href":"https:\/\/www.webdyn.com\/es\/wp-json\/wp\/v2\/product_tag?post=12240"}],"curies":[{"name":"wp","href":"https:\/\/api.w.org\/{rel}","templated":true}]}}