{"id":2461,"date":"2021-02-24T09:24:40","date_gmt":"2021-02-24T09:24:40","guid":{"rendered":"https:\/\/www.webdyn.com\/webdyn-2021\/produit\/webdyneasy-w-m-bus\/"},"modified":"2025-07-02T13:18:48","modified_gmt":"2025-07-02T13:18:48","slug":"webdyneasy-w-m-bus","status":"publish","type":"product","link":"https:\/\/www.webdyn.com\/es\/producto\/webdyneasy-w-m-bus\/","title":{"rendered":"WebdynEasy W M-Bus"},"content":{"rendered":"<p>El concentrador WebdynEasy W M-Bus 868MHz o 434MHz est\u00e1 dise\u00f1ado para redes inal\u00e1mbricas que utilizan tecnolog\u00eda de radio Wireless M-Bus. Sus funciones principales son la recopilaci\u00f3n aut\u00f3noma de datos de medidores o sensores inal\u00e1mbricos M-Bus. La facilidad de instalaci\u00f3n permite ser eficiente en campo de inmediato. Este nuevo producto funciona con una bater\u00eda con autonom\u00eda de hasta 10 a\u00f1os.<br \/>\nTras una sencilla configuraci\u00f3n, puede iniciarse autom\u00e1ticamente o con un im\u00e1n. Se puede ejecutar de forma remota y sube los archivos a un servidor FTP mediante NB, LTE-M o GSM.<\/p>\n","protected":false},"excerpt":{"rendered":"<p>El concentrador WebdynEasy W M-Bus 868MHz o 434MHz est\u00e1 dise\u00f1ado para redes inal\u00e1mbricas que utilizan tecnolog\u00eda de radio Wireless M-Bus. Sus funciones principales son la recopilaci\u00f3n aut\u00f3noma de datos de medidores o sensores inal\u00e1mbricos M-Bus. La facilidad de instalaci\u00f3n permite ser eficiente en campo de inmediato. Este nuevo producto funciona con una bater\u00eda con autonom\u00eda [&hellip;]<\/p>\n","protected":false},"featured_media":726165,"comment_status":"closed","ping_status":"closed","template":"","meta":{"_acf_changed":false,"rs_blank_template":"","rs_page_bg_color":"","slide_template_v7":""},"product_brand":[],"product_cat":[88],"product_tag":[],"class_list":{"0":"post-2461","1":"product","2":"type-product","3":"status-publish","4":"has-post-thumbnail","6":"product_cat-smart-building-y-home","8":"first","9":"instock","10":"shipping-taxable","11":"purchasable","12":"product-type-simple"},"acf":[],"yoast_head":"<!-- This site is optimized with the Yoast SEO plugin v27.5 - https:\/\/yoast.com\/product\/yoast-seo-wordpress\/ -->\n<title>WebdynEasy W M-Bus - Webdyn<\/title>\n<meta name=\"description\" content=\"La puerta de enlace WebdynEasy W M-Bus 868MHz recopila datos de medidores, equipos o sensores y controla sus entradas \/ salidas\" \/>\n<meta name=\"robots\" content=\"index, follow, max-snippet:-1, max-image-preview:large, max-video-preview:-1\" \/>\n<link rel=\"canonical\" href=\"https:\/\/www.webdyn.com\/es\/producto\/webdyneasy-w-m-bus\/\" \/>\n<meta property=\"og:locale\" content=\"es_ES\" \/>\n<meta property=\"og:type\" content=\"article\" \/>\n<meta property=\"og:title\" content=\"WebdynEasy W M-Bus - Webdyn\" \/>\n<meta property=\"og:description\" content=\"La puerta de enlace WebdynEasy W M-Bus 868MHz recopila datos de medidores, equipos o sensores y controla sus entradas \/ salidas\" \/>\n<meta property=\"og:url\" content=\"https:\/\/www.webdyn.com\/es\/producto\/webdyneasy-w-m-bus\/\" \/>\n<meta property=\"og:site_name\" content=\"Webdyn\" \/>\n<meta property=\"article:modified_time\" content=\"2025-07-02T13:18:48+00:00\" \/>\n<meta property=\"og:image\" content=\"https:\/\/www.webdyn.com\/wp-content\/uploads\/2021\/02\/WebdynEasy-W-M-Bus_900x900px.png\" \/>\n\t<meta property=\"og:image:width\" content=\"900\" \/>\n\t<meta property=\"og:image:height\" content=\"900\" \/>\n\t<meta property=\"og:image:type\" content=\"image\/png\" \/>\n<meta name=\"twitter:card\" content=\"summary_large_image\" \/>\n<meta name=\"twitter:label1\" content=\"Tiempo de lectura\" \/>\n\t<meta name=\"twitter:data1\" content=\"1 minuto\" \/>\n<script type=\"application\/ld+json\" class=\"yoast-schema-graph\">{\"@context\":\"https:\\\/\\\/schema.org\",\"@graph\":[{\"@type\":\"WebPage\",\"@id\":\"https:\\\/\\\/www.webdyn.com\\\/es\\\/producto\\\/webdyneasy-w-m-bus\\\/\",\"url\":\"https:\\\/\\\/www.webdyn.com\\\/es\\\/producto\\\/webdyneasy-w-m-bus\\\/\",\"name\":\"WebdynEasy W M-Bus - Webdyn\",\"isPartOf\":{\"@id\":\"https:\\\/\\\/www.webdyn.com\\\/es\\\/en\\\/#website\"},\"primaryImageOfPage\":{\"@id\":\"https:\\\/\\\/www.webdyn.com\\\/es\\\/producto\\\/webdyneasy-w-m-bus\\\/#primaryimage\"},\"image\":{\"@id\":\"https:\\\/\\\/www.webdyn.com\\\/es\\\/producto\\\/webdyneasy-w-m-bus\\\/#primaryimage\"},\"thumbnailUrl\":\"https:\\\/\\\/www.webdyn.com\\\/wp-content\\\/uploads\\\/2021\\\/02\\\/WebdynEasy-W-M-Bus_900x900px.png\",\"datePublished\":\"2021-02-24T09:24:40+00:00\",\"dateModified\":\"2025-07-02T13:18:48+00:00\",\"description\":\"La puerta de enlace WebdynEasy W M-Bus 868MHz recopila datos de medidores, equipos o sensores y controla sus entradas \\\/ salidas\",\"breadcrumb\":{\"@id\":\"https:\\\/\\\/www.webdyn.com\\\/es\\\/producto\\\/webdyneasy-w-m-bus\\\/#breadcrumb\"},\"inLanguage\":\"es\",\"potentialAction\":[{\"@type\":\"ReadAction\",\"target\":[\"https:\\\/\\\/www.webdyn.com\\\/es\\\/producto\\\/webdyneasy-w-m-bus\\\/\"]}]},{\"@type\":\"ImageObject\",\"inLanguage\":\"es\",\"@id\":\"https:\\\/\\\/www.webdyn.com\\\/es\\\/producto\\\/webdyneasy-w-m-bus\\\/#primaryimage\",\"url\":\"https:\\\/\\\/www.webdyn.com\\\/wp-content\\\/uploads\\\/2021\\\/02\\\/WebdynEasy-W-M-Bus_900x900px.png\",\"contentUrl\":\"https:\\\/\\\/www.webdyn.com\\\/wp-content\\\/uploads\\\/2021\\\/02\\\/WebdynEasy-W-M-Bus_900x900px.png\",\"width\":900,\"height\":900},{\"@type\":\"BreadcrumbList\",\"@id\":\"https:\\\/\\\/www.webdyn.com\\\/es\\\/producto\\\/webdyneasy-w-m-bus\\\/#breadcrumb\",\"itemListElement\":[{\"@type\":\"ListItem\",\"position\":1,\"name\":\"Accueil\",\"item\":\"https:\\\/\\\/www.webdyn.com\\\/es\\\/\"},{\"@type\":\"ListItem\",\"position\":2,\"name\":\"Tienda\",\"item\":\"https:\\\/\\\/www.webdyn.com\\\/es\\\/?page_id=2535\"},{\"@type\":\"ListItem\",\"position\":3,\"name\":\"WebdynEasy W M-Bus\"}]},{\"@type\":\"WebSite\",\"@id\":\"https:\\\/\\\/www.webdyn.com\\\/es\\\/en\\\/#website\",\"url\":\"https:\\\/\\\/www.webdyn.com\\\/es\\\/en\\\/\",\"name\":\"Webdyn\",\"description\":\"Pasarelas y sensores de lectura remota de energ\u00eda multiprotocolo\",\"publisher\":{\"@id\":\"https:\\\/\\\/www.webdyn.com\\\/es\\\/en\\\/#organization\"},\"potentialAction\":[{\"@type\":\"SearchAction\",\"target\":{\"@type\":\"EntryPoint\",\"urlTemplate\":\"https:\\\/\\\/www.webdyn.com\\\/es\\\/en\\\/?s={search_term_string}\"},\"query-input\":{\"@type\":\"PropertyValueSpecification\",\"valueRequired\":true,\"valueName\":\"search_term_string\"}}],\"inLanguage\":\"es\"},{\"@type\":\"Organization\",\"@id\":\"https:\\\/\\\/www.webdyn.com\\\/es\\\/en\\\/#organization\",\"name\":\"Webdyn\",\"url\":\"https:\\\/\\\/www.webdyn.com\\\/es\\\/en\\\/\",\"logo\":{\"@type\":\"ImageObject\",\"inLanguage\":\"es\",\"@id\":\"https:\\\/\\\/www.webdyn.com\\\/es\\\/en\\\/#\\\/schema\\\/logo\\\/image\\\/\",\"url\":\"https:\\\/\\\/www.webdyn.com\\\/wp-content\\\/uploads\\\/2021\\\/12\\\/cropped-Webdyn-Primary-Logo-1000px.png\",\"contentUrl\":\"https:\\\/\\\/www.webdyn.com\\\/wp-content\\\/uploads\\\/2021\\\/12\\\/cropped-Webdyn-Primary-Logo-1000px.png\",\"width\":1000,\"height\":202,\"caption\":\"Webdyn\"},\"image\":{\"@id\":\"https:\\\/\\\/www.webdyn.com\\\/es\\\/en\\\/#\\\/schema\\\/logo\\\/image\\\/\"}}]}<\/script>\n<!-- \/ Yoast SEO plugin. -->","yoast_head_json":{"title":"WebdynEasy W M-Bus - Webdyn","description":"La puerta de enlace WebdynEasy W M-Bus 868MHz recopila datos de medidores, equipos o sensores y controla sus entradas \/ salidas","robots":{"index":"index","follow":"follow","max-snippet":"max-snippet:-1","max-image-preview":"max-image-preview:large","max-video-preview":"max-video-preview:-1"},"canonical":"https:\/\/www.webdyn.com\/es\/producto\/webdyneasy-w-m-bus\/","og_locale":"es_ES","og_type":"article","og_title":"WebdynEasy W M-Bus - Webdyn","og_description":"La puerta de enlace WebdynEasy W M-Bus 868MHz recopila datos de medidores, equipos o sensores y controla sus entradas \/ salidas","og_url":"https:\/\/www.webdyn.com\/es\/producto\/webdyneasy-w-m-bus\/","og_site_name":"Webdyn","article_modified_time":"2025-07-02T13:18:48+00:00","og_image":[{"width":900,"height":900,"url":"https:\/\/www.webdyn.com\/wp-content\/uploads\/2021\/02\/WebdynEasy-W-M-Bus_900x900px.png","type":"image\/png"}],"twitter_card":"summary_large_image","twitter_misc":{"Tiempo de lectura":"1 minuto"},"schema":{"@context":"https:\/\/schema.org","@graph":[{"@type":"WebPage","@id":"https:\/\/www.webdyn.com\/es\/producto\/webdyneasy-w-m-bus\/","url":"https:\/\/www.webdyn.com\/es\/producto\/webdyneasy-w-m-bus\/","name":"WebdynEasy W M-Bus - Webdyn","isPartOf":{"@id":"https:\/\/www.webdyn.com\/es\/en\/#website"},"primaryImageOfPage":{"@id":"https:\/\/www.webdyn.com\/es\/producto\/webdyneasy-w-m-bus\/#primaryimage"},"image":{"@id":"https:\/\/www.webdyn.com\/es\/producto\/webdyneasy-w-m-bus\/#primaryimage"},"thumbnailUrl":"https:\/\/www.webdyn.com\/wp-content\/uploads\/2021\/02\/WebdynEasy-W-M-Bus_900x900px.png","datePublished":"2021-02-24T09:24:40+00:00","dateModified":"2025-07-02T13:18:48+00:00","description":"La puerta de enlace WebdynEasy W M-Bus 868MHz recopila datos de medidores, equipos o sensores y controla sus entradas \/ salidas","breadcrumb":{"@id":"https:\/\/www.webdyn.com\/es\/producto\/webdyneasy-w-m-bus\/#breadcrumb"},"inLanguage":"es","potentialAction":[{"@type":"ReadAction","target":["https:\/\/www.webdyn.com\/es\/producto\/webdyneasy-w-m-bus\/"]}]},{"@type":"ImageObject","inLanguage":"es","@id":"https:\/\/www.webdyn.com\/es\/producto\/webdyneasy-w-m-bus\/#primaryimage","url":"https:\/\/www.webdyn.com\/wp-content\/uploads\/2021\/02\/WebdynEasy-W-M-Bus_900x900px.png","contentUrl":"https:\/\/www.webdyn.com\/wp-content\/uploads\/2021\/02\/WebdynEasy-W-M-Bus_900x900px.png","width":900,"height":900},{"@type":"BreadcrumbList","@id":"https:\/\/www.webdyn.com\/es\/producto\/webdyneasy-w-m-bus\/#breadcrumb","itemListElement":[{"@type":"ListItem","position":1,"name":"Accueil","item":"https:\/\/www.webdyn.com\/es\/"},{"@type":"ListItem","position":2,"name":"Tienda","item":"https:\/\/www.webdyn.com\/es\/?page_id=2535"},{"@type":"ListItem","position":3,"name":"WebdynEasy W M-Bus"}]},{"@type":"WebSite","@id":"https:\/\/www.webdyn.com\/es\/en\/#website","url":"https:\/\/www.webdyn.com\/es\/en\/","name":"Webdyn","description":"Pasarelas y sensores de lectura remota de energ\u00eda multiprotocolo","publisher":{"@id":"https:\/\/www.webdyn.com\/es\/en\/#organization"},"potentialAction":[{"@type":"SearchAction","target":{"@type":"EntryPoint","urlTemplate":"https:\/\/www.webdyn.com\/es\/en\/?s={search_term_string}"},"query-input":{"@type":"PropertyValueSpecification","valueRequired":true,"valueName":"search_term_string"}}],"inLanguage":"es"},{"@type":"Organization","@id":"https:\/\/www.webdyn.com\/es\/en\/#organization","name":"Webdyn","url":"https:\/\/www.webdyn.com\/es\/en\/","logo":{"@type":"ImageObject","inLanguage":"es","@id":"https:\/\/www.webdyn.com\/es\/en\/#\/schema\/logo\/image\/","url":"https:\/\/www.webdyn.com\/wp-content\/uploads\/2021\/12\/cropped-Webdyn-Primary-Logo-1000px.png","contentUrl":"https:\/\/www.webdyn.com\/wp-content\/uploads\/2021\/12\/cropped-Webdyn-Primary-Logo-1000px.png","width":1000,"height":202,"caption":"Webdyn"},"image":{"@id":"https:\/\/www.webdyn.com\/es\/en\/#\/schema\/logo\/image\/"}}]}},"_links":{"self":[{"href":"https:\/\/www.webdyn.com\/es\/wp-json\/wp\/v2\/product\/2461","targetHints":{"allow":["GET"]}}],"collection":[{"href":"https:\/\/www.webdyn.com\/es\/wp-json\/wp\/v2\/product"}],"about":[{"href":"https:\/\/www.webdyn.com\/es\/wp-json\/wp\/v2\/types\/product"}],"replies":[{"embeddable":true,"href":"https:\/\/www.webdyn.com\/es\/wp-json\/wp\/v2\/comments?post=2461"}],"wp:featuredmedia":[{"embeddable":true,"href":"https:\/\/www.webdyn.com\/es\/wp-json\/wp\/v2\/media\/726165"}],"wp:attachment":[{"href":"https:\/\/www.webdyn.com\/es\/wp-json\/wp\/v2\/media?parent=2461"}],"wp:term":[{"taxonomy":"product_brand","embeddable":true,"href":"https:\/\/www.webdyn.com\/es\/wp-json\/wp\/v2\/product_brand?post=2461"},{"taxonomy":"product_cat","embeddable":true,"href":"https:\/\/www.webdyn.com\/es\/wp-json\/wp\/v2\/product_cat?post=2461"},{"taxonomy":"product_tag","embeddable":true,"href":"https:\/\/www.webdyn.com\/es\/wp-json\/wp\/v2\/product_tag?post=2461"}],"curies":[{"name":"wp","href":"https:\/\/api.w.org\/{rel}","templated":true}]}}