{"id":4521,"date":"2021-05-04T09:02:30","date_gmt":"2021-05-04T09:02:30","guid":{"rendered":"https:\/\/www.webdyn.com\/webdyn-2021\/produit\/sens-ios-esclave-modbus-8-entrees-6-sorties-digitales\/"},"modified":"2021-06-18T14:04:38","modified_gmt":"2021-06-18T14:04:38","slug":"sens-ios-esclavo-modbus-8-entradas-6-salidas-digitales","status":"publish","type":"product","link":"https:\/\/www.webdyn.com\/es\/producto\/sens-ios-esclavo-modbus-8-entradas-6-salidas-digitales\/","title":{"rendered":"SENS\u2019 IOS &#8211; Esclavo modbus 8 entradas\/6 salidas digitales"},"content":{"rendered":"<p><span class=\"TextRun SCXW218785061 BCX0\" lang=\"ES-ES\" xml:lang=\"ES-ES\" data-contrast=\"auto\"><span class=\"NormalTextRun SCXW218785061 BCX0\" data-ccp-parastyle=\"No Spacing\">El m\u00f3dulo comprende 8 v\u00edas para entradas de colector abierto, contacto seco, contacto h\u00famedo, aisladas y 6 v\u00edas para salidas de colector abierto, aisladas.<\/span><\/span><span class=\"TextRun SCXW218785061 BCX0\" lang=\"ES-ES\" xml:lang=\"ES-ES\" data-contrast=\"auto\"><span class=\"NormalTextRun SCXW218785061 BCX0\" data-ccp-parastyle=\"No Spacing\">\u00a0<\/span><\/span><span class=\"TextRun SCXW218785061 BCX0\" lang=\"ES-ES\" xml:lang=\"ES-ES\" data-contrast=\"auto\"><span class=\"NormalTextRun SCXW218785061 BCX0\" data-ccp-parastyle=\"No Spacing\">El BUS de salida, de tipo RS485, comprende una protecci\u00f3n contra las sobretensiones para reducir la interferencia por un puerto de comunicaci\u00f3n serie.<\/span><\/span><span class=\"TextRun SCXW218785061 BCX0\" lang=\"ES-ES\" xml:lang=\"ES-ES\" data-contrast=\"auto\"><span class=\"NormalTextRun SCXW218785061 BCX0\" data-ccp-parastyle=\"No Spacing\">\u00a0<\/span><\/span><span class=\"TextRun SCXW218785061 BCX0\" lang=\"ES-ES\" xml:lang=\"ES-ES\" data-contrast=\"auto\"><span class=\"NormalTextRun SCXW218785061 BCX0\" data-ccp-parastyle=\"No Spacing\">La salida es aislada por optoacopladores de alta velocidad.<\/span><\/span><span class=\"TextRun SCXW218785061 BCX0\" lang=\"ES-ES\" xml:lang=\"ES-ES\" data-contrast=\"auto\"><span class=\"NormalTextRun SCXW218785061 BCX0\" data-ccp-parastyle=\"No Spacing\">\u00a0<\/span><\/span><span class=\"TextRun SCXW218785061 BCX0\" lang=\"ES-ES\" xml:lang=\"ES-ES\" data-contrast=\"auto\"><span class=\"NormalTextRun SCXW218785061 BCX0\" data-ccp-parastyle=\"No Spacing\">Los m\u00f3dulos son equipos esclavos que se pueden controlar con facilidad por gateways <\/span><span class=\"NormalTextRun SpellingErrorV2 SCXW218785061 BCX0\" data-ccp-parastyle=\"No Spacing\">Webdyn<\/span><span class=\"NormalTextRun SCXW218785061 BCX0\" data-ccp-parastyle=\"No Spacing\">.<\/span><\/span><span class=\"EOP SCXW218785061 BCX0\" data-ccp-props=\"{&quot;201341983&quot;:0,&quot;335559739&quot;:0,&quot;335559740&quot;:240}\">\u00a0<\/span><\/p>\n","protected":false},"excerpt":{"rendered":"<p>El m\u00f3dulo comprende 8 v\u00edas para entradas de colector abierto, contacto seco, contacto h\u00famedo, aisladas y 6 v\u00edas para salidas de colector abierto, aisladas.\u00a0El BUS de salida, de tipo RS485, comprende una protecci\u00f3n contra las sobretensiones para reducir la interferencia por un puerto de comunicaci\u00f3n serie.\u00a0La salida es aislada por optoacopladores de alta velocidad.\u00a0Los m\u00f3dulos [&hellip;]<\/p>\n","protected":false},"featured_media":4458,"comment_status":"closed","ping_status":"closed","template":"","meta":{"_acf_changed":false,"rs_blank_template":"","rs_page_bg_color":"","slide_template_v7":""},"product_brand":[],"product_cat":[133],"product_tag":[],"class_list":{"0":"post-4521","1":"product","2":"type-product","3":"status-publish","4":"has-post-thumbnail","6":"product_cat-accesorios","8":"first","9":"instock","10":"shipping-taxable","11":"product-type-simple"},"acf":[],"yoast_head":"<!-- This site is optimized with the Yoast SEO plugin v27.5 - https:\/\/yoast.com\/product\/yoast-seo-wordpress\/ -->\n<title>SENS\u2019 IOS - Esclavo modbus 8 entradas\/6 salidas digitales - Webdyn<\/title>\n<meta name=\"description\" content=\"Esclavo Modbus con 8 entradas de colector abierto, contacto seco o h\u00famedo, aislado y 6 salidas de colector abierto, aislado con bus RS485\" \/>\n<meta name=\"robots\" content=\"index, follow, max-snippet:-1, max-image-preview:large, max-video-preview:-1\" \/>\n<link rel=\"canonical\" href=\"https:\/\/www.webdyn.com\/es\/producto\/sens-ios-esclavo-modbus-8-entradas-6-salidas-digitales\/\" \/>\n<meta property=\"og:locale\" content=\"es_ES\" \/>\n<meta property=\"og:type\" content=\"article\" \/>\n<meta property=\"og:title\" content=\"SENS\u2019 IOS - Esclavo modbus 8 entradas\/6 salidas digitales - Webdyn\" \/>\n<meta property=\"og:description\" content=\"Esclavo Modbus con 8 entradas de colector abierto, contacto seco o h\u00famedo, aislado y 6 salidas de colector abierto, aislado con bus RS485\" \/>\n<meta property=\"og:url\" content=\"https:\/\/www.webdyn.com\/es\/producto\/sens-ios-esclavo-modbus-8-entradas-6-salidas-digitales\/\" \/>\n<meta property=\"og:site_name\" content=\"Webdyn\" \/>\n<meta property=\"article:modified_time\" content=\"2021-06-18T14:04:38+00:00\" \/>\n<meta property=\"og:image\" content=\"https:\/\/www.webdyn.com\/wp-content\/uploads\/2021\/05\/SensIOS-esclave-modbus-8-entrees-et-6-sorties-900x900-min.png\" \/>\n\t<meta property=\"og:image:width\" content=\"900\" \/>\n\t<meta property=\"og:image:height\" content=\"900\" \/>\n\t<meta property=\"og:image:type\" content=\"image\/png\" \/>\n<meta name=\"twitter:card\" content=\"summary_large_image\" \/>\n<meta name=\"twitter:label1\" content=\"Tiempo de lectura\" \/>\n\t<meta name=\"twitter:data1\" content=\"1 minuto\" \/>\n<script type=\"application\/ld+json\" class=\"yoast-schema-graph\">{\"@context\":\"https:\\\/\\\/schema.org\",\"@graph\":[{\"@type\":\"WebPage\",\"@id\":\"https:\\\/\\\/www.webdyn.com\\\/es\\\/producto\\\/sens-ios-esclavo-modbus-8-entradas-6-salidas-digitales\\\/\",\"url\":\"https:\\\/\\\/www.webdyn.com\\\/es\\\/producto\\\/sens-ios-esclavo-modbus-8-entradas-6-salidas-digitales\\\/\",\"name\":\"SENS\u2019 IOS - Esclavo modbus 8 entradas\\\/6 salidas digitales - Webdyn\",\"isPartOf\":{\"@id\":\"https:\\\/\\\/www.webdyn.com\\\/es\\\/en\\\/#website\"},\"primaryImageOfPage\":{\"@id\":\"https:\\\/\\\/www.webdyn.com\\\/es\\\/producto\\\/sens-ios-esclavo-modbus-8-entradas-6-salidas-digitales\\\/#primaryimage\"},\"image\":{\"@id\":\"https:\\\/\\\/www.webdyn.com\\\/es\\\/producto\\\/sens-ios-esclavo-modbus-8-entradas-6-salidas-digitales\\\/#primaryimage\"},\"thumbnailUrl\":\"https:\\\/\\\/www.webdyn.com\\\/wp-content\\\/uploads\\\/2021\\\/05\\\/SensIOS-esclave-modbus-8-entrees-et-6-sorties-900x900-min.png\",\"datePublished\":\"2021-05-04T09:02:30+00:00\",\"dateModified\":\"2021-06-18T14:04:38+00:00\",\"description\":\"Esclavo Modbus con 8 entradas de colector abierto, contacto seco o h\u00famedo, aislado y 6 salidas de colector abierto, aislado con bus RS485\",\"breadcrumb\":{\"@id\":\"https:\\\/\\\/www.webdyn.com\\\/es\\\/producto\\\/sens-ios-esclavo-modbus-8-entradas-6-salidas-digitales\\\/#breadcrumb\"},\"inLanguage\":\"es\",\"potentialAction\":[{\"@type\":\"ReadAction\",\"target\":[\"https:\\\/\\\/www.webdyn.com\\\/es\\\/producto\\\/sens-ios-esclavo-modbus-8-entradas-6-salidas-digitales\\\/\"]}]},{\"@type\":\"ImageObject\",\"inLanguage\":\"es\",\"@id\":\"https:\\\/\\\/www.webdyn.com\\\/es\\\/producto\\\/sens-ios-esclavo-modbus-8-entradas-6-salidas-digitales\\\/#primaryimage\",\"url\":\"https:\\\/\\\/www.webdyn.com\\\/wp-content\\\/uploads\\\/2021\\\/05\\\/SensIOS-esclave-modbus-8-entrees-et-6-sorties-900x900-min.png\",\"contentUrl\":\"https:\\\/\\\/www.webdyn.com\\\/wp-content\\\/uploads\\\/2021\\\/05\\\/SensIOS-esclave-modbus-8-entrees-et-6-sorties-900x900-min.png\",\"width\":900,\"height\":900},{\"@type\":\"BreadcrumbList\",\"@id\":\"https:\\\/\\\/www.webdyn.com\\\/es\\\/producto\\\/sens-ios-esclavo-modbus-8-entradas-6-salidas-digitales\\\/#breadcrumb\",\"itemListElement\":[{\"@type\":\"ListItem\",\"position\":1,\"name\":\"Accueil\",\"item\":\"https:\\\/\\\/www.webdyn.com\\\/es\\\/\"},{\"@type\":\"ListItem\",\"position\":2,\"name\":\"Tienda\",\"item\":\"https:\\\/\\\/www.webdyn.com\\\/es\\\/?page_id=2535\"},{\"@type\":\"ListItem\",\"position\":3,\"name\":\"SENS\u2019 IOS &#8211; Esclavo modbus 8 entradas\\\/6 salidas digitales\"}]},{\"@type\":\"WebSite\",\"@id\":\"https:\\\/\\\/www.webdyn.com\\\/es\\\/en\\\/#website\",\"url\":\"https:\\\/\\\/www.webdyn.com\\\/es\\\/en\\\/\",\"name\":\"Webdyn\",\"description\":\"Pasarelas y sensores de lectura remota de energ\u00eda multiprotocolo\",\"publisher\":{\"@id\":\"https:\\\/\\\/www.webdyn.com\\\/es\\\/en\\\/#organization\"},\"potentialAction\":[{\"@type\":\"SearchAction\",\"target\":{\"@type\":\"EntryPoint\",\"urlTemplate\":\"https:\\\/\\\/www.webdyn.com\\\/es\\\/en\\\/?s={search_term_string}\"},\"query-input\":{\"@type\":\"PropertyValueSpecification\",\"valueRequired\":true,\"valueName\":\"search_term_string\"}}],\"inLanguage\":\"es\"},{\"@type\":\"Organization\",\"@id\":\"https:\\\/\\\/www.webdyn.com\\\/es\\\/en\\\/#organization\",\"name\":\"Webdyn\",\"url\":\"https:\\\/\\\/www.webdyn.com\\\/es\\\/en\\\/\",\"logo\":{\"@type\":\"ImageObject\",\"inLanguage\":\"es\",\"@id\":\"https:\\\/\\\/www.webdyn.com\\\/es\\\/en\\\/#\\\/schema\\\/logo\\\/image\\\/\",\"url\":\"https:\\\/\\\/www.webdyn.com\\\/wp-content\\\/uploads\\\/2021\\\/12\\\/cropped-Webdyn-Primary-Logo-1000px.png\",\"contentUrl\":\"https:\\\/\\\/www.webdyn.com\\\/wp-content\\\/uploads\\\/2021\\\/12\\\/cropped-Webdyn-Primary-Logo-1000px.png\",\"width\":1000,\"height\":202,\"caption\":\"Webdyn\"},\"image\":{\"@id\":\"https:\\\/\\\/www.webdyn.com\\\/es\\\/en\\\/#\\\/schema\\\/logo\\\/image\\\/\"}}]}<\/script>\n<!-- \/ Yoast SEO plugin. -->","yoast_head_json":{"title":"SENS\u2019 IOS - Esclavo modbus 8 entradas\/6 salidas digitales - Webdyn","description":"Esclavo Modbus con 8 entradas de colector abierto, contacto seco o h\u00famedo, aislado y 6 salidas de colector abierto, aislado con bus RS485","robots":{"index":"index","follow":"follow","max-snippet":"max-snippet:-1","max-image-preview":"max-image-preview:large","max-video-preview":"max-video-preview:-1"},"canonical":"https:\/\/www.webdyn.com\/es\/producto\/sens-ios-esclavo-modbus-8-entradas-6-salidas-digitales\/","og_locale":"es_ES","og_type":"article","og_title":"SENS\u2019 IOS - Esclavo modbus 8 entradas\/6 salidas digitales - Webdyn","og_description":"Esclavo Modbus con 8 entradas de colector abierto, contacto seco o h\u00famedo, aislado y 6 salidas de colector abierto, aislado con bus RS485","og_url":"https:\/\/www.webdyn.com\/es\/producto\/sens-ios-esclavo-modbus-8-entradas-6-salidas-digitales\/","og_site_name":"Webdyn","article_modified_time":"2021-06-18T14:04:38+00:00","og_image":[{"width":900,"height":900,"url":"https:\/\/www.webdyn.com\/wp-content\/uploads\/2021\/05\/SensIOS-esclave-modbus-8-entrees-et-6-sorties-900x900-min.png","type":"image\/png"}],"twitter_card":"summary_large_image","twitter_misc":{"Tiempo de lectura":"1 minuto"},"schema":{"@context":"https:\/\/schema.org","@graph":[{"@type":"WebPage","@id":"https:\/\/www.webdyn.com\/es\/producto\/sens-ios-esclavo-modbus-8-entradas-6-salidas-digitales\/","url":"https:\/\/www.webdyn.com\/es\/producto\/sens-ios-esclavo-modbus-8-entradas-6-salidas-digitales\/","name":"SENS\u2019 IOS - Esclavo modbus 8 entradas\/6 salidas digitales - Webdyn","isPartOf":{"@id":"https:\/\/www.webdyn.com\/es\/en\/#website"},"primaryImageOfPage":{"@id":"https:\/\/www.webdyn.com\/es\/producto\/sens-ios-esclavo-modbus-8-entradas-6-salidas-digitales\/#primaryimage"},"image":{"@id":"https:\/\/www.webdyn.com\/es\/producto\/sens-ios-esclavo-modbus-8-entradas-6-salidas-digitales\/#primaryimage"},"thumbnailUrl":"https:\/\/www.webdyn.com\/wp-content\/uploads\/2021\/05\/SensIOS-esclave-modbus-8-entrees-et-6-sorties-900x900-min.png","datePublished":"2021-05-04T09:02:30+00:00","dateModified":"2021-06-18T14:04:38+00:00","description":"Esclavo Modbus con 8 entradas de colector abierto, contacto seco o h\u00famedo, aislado y 6 salidas de colector abierto, aislado con bus RS485","breadcrumb":{"@id":"https:\/\/www.webdyn.com\/es\/producto\/sens-ios-esclavo-modbus-8-entradas-6-salidas-digitales\/#breadcrumb"},"inLanguage":"es","potentialAction":[{"@type":"ReadAction","target":["https:\/\/www.webdyn.com\/es\/producto\/sens-ios-esclavo-modbus-8-entradas-6-salidas-digitales\/"]}]},{"@type":"ImageObject","inLanguage":"es","@id":"https:\/\/www.webdyn.com\/es\/producto\/sens-ios-esclavo-modbus-8-entradas-6-salidas-digitales\/#primaryimage","url":"https:\/\/www.webdyn.com\/wp-content\/uploads\/2021\/05\/SensIOS-esclave-modbus-8-entrees-et-6-sorties-900x900-min.png","contentUrl":"https:\/\/www.webdyn.com\/wp-content\/uploads\/2021\/05\/SensIOS-esclave-modbus-8-entrees-et-6-sorties-900x900-min.png","width":900,"height":900},{"@type":"BreadcrumbList","@id":"https:\/\/www.webdyn.com\/es\/producto\/sens-ios-esclavo-modbus-8-entradas-6-salidas-digitales\/#breadcrumb","itemListElement":[{"@type":"ListItem","position":1,"name":"Accueil","item":"https:\/\/www.webdyn.com\/es\/"},{"@type":"ListItem","position":2,"name":"Tienda","item":"https:\/\/www.webdyn.com\/es\/?page_id=2535"},{"@type":"ListItem","position":3,"name":"SENS\u2019 IOS &#8211; Esclavo modbus 8 entradas\/6 salidas digitales"}]},{"@type":"WebSite","@id":"https:\/\/www.webdyn.com\/es\/en\/#website","url":"https:\/\/www.webdyn.com\/es\/en\/","name":"Webdyn","description":"Pasarelas y sensores de lectura remota de energ\u00eda multiprotocolo","publisher":{"@id":"https:\/\/www.webdyn.com\/es\/en\/#organization"},"potentialAction":[{"@type":"SearchAction","target":{"@type":"EntryPoint","urlTemplate":"https:\/\/www.webdyn.com\/es\/en\/?s={search_term_string}"},"query-input":{"@type":"PropertyValueSpecification","valueRequired":true,"valueName":"search_term_string"}}],"inLanguage":"es"},{"@type":"Organization","@id":"https:\/\/www.webdyn.com\/es\/en\/#organization","name":"Webdyn","url":"https:\/\/www.webdyn.com\/es\/en\/","logo":{"@type":"ImageObject","inLanguage":"es","@id":"https:\/\/www.webdyn.com\/es\/en\/#\/schema\/logo\/image\/","url":"https:\/\/www.webdyn.com\/wp-content\/uploads\/2021\/12\/cropped-Webdyn-Primary-Logo-1000px.png","contentUrl":"https:\/\/www.webdyn.com\/wp-content\/uploads\/2021\/12\/cropped-Webdyn-Primary-Logo-1000px.png","width":1000,"height":202,"caption":"Webdyn"},"image":{"@id":"https:\/\/www.webdyn.com\/es\/en\/#\/schema\/logo\/image\/"}}]}},"_links":{"self":[{"href":"https:\/\/www.webdyn.com\/es\/wp-json\/wp\/v2\/product\/4521","targetHints":{"allow":["GET"]}}],"collection":[{"href":"https:\/\/www.webdyn.com\/es\/wp-json\/wp\/v2\/product"}],"about":[{"href":"https:\/\/www.webdyn.com\/es\/wp-json\/wp\/v2\/types\/product"}],"replies":[{"embeddable":true,"href":"https:\/\/www.webdyn.com\/es\/wp-json\/wp\/v2\/comments?post=4521"}],"wp:featuredmedia":[{"embeddable":true,"href":"https:\/\/www.webdyn.com\/es\/wp-json\/wp\/v2\/media\/4458"}],"wp:attachment":[{"href":"https:\/\/www.webdyn.com\/es\/wp-json\/wp\/v2\/media?parent=4521"}],"wp:term":[{"taxonomy":"product_brand","embeddable":true,"href":"https:\/\/www.webdyn.com\/es\/wp-json\/wp\/v2\/product_brand?post=4521"},{"taxonomy":"product_cat","embeddable":true,"href":"https:\/\/www.webdyn.com\/es\/wp-json\/wp\/v2\/product_cat?post=4521"},{"taxonomy":"product_tag","embeddable":true,"href":"https:\/\/www.webdyn.com\/es\/wp-json\/wp\/v2\/product_tag?post=4521"}],"curies":[{"name":"wp","href":"https:\/\/api.w.org\/{rel}","templated":true}]}}