{"id":4542,"date":"2021-05-04T08:56:43","date_gmt":"2021-05-04T08:56:43","guid":{"rendered":"https:\/\/www.webdyn.com\/webdyn-2021\/produit\/sens-irradiation-capteur-de-temperature-irradiation\/"},"modified":"2021-05-07T20:16:33","modified_gmt":"2021-05-07T20:16:33","slug":"sens-irradiation-sensor-de-temperatura-e-irradiacion","status":"publish","type":"product","link":"https:\/\/www.webdyn.com\/es\/producto\/sens-irradiation-sensor-de-temperatura-e-irradiacion\/","title":{"rendered":"SENS\u2019 IRRADIATION &#8211; Sensor de temperatura e irradiaci\u00f3n"},"content":{"rendered":"<p><span class=\"TextRun SCXW196022852 BCX0\" lang=\"ES-ES\" xml:lang=\"ES-ES\" data-contrast=\"auto\"><span class=\"NormalTextRun SCXW196022852 BCX0\" data-ccp-parastyle=\"No Spacing\">Los sensores de irradiaci\u00f3n de silicio presentan una soluci\u00f3n rentable, s\u00f3lida y fiable para medir la irradiaci\u00f3n solar, en particular para supervisar los sistemas fotovoltaicos (fotovoltaica).<\/span><\/span><span class=\"TextRun SCXW196022852 BCX0\" lang=\"ES-ES\" xml:lang=\"ES-ES\" data-contrast=\"auto\"><span class=\"NormalTextRun SCXW196022852 BCX0\" data-ccp-parastyle=\"No Spacing\">\u00a0<\/span><\/span><span class=\"TextRun SCXW196022852 BCX0\" lang=\"ES-ES\" xml:lang=\"ES-ES\" data-contrast=\"auto\"><span class=\"NormalTextRun SCXW196022852 BCX0\" data-ccp-parastyle=\"No Spacing\">Basada en la construcci\u00f3n del elemento de sensor que corresponde a un m\u00f3dulo fotovoltaico, son ideales como referencia para supervisar los sistemas fotovoltaicos.<\/span><\/span><span class=\"EOP SCXW196022852 BCX0\" data-ccp-props=\"{&quot;201341983&quot;:0,&quot;335559739&quot;:0,&quot;335559740&quot;:240}\">\u00a0<\/span><\/p>\n","protected":false},"excerpt":{"rendered":"<p>Los sensores de irradiaci\u00f3n de silicio presentan una soluci\u00f3n rentable, s\u00f3lida y fiable para medir la irradiaci\u00f3n solar, en particular para supervisar los sistemas fotovoltaicos (fotovoltaica).\u00a0Basada en la construcci\u00f3n del elemento de sensor que corresponde a un m\u00f3dulo fotovoltaico, son ideales como referencia para supervisar los sistemas fotovoltaicos.\u00a0<\/p>\n","protected":false},"featured_media":4489,"comment_status":"closed","ping_status":"closed","template":"","meta":{"_acf_changed":false,"rs_blank_template":"","rs_page_bg_color":"","slide_template_v7":""},"product_brand":[],"product_cat":[133],"product_tag":[],"class_list":{"0":"post-4542","1":"product","2":"type-product","3":"status-publish","4":"has-post-thumbnail","6":"product_cat-accesorios","8":"first","9":"instock","10":"shipping-taxable","11":"product-type-simple"},"acf":[],"yoast_head":"<!-- This site is optimized with the Yoast SEO plugin v27.5 - https:\/\/yoast.com\/product\/yoast-seo-wordpress\/ -->\n<title>SENS\u2019 IRRADIATION - Sensor de temperatura e irradiaci\u00f3n - Webdyn<\/title>\n<meta name=\"description\" content=\"Estos sensores presentan una soluci\u00f3n rentable, robusta y confiable para medir la irradiaci\u00f3n solar, especialmente para monitorear sistemas fotovoltaicos (PV).\" \/>\n<meta name=\"robots\" content=\"index, follow, max-snippet:-1, max-image-preview:large, max-video-preview:-1\" \/>\n<link rel=\"canonical\" href=\"https:\/\/www.webdyn.com\/es\/producto\/sens-irradiation-sensor-de-temperatura-e-irradiacion\/\" \/>\n<meta property=\"og:locale\" content=\"es_ES\" \/>\n<meta property=\"og:type\" content=\"article\" \/>\n<meta property=\"og:title\" content=\"SENS\u2019 IRRADIATION - Sensor de temperatura e irradiaci\u00f3n - Webdyn\" \/>\n<meta property=\"og:description\" content=\"Estos sensores presentan una soluci\u00f3n rentable, robusta y confiable para medir la irradiaci\u00f3n solar, especialmente para monitorear sistemas fotovoltaicos (PV).\" \/>\n<meta property=\"og:url\" content=\"https:\/\/www.webdyn.com\/es\/producto\/sens-irradiation-sensor-de-temperatura-e-irradiacion\/\" \/>\n<meta property=\"og:site_name\" content=\"Webdyn\" \/>\n<meta property=\"article:modified_time\" content=\"2021-05-07T20:16:33+00:00\" \/>\n<meta property=\"og:image\" content=\"https:\/\/www.webdyn.com\/wp-content\/uploads\/2021\/05\/Sens-Irradiation-900x900-min.png\" \/>\n\t<meta property=\"og:image:width\" content=\"900\" \/>\n\t<meta property=\"og:image:height\" content=\"900\" \/>\n\t<meta property=\"og:image:type\" content=\"image\/png\" \/>\n<meta name=\"twitter:card\" content=\"summary_large_image\" \/>\n<script type=\"application\/ld+json\" class=\"yoast-schema-graph\">{\"@context\":\"https:\\\/\\\/schema.org\",\"@graph\":[{\"@type\":\"WebPage\",\"@id\":\"https:\\\/\\\/www.webdyn.com\\\/es\\\/producto\\\/sens-irradiation-sensor-de-temperatura-e-irradiacion\\\/\",\"url\":\"https:\\\/\\\/www.webdyn.com\\\/es\\\/producto\\\/sens-irradiation-sensor-de-temperatura-e-irradiacion\\\/\",\"name\":\"SENS\u2019 IRRADIATION - Sensor de temperatura e irradiaci\u00f3n - Webdyn\",\"isPartOf\":{\"@id\":\"https:\\\/\\\/www.webdyn.com\\\/es\\\/en\\\/#website\"},\"primaryImageOfPage\":{\"@id\":\"https:\\\/\\\/www.webdyn.com\\\/es\\\/producto\\\/sens-irradiation-sensor-de-temperatura-e-irradiacion\\\/#primaryimage\"},\"image\":{\"@id\":\"https:\\\/\\\/www.webdyn.com\\\/es\\\/producto\\\/sens-irradiation-sensor-de-temperatura-e-irradiacion\\\/#primaryimage\"},\"thumbnailUrl\":\"https:\\\/\\\/www.webdyn.com\\\/wp-content\\\/uploads\\\/2021\\\/05\\\/Sens-Irradiation-900x900-min.png\",\"datePublished\":\"2021-05-04T08:56:43+00:00\",\"dateModified\":\"2021-05-07T20:16:33+00:00\",\"description\":\"Estos sensores presentan una soluci\u00f3n rentable, robusta y confiable para medir la irradiaci\u00f3n solar, especialmente para monitorear sistemas fotovoltaicos (PV).\",\"breadcrumb\":{\"@id\":\"https:\\\/\\\/www.webdyn.com\\\/es\\\/producto\\\/sens-irradiation-sensor-de-temperatura-e-irradiacion\\\/#breadcrumb\"},\"inLanguage\":\"es\",\"potentialAction\":[{\"@type\":\"ReadAction\",\"target\":[\"https:\\\/\\\/www.webdyn.com\\\/es\\\/producto\\\/sens-irradiation-sensor-de-temperatura-e-irradiacion\\\/\"]}]},{\"@type\":\"ImageObject\",\"inLanguage\":\"es\",\"@id\":\"https:\\\/\\\/www.webdyn.com\\\/es\\\/producto\\\/sens-irradiation-sensor-de-temperatura-e-irradiacion\\\/#primaryimage\",\"url\":\"https:\\\/\\\/www.webdyn.com\\\/wp-content\\\/uploads\\\/2021\\\/05\\\/Sens-Irradiation-900x900-min.png\",\"contentUrl\":\"https:\\\/\\\/www.webdyn.com\\\/wp-content\\\/uploads\\\/2021\\\/05\\\/Sens-Irradiation-900x900-min.png\",\"width\":900,\"height\":900},{\"@type\":\"BreadcrumbList\",\"@id\":\"https:\\\/\\\/www.webdyn.com\\\/es\\\/producto\\\/sens-irradiation-sensor-de-temperatura-e-irradiacion\\\/#breadcrumb\",\"itemListElement\":[{\"@type\":\"ListItem\",\"position\":1,\"name\":\"Accueil\",\"item\":\"https:\\\/\\\/www.webdyn.com\\\/es\\\/\"},{\"@type\":\"ListItem\",\"position\":2,\"name\":\"Tienda\",\"item\":\"https:\\\/\\\/www.webdyn.com\\\/es\\\/?page_id=2535\"},{\"@type\":\"ListItem\",\"position\":3,\"name\":\"SENS\u2019 IRRADIATION &#8211; Sensor de temperatura e irradiaci\u00f3n\"}]},{\"@type\":\"WebSite\",\"@id\":\"https:\\\/\\\/www.webdyn.com\\\/es\\\/en\\\/#website\",\"url\":\"https:\\\/\\\/www.webdyn.com\\\/es\\\/en\\\/\",\"name\":\"Webdyn\",\"description\":\"Pasarelas y sensores de lectura remota de energ\u00eda multiprotocolo\",\"publisher\":{\"@id\":\"https:\\\/\\\/www.webdyn.com\\\/es\\\/en\\\/#organization\"},\"potentialAction\":[{\"@type\":\"SearchAction\",\"target\":{\"@type\":\"EntryPoint\",\"urlTemplate\":\"https:\\\/\\\/www.webdyn.com\\\/es\\\/en\\\/?s={search_term_string}\"},\"query-input\":{\"@type\":\"PropertyValueSpecification\",\"valueRequired\":true,\"valueName\":\"search_term_string\"}}],\"inLanguage\":\"es\"},{\"@type\":\"Organization\",\"@id\":\"https:\\\/\\\/www.webdyn.com\\\/es\\\/en\\\/#organization\",\"name\":\"Webdyn\",\"url\":\"https:\\\/\\\/www.webdyn.com\\\/es\\\/en\\\/\",\"logo\":{\"@type\":\"ImageObject\",\"inLanguage\":\"es\",\"@id\":\"https:\\\/\\\/www.webdyn.com\\\/es\\\/en\\\/#\\\/schema\\\/logo\\\/image\\\/\",\"url\":\"https:\\\/\\\/www.webdyn.com\\\/wp-content\\\/uploads\\\/2021\\\/12\\\/cropped-Webdyn-Primary-Logo-1000px.png\",\"contentUrl\":\"https:\\\/\\\/www.webdyn.com\\\/wp-content\\\/uploads\\\/2021\\\/12\\\/cropped-Webdyn-Primary-Logo-1000px.png\",\"width\":1000,\"height\":202,\"caption\":\"Webdyn\"},\"image\":{\"@id\":\"https:\\\/\\\/www.webdyn.com\\\/es\\\/en\\\/#\\\/schema\\\/logo\\\/image\\\/\"}}]}<\/script>\n<!-- \/ Yoast SEO plugin. -->","yoast_head_json":{"title":"SENS\u2019 IRRADIATION - Sensor de temperatura e irradiaci\u00f3n - Webdyn","description":"Estos sensores presentan una soluci\u00f3n rentable, robusta y confiable para medir la irradiaci\u00f3n solar, especialmente para monitorear sistemas fotovoltaicos (PV).","robots":{"index":"index","follow":"follow","max-snippet":"max-snippet:-1","max-image-preview":"max-image-preview:large","max-video-preview":"max-video-preview:-1"},"canonical":"https:\/\/www.webdyn.com\/es\/producto\/sens-irradiation-sensor-de-temperatura-e-irradiacion\/","og_locale":"es_ES","og_type":"article","og_title":"SENS\u2019 IRRADIATION - Sensor de temperatura e irradiaci\u00f3n - Webdyn","og_description":"Estos sensores presentan una soluci\u00f3n rentable, robusta y confiable para medir la irradiaci\u00f3n solar, especialmente para monitorear sistemas fotovoltaicos (PV).","og_url":"https:\/\/www.webdyn.com\/es\/producto\/sens-irradiation-sensor-de-temperatura-e-irradiacion\/","og_site_name":"Webdyn","article_modified_time":"2021-05-07T20:16:33+00:00","og_image":[{"width":900,"height":900,"url":"https:\/\/www.webdyn.com\/wp-content\/uploads\/2021\/05\/Sens-Irradiation-900x900-min.png","type":"image\/png"}],"twitter_card":"summary_large_image","schema":{"@context":"https:\/\/schema.org","@graph":[{"@type":"WebPage","@id":"https:\/\/www.webdyn.com\/es\/producto\/sens-irradiation-sensor-de-temperatura-e-irradiacion\/","url":"https:\/\/www.webdyn.com\/es\/producto\/sens-irradiation-sensor-de-temperatura-e-irradiacion\/","name":"SENS\u2019 IRRADIATION - Sensor de temperatura e irradiaci\u00f3n - Webdyn","isPartOf":{"@id":"https:\/\/www.webdyn.com\/es\/en\/#website"},"primaryImageOfPage":{"@id":"https:\/\/www.webdyn.com\/es\/producto\/sens-irradiation-sensor-de-temperatura-e-irradiacion\/#primaryimage"},"image":{"@id":"https:\/\/www.webdyn.com\/es\/producto\/sens-irradiation-sensor-de-temperatura-e-irradiacion\/#primaryimage"},"thumbnailUrl":"https:\/\/www.webdyn.com\/wp-content\/uploads\/2021\/05\/Sens-Irradiation-900x900-min.png","datePublished":"2021-05-04T08:56:43+00:00","dateModified":"2021-05-07T20:16:33+00:00","description":"Estos sensores presentan una soluci\u00f3n rentable, robusta y confiable para medir la irradiaci\u00f3n solar, especialmente para monitorear sistemas fotovoltaicos (PV).","breadcrumb":{"@id":"https:\/\/www.webdyn.com\/es\/producto\/sens-irradiation-sensor-de-temperatura-e-irradiacion\/#breadcrumb"},"inLanguage":"es","potentialAction":[{"@type":"ReadAction","target":["https:\/\/www.webdyn.com\/es\/producto\/sens-irradiation-sensor-de-temperatura-e-irradiacion\/"]}]},{"@type":"ImageObject","inLanguage":"es","@id":"https:\/\/www.webdyn.com\/es\/producto\/sens-irradiation-sensor-de-temperatura-e-irradiacion\/#primaryimage","url":"https:\/\/www.webdyn.com\/wp-content\/uploads\/2021\/05\/Sens-Irradiation-900x900-min.png","contentUrl":"https:\/\/www.webdyn.com\/wp-content\/uploads\/2021\/05\/Sens-Irradiation-900x900-min.png","width":900,"height":900},{"@type":"BreadcrumbList","@id":"https:\/\/www.webdyn.com\/es\/producto\/sens-irradiation-sensor-de-temperatura-e-irradiacion\/#breadcrumb","itemListElement":[{"@type":"ListItem","position":1,"name":"Accueil","item":"https:\/\/www.webdyn.com\/es\/"},{"@type":"ListItem","position":2,"name":"Tienda","item":"https:\/\/www.webdyn.com\/es\/?page_id=2535"},{"@type":"ListItem","position":3,"name":"SENS\u2019 IRRADIATION &#8211; Sensor de temperatura e irradiaci\u00f3n"}]},{"@type":"WebSite","@id":"https:\/\/www.webdyn.com\/es\/en\/#website","url":"https:\/\/www.webdyn.com\/es\/en\/","name":"Webdyn","description":"Pasarelas y sensores de lectura remota de energ\u00eda multiprotocolo","publisher":{"@id":"https:\/\/www.webdyn.com\/es\/en\/#organization"},"potentialAction":[{"@type":"SearchAction","target":{"@type":"EntryPoint","urlTemplate":"https:\/\/www.webdyn.com\/es\/en\/?s={search_term_string}"},"query-input":{"@type":"PropertyValueSpecification","valueRequired":true,"valueName":"search_term_string"}}],"inLanguage":"es"},{"@type":"Organization","@id":"https:\/\/www.webdyn.com\/es\/en\/#organization","name":"Webdyn","url":"https:\/\/www.webdyn.com\/es\/en\/","logo":{"@type":"ImageObject","inLanguage":"es","@id":"https:\/\/www.webdyn.com\/es\/en\/#\/schema\/logo\/image\/","url":"https:\/\/www.webdyn.com\/wp-content\/uploads\/2021\/12\/cropped-Webdyn-Primary-Logo-1000px.png","contentUrl":"https:\/\/www.webdyn.com\/wp-content\/uploads\/2021\/12\/cropped-Webdyn-Primary-Logo-1000px.png","width":1000,"height":202,"caption":"Webdyn"},"image":{"@id":"https:\/\/www.webdyn.com\/es\/en\/#\/schema\/logo\/image\/"}}]}},"_links":{"self":[{"href":"https:\/\/www.webdyn.com\/es\/wp-json\/wp\/v2\/product\/4542","targetHints":{"allow":["GET"]}}],"collection":[{"href":"https:\/\/www.webdyn.com\/es\/wp-json\/wp\/v2\/product"}],"about":[{"href":"https:\/\/www.webdyn.com\/es\/wp-json\/wp\/v2\/types\/product"}],"replies":[{"embeddable":true,"href":"https:\/\/www.webdyn.com\/es\/wp-json\/wp\/v2\/comments?post=4542"}],"wp:featuredmedia":[{"embeddable":true,"href":"https:\/\/www.webdyn.com\/es\/wp-json\/wp\/v2\/media\/4489"}],"wp:attachment":[{"href":"https:\/\/www.webdyn.com\/es\/wp-json\/wp\/v2\/media?parent=4542"}],"wp:term":[{"taxonomy":"product_brand","embeddable":true,"href":"https:\/\/www.webdyn.com\/es\/wp-json\/wp\/v2\/product_brand?post=4542"},{"taxonomy":"product_cat","embeddable":true,"href":"https:\/\/www.webdyn.com\/es\/wp-json\/wp\/v2\/product_cat?post=4542"},{"taxonomy":"product_tag","embeddable":true,"href":"https:\/\/www.webdyn.com\/es\/wp-json\/wp\/v2\/product_tag?post=4542"}],"curies":[{"name":"wp","href":"https:\/\/api.w.org\/{rel}","templated":true}]}}