{"id":1354,"date":"2021-02-24T09:25:01","date_gmt":"2021-02-24T09:25:01","guid":{"rendered":"https:\/\/www.webdyn.com\/webdyn-2021\/?post_type=product&#038;p=1354"},"modified":"2025-04-24T16:42:28","modified_gmt":"2025-04-24T16:42:28","slug":"webdynmodbus","status":"publish","type":"product","link":"https:\/\/www.webdyn.com\/fr\/produit\/webdynmodbus\/","title":{"rendered":"WebdynModbus"},"content":{"rendered":"<p>WebdynModbus surveille et collecte les donn\u00e9es des \u00e9quipements Modbus (esclaves). Dans un seul bo\u00eetier, il rassemble une interface Modbus RTU ou Modbus TCP ainsi que des interfaces 4G\/3G et Ethernet pouvant \u00eatre utilis\u00e9es pour communiquer avec le syst\u00e8me d&rsquo;information. Le gateway WebdynModbus se comporte comme un ma\u00eetre Modbus. Il permet de g\u00e9rer un ensemble d&rsquo;esclaves connect\u00e9s \u00e0 un bus filaire (mode RTU) ou \u00e0 une liaison Ethernet (TCP). Il s&rsquo;installe facilement via serveur web et peut \u00eatre contr\u00f4l\u00e9 \u00e0 distance. Les donn\u00e9es collect\u00e9es sont format\u00e9es en CSV et envoy\u00e9es p\u00e9riodiquement \u00e0 un serveur via le r\u00e9seau cellulaire ou Ethernet.<\/p>\n","protected":false},"excerpt":{"rendered":"<p>WebdynModbus surveille et collecte les donn\u00e9es des \u00e9quipements Modbus (esclaves). Dans un seul bo\u00eetier, il rassemble une interface Modbus RTU ou Modbus TCP ainsi que des interfaces 4G\/3G et Ethernet pouvant \u00eatre utilis\u00e9es pour communiquer avec le syst\u00e8me d&rsquo;information. Le gateway WebdynModbus se comporte comme un ma\u00eetre Modbus. Il permet de g\u00e9rer un ensemble d&rsquo;esclaves [&hellip;]<\/p>\n","protected":false},"featured_media":726167,"comment_status":"closed","ping_status":"closed","template":"","meta":{"_acf_changed":false,"rs_blank_template":"","rs_page_bg_color":"","slide_template_v7":""},"product_brand":[],"product_cat":[469,27,26],"product_tag":[],"class_list":{"0":"post-1354","1":"product","2":"type-product","3":"status-publish","4":"has-post-thumbnail","6":"product_cat-india-solar-pv-portfolio","7":"product_cat-smart-building-home","8":"product_cat-smart-grid-photovoltaique","10":"first","11":"instock","12":"shipping-taxable","13":"purchasable","14":"product-type-simple"},"acf":[],"yoast_head":"<!-- This site is optimized with the Yoast SEO plugin v27.5 - https:\/\/yoast.com\/product\/yoast-seo-wordpress\/ -->\n<title>WebdynModbus - Webdyn<\/title>\n<meta name=\"description\" content=\"WebdynModbus est un concentrateur de donn\u00e9es remontant les informations d&#039;\u00e9quipements Modbus RTU\/TCP et les envoyant vers un serveur.\" \/>\n<meta name=\"robots\" content=\"index, follow, max-snippet:-1, max-image-preview:large, max-video-preview:-1\" \/>\n<link rel=\"canonical\" href=\"https:\/\/www.webdyn.com\/fr\/produit\/webdynmodbus\/\" \/>\n<meta property=\"og:locale\" content=\"fr_FR\" \/>\n<meta property=\"og:type\" content=\"article\" \/>\n<meta property=\"og:title\" content=\"WebdynModbus - Webdyn\" \/>\n<meta property=\"og:description\" content=\"WebdynModbus est un concentrateur de donn\u00e9es remontant les informations d&#039;\u00e9quipements Modbus RTU\/TCP et les envoyant vers un serveur.\" \/>\n<meta property=\"og:url\" content=\"https:\/\/www.webdyn.com\/fr\/produit\/webdynmodbus\/\" \/>\n<meta property=\"og:site_name\" content=\"Webdyn\" \/>\n<meta property=\"article:modified_time\" content=\"2025-04-24T16:42:28+00:00\" \/>\n<meta property=\"og:image\" content=\"https:\/\/www.webdyn.com\/wp-content\/uploads\/2021\/02\/WebdynModbus-1.png\" \/>\n\t<meta property=\"og:image:width\" content=\"900\" \/>\n\t<meta property=\"og:image:height\" content=\"900\" \/>\n\t<meta property=\"og:image:type\" content=\"image\/png\" \/>\n<meta name=\"twitter:card\" content=\"summary_large_image\" \/>\n<meta name=\"twitter:label1\" content=\"Dur\u00e9e de lecture estim\u00e9e\" \/>\n\t<meta name=\"twitter:data1\" content=\"1 minute\" \/>\n<script type=\"application\/ld+json\" class=\"yoast-schema-graph\">{\"@context\":\"https:\\\/\\\/schema.org\",\"@graph\":[{\"@type\":\"WebPage\",\"@id\":\"https:\\\/\\\/www.webdyn.com\\\/fr\\\/produit\\\/webdynmodbus\\\/\",\"url\":\"https:\\\/\\\/www.webdyn.com\\\/fr\\\/produit\\\/webdynmodbus\\\/\",\"name\":\"WebdynModbus - Webdyn\",\"isPartOf\":{\"@id\":\"https:\\\/\\\/www.webdyn.com\\\/fr\\\/en\\\/#website\"},\"primaryImageOfPage\":{\"@id\":\"https:\\\/\\\/www.webdyn.com\\\/fr\\\/produit\\\/webdynmodbus\\\/#primaryimage\"},\"image\":{\"@id\":\"https:\\\/\\\/www.webdyn.com\\\/fr\\\/produit\\\/webdynmodbus\\\/#primaryimage\"},\"thumbnailUrl\":\"https:\\\/\\\/www.webdyn.com\\\/wp-content\\\/uploads\\\/2021\\\/02\\\/WebdynModbus-1.png\",\"datePublished\":\"2021-02-24T09:25:01+00:00\",\"dateModified\":\"2025-04-24T16:42:28+00:00\",\"description\":\"WebdynModbus est un concentrateur de donn\u00e9es remontant les informations d'\u00e9quipements Modbus RTU\\\/TCP et les envoyant vers un serveur.\",\"breadcrumb\":{\"@id\":\"https:\\\/\\\/www.webdyn.com\\\/fr\\\/produit\\\/webdynmodbus\\\/#breadcrumb\"},\"inLanguage\":\"fr-FR\",\"potentialAction\":[{\"@type\":\"ReadAction\",\"target\":[\"https:\\\/\\\/www.webdyn.com\\\/fr\\\/produit\\\/webdynmodbus\\\/\"]}]},{\"@type\":\"ImageObject\",\"inLanguage\":\"fr-FR\",\"@id\":\"https:\\\/\\\/www.webdyn.com\\\/fr\\\/produit\\\/webdynmodbus\\\/#primaryimage\",\"url\":\"https:\\\/\\\/www.webdyn.com\\\/wp-content\\\/uploads\\\/2021\\\/02\\\/WebdynModbus-1.png\",\"contentUrl\":\"https:\\\/\\\/www.webdyn.com\\\/wp-content\\\/uploads\\\/2021\\\/02\\\/WebdynModbus-1.png\",\"width\":900,\"height\":900},{\"@type\":\"BreadcrumbList\",\"@id\":\"https:\\\/\\\/www.webdyn.com\\\/fr\\\/produit\\\/webdynmodbus\\\/#breadcrumb\",\"itemListElement\":[{\"@type\":\"ListItem\",\"position\":1,\"name\":\"Accueil\",\"item\":\"https:\\\/\\\/www.webdyn.com\\\/fr\\\/\"},{\"@type\":\"ListItem\",\"position\":2,\"name\":\"Boutique\",\"item\":\"https:\\\/\\\/www.webdyn.com\\\/fr\\\/?page_id=890\"},{\"@type\":\"ListItem\",\"position\":3,\"name\":\"WebdynModbus\"}]},{\"@type\":\"WebSite\",\"@id\":\"https:\\\/\\\/www.webdyn.com\\\/fr\\\/en\\\/#website\",\"url\":\"https:\\\/\\\/www.webdyn.com\\\/fr\\\/en\\\/\",\"name\":\"Webdyn\",\"description\":\"Passerelles et capteurs multi-protocoles de t\u00e9l\u00e9rel\u00e8ve d&#039;\u00e9nergie\",\"publisher\":{\"@id\":\"https:\\\/\\\/www.webdyn.com\\\/fr\\\/en\\\/#organization\"},\"potentialAction\":[{\"@type\":\"SearchAction\",\"target\":{\"@type\":\"EntryPoint\",\"urlTemplate\":\"https:\\\/\\\/www.webdyn.com\\\/fr\\\/en\\\/?s={search_term_string}\"},\"query-input\":{\"@type\":\"PropertyValueSpecification\",\"valueRequired\":true,\"valueName\":\"search_term_string\"}}],\"inLanguage\":\"fr-FR\"},{\"@type\":\"Organization\",\"@id\":\"https:\\\/\\\/www.webdyn.com\\\/fr\\\/en\\\/#organization\",\"name\":\"Webdyn\",\"url\":\"https:\\\/\\\/www.webdyn.com\\\/fr\\\/en\\\/\",\"logo\":{\"@type\":\"ImageObject\",\"inLanguage\":\"fr-FR\",\"@id\":\"https:\\\/\\\/www.webdyn.com\\\/fr\\\/en\\\/#\\\/schema\\\/logo\\\/image\\\/\",\"url\":\"https:\\\/\\\/www.webdyn.com\\\/wp-content\\\/uploads\\\/2021\\\/12\\\/cropped-Webdyn-Primary-Logo-1000px.png\",\"contentUrl\":\"https:\\\/\\\/www.webdyn.com\\\/wp-content\\\/uploads\\\/2021\\\/12\\\/cropped-Webdyn-Primary-Logo-1000px.png\",\"width\":1000,\"height\":202,\"caption\":\"Webdyn\"},\"image\":{\"@id\":\"https:\\\/\\\/www.webdyn.com\\\/fr\\\/en\\\/#\\\/schema\\\/logo\\\/image\\\/\"}}]}<\/script>\n<!-- \/ Yoast SEO plugin. -->","yoast_head_json":{"title":"WebdynModbus - Webdyn","description":"WebdynModbus est un concentrateur de donn\u00e9es remontant les informations d'\u00e9quipements Modbus RTU\/TCP et les envoyant vers un serveur.","robots":{"index":"index","follow":"follow","max-snippet":"max-snippet:-1","max-image-preview":"max-image-preview:large","max-video-preview":"max-video-preview:-1"},"canonical":"https:\/\/www.webdyn.com\/fr\/produit\/webdynmodbus\/","og_locale":"fr_FR","og_type":"article","og_title":"WebdynModbus - Webdyn","og_description":"WebdynModbus est un concentrateur de donn\u00e9es remontant les informations d'\u00e9quipements Modbus RTU\/TCP et les envoyant vers un serveur.","og_url":"https:\/\/www.webdyn.com\/fr\/produit\/webdynmodbus\/","og_site_name":"Webdyn","article_modified_time":"2025-04-24T16:42:28+00:00","og_image":[{"width":900,"height":900,"url":"https:\/\/www.webdyn.com\/wp-content\/uploads\/2021\/02\/WebdynModbus-1.png","type":"image\/png"}],"twitter_card":"summary_large_image","twitter_misc":{"Dur\u00e9e de lecture estim\u00e9e":"1 minute"},"schema":{"@context":"https:\/\/schema.org","@graph":[{"@type":"WebPage","@id":"https:\/\/www.webdyn.com\/fr\/produit\/webdynmodbus\/","url":"https:\/\/www.webdyn.com\/fr\/produit\/webdynmodbus\/","name":"WebdynModbus - Webdyn","isPartOf":{"@id":"https:\/\/www.webdyn.com\/fr\/en\/#website"},"primaryImageOfPage":{"@id":"https:\/\/www.webdyn.com\/fr\/produit\/webdynmodbus\/#primaryimage"},"image":{"@id":"https:\/\/www.webdyn.com\/fr\/produit\/webdynmodbus\/#primaryimage"},"thumbnailUrl":"https:\/\/www.webdyn.com\/wp-content\/uploads\/2021\/02\/WebdynModbus-1.png","datePublished":"2021-02-24T09:25:01+00:00","dateModified":"2025-04-24T16:42:28+00:00","description":"WebdynModbus est un concentrateur de donn\u00e9es remontant les informations d'\u00e9quipements Modbus RTU\/TCP et les envoyant vers un serveur.","breadcrumb":{"@id":"https:\/\/www.webdyn.com\/fr\/produit\/webdynmodbus\/#breadcrumb"},"inLanguage":"fr-FR","potentialAction":[{"@type":"ReadAction","target":["https:\/\/www.webdyn.com\/fr\/produit\/webdynmodbus\/"]}]},{"@type":"ImageObject","inLanguage":"fr-FR","@id":"https:\/\/www.webdyn.com\/fr\/produit\/webdynmodbus\/#primaryimage","url":"https:\/\/www.webdyn.com\/wp-content\/uploads\/2021\/02\/WebdynModbus-1.png","contentUrl":"https:\/\/www.webdyn.com\/wp-content\/uploads\/2021\/02\/WebdynModbus-1.png","width":900,"height":900},{"@type":"BreadcrumbList","@id":"https:\/\/www.webdyn.com\/fr\/produit\/webdynmodbus\/#breadcrumb","itemListElement":[{"@type":"ListItem","position":1,"name":"Accueil","item":"https:\/\/www.webdyn.com\/fr\/"},{"@type":"ListItem","position":2,"name":"Boutique","item":"https:\/\/www.webdyn.com\/fr\/?page_id=890"},{"@type":"ListItem","position":3,"name":"WebdynModbus"}]},{"@type":"WebSite","@id":"https:\/\/www.webdyn.com\/fr\/en\/#website","url":"https:\/\/www.webdyn.com\/fr\/en\/","name":"Webdyn","description":"Passerelles et capteurs multi-protocoles de t\u00e9l\u00e9rel\u00e8ve d&#039;\u00e9nergie","publisher":{"@id":"https:\/\/www.webdyn.com\/fr\/en\/#organization"},"potentialAction":[{"@type":"SearchAction","target":{"@type":"EntryPoint","urlTemplate":"https:\/\/www.webdyn.com\/fr\/en\/?s={search_term_string}"},"query-input":{"@type":"PropertyValueSpecification","valueRequired":true,"valueName":"search_term_string"}}],"inLanguage":"fr-FR"},{"@type":"Organization","@id":"https:\/\/www.webdyn.com\/fr\/en\/#organization","name":"Webdyn","url":"https:\/\/www.webdyn.com\/fr\/en\/","logo":{"@type":"ImageObject","inLanguage":"fr-FR","@id":"https:\/\/www.webdyn.com\/fr\/en\/#\/schema\/logo\/image\/","url":"https:\/\/www.webdyn.com\/wp-content\/uploads\/2021\/12\/cropped-Webdyn-Primary-Logo-1000px.png","contentUrl":"https:\/\/www.webdyn.com\/wp-content\/uploads\/2021\/12\/cropped-Webdyn-Primary-Logo-1000px.png","width":1000,"height":202,"caption":"Webdyn"},"image":{"@id":"https:\/\/www.webdyn.com\/fr\/en\/#\/schema\/logo\/image\/"}}]}},"_links":{"self":[{"href":"https:\/\/www.webdyn.com\/fr\/wp-json\/wp\/v2\/product\/1354","targetHints":{"allow":["GET"]}}],"collection":[{"href":"https:\/\/www.webdyn.com\/fr\/wp-json\/wp\/v2\/product"}],"about":[{"href":"https:\/\/www.webdyn.com\/fr\/wp-json\/wp\/v2\/types\/product"}],"replies":[{"embeddable":true,"href":"https:\/\/www.webdyn.com\/fr\/wp-json\/wp\/v2\/comments?post=1354"}],"wp:featuredmedia":[{"embeddable":true,"href":"https:\/\/www.webdyn.com\/fr\/wp-json\/wp\/v2\/media\/726167"}],"wp:attachment":[{"href":"https:\/\/www.webdyn.com\/fr\/wp-json\/wp\/v2\/media?parent=1354"}],"wp:term":[{"taxonomy":"product_brand","embeddable":true,"href":"https:\/\/www.webdyn.com\/fr\/wp-json\/wp\/v2\/product_brand?post=1354"},{"taxonomy":"product_cat","embeddable":true,"href":"https:\/\/www.webdyn.com\/fr\/wp-json\/wp\/v2\/product_cat?post=1354"},{"taxonomy":"product_tag","embeddable":true,"href":"https:\/\/www.webdyn.com\/fr\/wp-json\/wp\/v2\/product_tag?post=1354"}],"curies":[{"name":"wp","href":"https:\/\/api.w.org\/{rel}","templated":true}]}}