{"id":4421,"date":"2021-05-04T08:56:43","date_gmt":"2021-05-04T08:56:43","guid":{"rendered":"https:\/\/www.webdyn.com\/webdyn-2021\/?post_type=product&#038;p=4421"},"modified":"2021-05-10T12:58:27","modified_gmt":"2021-05-10T12:58:27","slug":"sens-irradiation-capteur-de-temperature-irradiation","status":"publish","type":"product","link":"https:\/\/www.webdyn.com\/fr\/produit\/sens-irradiation-capteur-de-temperature-irradiation\/","title":{"rendered":"SENS\u2019 IRRADIATION &#8211; Capteur de temp\u00e9rature &#038; irradiation"},"content":{"rendered":"<p><span class=\"TextRun SCXW212467261 BCX0\" lang=\"FR-FR\" xml:lang=\"FR-FR\" data-contrast=\"auto\"><span class=\"NormalTextRun SCXW212467261 BCX0\" data-ccp-parastyle=\"No Spacing\">Les capteurs d\u2019irradiation au silicium pr\u00e9sentent une solution rentable, robuste et fiable pour la mesure de l\u2019irradiation solaire, en particulier pour la surveillance des syst\u00e8mes photovolta\u00efques (PV). Bas\u00e9 sur la construction de l\u2019\u00e9l\u00e9ment de capteur correspondant \u00e0 un module PV, ils sont id\u00e9aux comme r\u00e9f\u00e9rence pour la surveillance des syst\u00e8mes PV.<\/span><\/span><span class=\"EOP SCXW212467261 BCX0\" data-ccp-props=\"{&quot;201341983&quot;:0,&quot;335559739&quot;:0,&quot;335559740&quot;:240}\">\u00a0<\/span><\/p>\n","protected":false},"excerpt":{"rendered":"<p>Les capteurs d\u2019irradiation au silicium pr\u00e9sentent une solution rentable, robuste et fiable pour la mesure de l\u2019irradiation solaire, en particulier pour la surveillance des syst\u00e8mes photovolta\u00efques (PV). Bas\u00e9 sur la construction de l\u2019\u00e9l\u00e9ment de capteur correspondant \u00e0 un module PV, ils sont id\u00e9aux comme r\u00e9f\u00e9rence pour la surveillance des syst\u00e8mes PV.\u00a0<\/p>\n","protected":false},"featured_media":4486,"comment_status":"closed","ping_status":"closed","template":"","meta":{"_acf_changed":false,"rs_blank_template":"","rs_page_bg_color":"","slide_template_v7":""},"product_brand":[],"product_cat":[130],"product_tag":[],"class_list":{"0":"post-4421","1":"product","2":"type-product","3":"status-publish","4":"has-post-thumbnail","6":"product_cat-accessoires","8":"first","9":"instock","10":"shipping-taxable","11":"product-type-simple"},"acf":[],"yoast_head":"<!-- This site is optimized with the Yoast SEO plugin v27.5 - https:\/\/yoast.com\/product\/yoast-seo-wordpress\/ -->\n<title>SENS\u2019 IRRADIATION - Capteur de temp\u00e9rature &amp; irradiation - Webdyn<\/title>\n<meta name=\"description\" content=\"Les capteurs d\u2019irradiation, une solution robuste et fiable pour mesurer l\u2019irradiation solaire pour la surveillance des centrales photovolta\u00efques.\" \/>\n<meta name=\"robots\" content=\"index, follow, max-snippet:-1, max-image-preview:large, max-video-preview:-1\" \/>\n<link rel=\"canonical\" href=\"https:\/\/www.webdyn.com\/fr\/produit\/sens-irradiation-capteur-de-temperature-irradiation\/\" \/>\n<meta property=\"og:locale\" content=\"fr_FR\" \/>\n<meta property=\"og:type\" content=\"article\" \/>\n<meta property=\"og:title\" content=\"SENS\u2019 IRRADIATION - Capteur de temp\u00e9rature &amp; irradiation - Webdyn\" \/>\n<meta property=\"og:description\" content=\"Les capteurs d\u2019irradiation, une solution robuste et fiable pour mesurer l\u2019irradiation solaire pour la surveillance des centrales photovolta\u00efques.\" \/>\n<meta property=\"og:url\" content=\"https:\/\/www.webdyn.com\/fr\/produit\/sens-irradiation-capteur-de-temperature-irradiation\/\" \/>\n<meta property=\"og:site_name\" content=\"Webdyn\" \/>\n<meta property=\"article:modified_time\" content=\"2021-05-10T12:58:27+00:00\" \/>\n<meta property=\"og:image\" content=\"https:\/\/www.webdyn.com\/wp-content\/uploads\/2021\/05\/Sens-Irradiation-900x900-min.png\" \/>\n\t<meta property=\"og:image:width\" content=\"900\" \/>\n\t<meta property=\"og:image:height\" content=\"900\" \/>\n\t<meta property=\"og:image:type\" content=\"image\/png\" \/>\n<meta name=\"twitter:card\" content=\"summary_large_image\" \/>\n<meta name=\"twitter:label1\" content=\"Dur\u00e9e de lecture estim\u00e9e\" \/>\n\t<meta name=\"twitter:data1\" content=\"1 minute\" \/>\n<script type=\"application\/ld+json\" class=\"yoast-schema-graph\">{\"@context\":\"https:\\\/\\\/schema.org\",\"@graph\":[{\"@type\":\"WebPage\",\"@id\":\"https:\\\/\\\/www.webdyn.com\\\/fr\\\/produit\\\/sens-irradiation-capteur-de-temperature-irradiation\\\/\",\"url\":\"https:\\\/\\\/www.webdyn.com\\\/fr\\\/produit\\\/sens-irradiation-capteur-de-temperature-irradiation\\\/\",\"name\":\"SENS\u2019 IRRADIATION - Capteur de temp\u00e9rature & irradiation - Webdyn\",\"isPartOf\":{\"@id\":\"https:\\\/\\\/www.webdyn.com\\\/fr\\\/en\\\/#website\"},\"primaryImageOfPage\":{\"@id\":\"https:\\\/\\\/www.webdyn.com\\\/fr\\\/produit\\\/sens-irradiation-capteur-de-temperature-irradiation\\\/#primaryimage\"},\"image\":{\"@id\":\"https:\\\/\\\/www.webdyn.com\\\/fr\\\/produit\\\/sens-irradiation-capteur-de-temperature-irradiation\\\/#primaryimage\"},\"thumbnailUrl\":\"https:\\\/\\\/www.webdyn.com\\\/wp-content\\\/uploads\\\/2021\\\/05\\\/Sens-Irradiation-900x900-min.png\",\"datePublished\":\"2021-05-04T08:56:43+00:00\",\"dateModified\":\"2021-05-10T12:58:27+00:00\",\"description\":\"Les capteurs d\u2019irradiation, une solution robuste et fiable pour mesurer l\u2019irradiation solaire pour la surveillance des centrales photovolta\u00efques.\",\"breadcrumb\":{\"@id\":\"https:\\\/\\\/www.webdyn.com\\\/fr\\\/produit\\\/sens-irradiation-capteur-de-temperature-irradiation\\\/#breadcrumb\"},\"inLanguage\":\"fr-FR\",\"potentialAction\":[{\"@type\":\"ReadAction\",\"target\":[\"https:\\\/\\\/www.webdyn.com\\\/fr\\\/produit\\\/sens-irradiation-capteur-de-temperature-irradiation\\\/\"]}]},{\"@type\":\"ImageObject\",\"inLanguage\":\"fr-FR\",\"@id\":\"https:\\\/\\\/www.webdyn.com\\\/fr\\\/produit\\\/sens-irradiation-capteur-de-temperature-irradiation\\\/#primaryimage\",\"url\":\"https:\\\/\\\/www.webdyn.com\\\/wp-content\\\/uploads\\\/2021\\\/05\\\/Sens-Irradiation-900x900-min.png\",\"contentUrl\":\"https:\\\/\\\/www.webdyn.com\\\/wp-content\\\/uploads\\\/2021\\\/05\\\/Sens-Irradiation-900x900-min.png\",\"width\":900,\"height\":900},{\"@type\":\"BreadcrumbList\",\"@id\":\"https:\\\/\\\/www.webdyn.com\\\/fr\\\/produit\\\/sens-irradiation-capteur-de-temperature-irradiation\\\/#breadcrumb\",\"itemListElement\":[{\"@type\":\"ListItem\",\"position\":1,\"name\":\"Accueil\",\"item\":\"https:\\\/\\\/www.webdyn.com\\\/fr\\\/\"},{\"@type\":\"ListItem\",\"position\":2,\"name\":\"Boutique\",\"item\":\"https:\\\/\\\/www.webdyn.com\\\/fr\\\/?page_id=890\"},{\"@type\":\"ListItem\",\"position\":3,\"name\":\"SENS\u2019 IRRADIATION &#8211; Capteur de temp\u00e9rature &#038; irradiation\"}]},{\"@type\":\"WebSite\",\"@id\":\"https:\\\/\\\/www.webdyn.com\\\/fr\\\/en\\\/#website\",\"url\":\"https:\\\/\\\/www.webdyn.com\\\/fr\\\/en\\\/\",\"name\":\"Webdyn\",\"description\":\"Passerelles et capteurs multi-protocoles de t\u00e9l\u00e9rel\u00e8ve d&#039;\u00e9nergie\",\"publisher\":{\"@id\":\"https:\\\/\\\/www.webdyn.com\\\/fr\\\/en\\\/#organization\"},\"potentialAction\":[{\"@type\":\"SearchAction\",\"target\":{\"@type\":\"EntryPoint\",\"urlTemplate\":\"https:\\\/\\\/www.webdyn.com\\\/fr\\\/en\\\/?s={search_term_string}\"},\"query-input\":{\"@type\":\"PropertyValueSpecification\",\"valueRequired\":true,\"valueName\":\"search_term_string\"}}],\"inLanguage\":\"fr-FR\"},{\"@type\":\"Organization\",\"@id\":\"https:\\\/\\\/www.webdyn.com\\\/fr\\\/en\\\/#organization\",\"name\":\"Webdyn\",\"url\":\"https:\\\/\\\/www.webdyn.com\\\/fr\\\/en\\\/\",\"logo\":{\"@type\":\"ImageObject\",\"inLanguage\":\"fr-FR\",\"@id\":\"https:\\\/\\\/www.webdyn.com\\\/fr\\\/en\\\/#\\\/schema\\\/logo\\\/image\\\/\",\"url\":\"https:\\\/\\\/www.webdyn.com\\\/wp-content\\\/uploads\\\/2021\\\/12\\\/cropped-Webdyn-Primary-Logo-1000px.png\",\"contentUrl\":\"https:\\\/\\\/www.webdyn.com\\\/wp-content\\\/uploads\\\/2021\\\/12\\\/cropped-Webdyn-Primary-Logo-1000px.png\",\"width\":1000,\"height\":202,\"caption\":\"Webdyn\"},\"image\":{\"@id\":\"https:\\\/\\\/www.webdyn.com\\\/fr\\\/en\\\/#\\\/schema\\\/logo\\\/image\\\/\"}}]}<\/script>\n<!-- \/ Yoast SEO plugin. -->","yoast_head_json":{"title":"SENS\u2019 IRRADIATION - Capteur de temp\u00e9rature & irradiation - Webdyn","description":"Les capteurs d\u2019irradiation, une solution robuste et fiable pour mesurer l\u2019irradiation solaire pour la surveillance des centrales photovolta\u00efques.","robots":{"index":"index","follow":"follow","max-snippet":"max-snippet:-1","max-image-preview":"max-image-preview:large","max-video-preview":"max-video-preview:-1"},"canonical":"https:\/\/www.webdyn.com\/fr\/produit\/sens-irradiation-capteur-de-temperature-irradiation\/","og_locale":"fr_FR","og_type":"article","og_title":"SENS\u2019 IRRADIATION - Capteur de temp\u00e9rature & irradiation - Webdyn","og_description":"Les capteurs d\u2019irradiation, une solution robuste et fiable pour mesurer l\u2019irradiation solaire pour la surveillance des centrales photovolta\u00efques.","og_url":"https:\/\/www.webdyn.com\/fr\/produit\/sens-irradiation-capteur-de-temperature-irradiation\/","og_site_name":"Webdyn","article_modified_time":"2021-05-10T12:58:27+00:00","og_image":[{"width":900,"height":900,"url":"https:\/\/www.webdyn.com\/wp-content\/uploads\/2021\/05\/Sens-Irradiation-900x900-min.png","type":"image\/png"}],"twitter_card":"summary_large_image","twitter_misc":{"Dur\u00e9e de lecture estim\u00e9e":"1 minute"},"schema":{"@context":"https:\/\/schema.org","@graph":[{"@type":"WebPage","@id":"https:\/\/www.webdyn.com\/fr\/produit\/sens-irradiation-capteur-de-temperature-irradiation\/","url":"https:\/\/www.webdyn.com\/fr\/produit\/sens-irradiation-capteur-de-temperature-irradiation\/","name":"SENS\u2019 IRRADIATION - Capteur de temp\u00e9rature & irradiation - Webdyn","isPartOf":{"@id":"https:\/\/www.webdyn.com\/fr\/en\/#website"},"primaryImageOfPage":{"@id":"https:\/\/www.webdyn.com\/fr\/produit\/sens-irradiation-capteur-de-temperature-irradiation\/#primaryimage"},"image":{"@id":"https:\/\/www.webdyn.com\/fr\/produit\/sens-irradiation-capteur-de-temperature-irradiation\/#primaryimage"},"thumbnailUrl":"https:\/\/www.webdyn.com\/wp-content\/uploads\/2021\/05\/Sens-Irradiation-900x900-min.png","datePublished":"2021-05-04T08:56:43+00:00","dateModified":"2021-05-10T12:58:27+00:00","description":"Les capteurs d\u2019irradiation, une solution robuste et fiable pour mesurer l\u2019irradiation solaire pour la surveillance des centrales photovolta\u00efques.","breadcrumb":{"@id":"https:\/\/www.webdyn.com\/fr\/produit\/sens-irradiation-capteur-de-temperature-irradiation\/#breadcrumb"},"inLanguage":"fr-FR","potentialAction":[{"@type":"ReadAction","target":["https:\/\/www.webdyn.com\/fr\/produit\/sens-irradiation-capteur-de-temperature-irradiation\/"]}]},{"@type":"ImageObject","inLanguage":"fr-FR","@id":"https:\/\/www.webdyn.com\/fr\/produit\/sens-irradiation-capteur-de-temperature-irradiation\/#primaryimage","url":"https:\/\/www.webdyn.com\/wp-content\/uploads\/2021\/05\/Sens-Irradiation-900x900-min.png","contentUrl":"https:\/\/www.webdyn.com\/wp-content\/uploads\/2021\/05\/Sens-Irradiation-900x900-min.png","width":900,"height":900},{"@type":"BreadcrumbList","@id":"https:\/\/www.webdyn.com\/fr\/produit\/sens-irradiation-capteur-de-temperature-irradiation\/#breadcrumb","itemListElement":[{"@type":"ListItem","position":1,"name":"Accueil","item":"https:\/\/www.webdyn.com\/fr\/"},{"@type":"ListItem","position":2,"name":"Boutique","item":"https:\/\/www.webdyn.com\/fr\/?page_id=890"},{"@type":"ListItem","position":3,"name":"SENS\u2019 IRRADIATION &#8211; Capteur de temp\u00e9rature &#038; irradiation"}]},{"@type":"WebSite","@id":"https:\/\/www.webdyn.com\/fr\/en\/#website","url":"https:\/\/www.webdyn.com\/fr\/en\/","name":"Webdyn","description":"Passerelles et capteurs multi-protocoles de t\u00e9l\u00e9rel\u00e8ve d&#039;\u00e9nergie","publisher":{"@id":"https:\/\/www.webdyn.com\/fr\/en\/#organization"},"potentialAction":[{"@type":"SearchAction","target":{"@type":"EntryPoint","urlTemplate":"https:\/\/www.webdyn.com\/fr\/en\/?s={search_term_string}"},"query-input":{"@type":"PropertyValueSpecification","valueRequired":true,"valueName":"search_term_string"}}],"inLanguage":"fr-FR"},{"@type":"Organization","@id":"https:\/\/www.webdyn.com\/fr\/en\/#organization","name":"Webdyn","url":"https:\/\/www.webdyn.com\/fr\/en\/","logo":{"@type":"ImageObject","inLanguage":"fr-FR","@id":"https:\/\/www.webdyn.com\/fr\/en\/#\/schema\/logo\/image\/","url":"https:\/\/www.webdyn.com\/wp-content\/uploads\/2021\/12\/cropped-Webdyn-Primary-Logo-1000px.png","contentUrl":"https:\/\/www.webdyn.com\/wp-content\/uploads\/2021\/12\/cropped-Webdyn-Primary-Logo-1000px.png","width":1000,"height":202,"caption":"Webdyn"},"image":{"@id":"https:\/\/www.webdyn.com\/fr\/en\/#\/schema\/logo\/image\/"}}]}},"_links":{"self":[{"href":"https:\/\/www.webdyn.com\/fr\/wp-json\/wp\/v2\/product\/4421","targetHints":{"allow":["GET"]}}],"collection":[{"href":"https:\/\/www.webdyn.com\/fr\/wp-json\/wp\/v2\/product"}],"about":[{"href":"https:\/\/www.webdyn.com\/fr\/wp-json\/wp\/v2\/types\/product"}],"replies":[{"embeddable":true,"href":"https:\/\/www.webdyn.com\/fr\/wp-json\/wp\/v2\/comments?post=4421"}],"wp:featuredmedia":[{"embeddable":true,"href":"https:\/\/www.webdyn.com\/fr\/wp-json\/wp\/v2\/media\/4486"}],"wp:attachment":[{"href":"https:\/\/www.webdyn.com\/fr\/wp-json\/wp\/v2\/media?parent=4421"}],"wp:term":[{"taxonomy":"product_brand","embeddable":true,"href":"https:\/\/www.webdyn.com\/fr\/wp-json\/wp\/v2\/product_brand?post=4421"},{"taxonomy":"product_cat","embeddable":true,"href":"https:\/\/www.webdyn.com\/fr\/wp-json\/wp\/v2\/product_cat?post=4421"},{"taxonomy":"product_tag","embeddable":true,"href":"https:\/\/www.webdyn.com\/fr\/wp-json\/wp\/v2\/product_tag?post=4421"}],"curies":[{"name":"wp","href":"https:\/\/api.w.org\/{rel}","templated":true}]}}