{"id":4428,"date":"2021-05-04T09:02:30","date_gmt":"2021-05-04T09:02:30","guid":{"rendered":"https:\/\/www.webdyn.com\/webdyn-2021\/?post_type=product&#038;p=4428"},"modified":"2021-05-06T20:29:31","modified_gmt":"2021-05-06T20:29:31","slug":"sens-ios-esclave-modbus-8-entrees-6-sorties-digitales","status":"publish","type":"product","link":"https:\/\/www.webdyn.com\/fr\/produit\/sens-ios-esclave-modbus-8-entrees-6-sorties-digitales\/","title":{"rendered":"SENS\u2019 IOS &#8211; Esclave modbus 8 entr\u00e9es\/6 sorties digitales"},"content":{"rendered":"<p><span class=\"TextRun SCXW200833664 BCX0\" lang=\"FR-FR\" xml:lang=\"FR-FR\" data-contrast=\"auto\"><span class=\"NormalTextRun SCXW200833664 BCX0\" data-ccp-parastyle=\"No Spacing\">Le module comporte 8 voies pour entr\u00e9es \u00e0 collecteur ouvert, contact sec, contact humide, isol\u00e9es, et 6 voies pour sorties \u00e0 collecteur ouvert, isol\u00e9es. Le BUS de sortie, de type RS485, comporte une protection contre les surtensions pour r\u00e9duire l\u2019interf\u00e9rence par un port de communication s\u00e9rie. La sortie est isol\u00e9e par des\u00a0<\/span><\/span><span class=\"TextRun SCXW200833664 BCX0\" lang=\"FR-FR\" xml:lang=\"FR-FR\" data-contrast=\"auto\"><span class=\"NormalTextRun SpellingErrorV2 SCXW200833664 BCX0\" data-ccp-parastyle=\"No Spacing\">opto-coupleurs<\/span><\/span><span class=\"TextRun SCXW200833664 BCX0\" lang=\"FR-FR\" xml:lang=\"FR-FR\" data-contrast=\"auto\"><span class=\"NormalTextRun SCXW200833664 BCX0\" data-ccp-parastyle=\"No Spacing\">\u00a0haute vitesse. Les modules sont des \u00e9quipements\u00a0<\/span><\/span><span class=\"TextRun SCXW200833664 BCX0\" lang=\"FR-FR\" xml:lang=\"FR-FR\" data-contrast=\"auto\"><span class=\"NormalTextRun SpellingErrorV2 SCXW200833664 BCX0\" data-ccp-parastyle=\"No Spacing\">esclaves<\/span><\/span><span class=\"TextRun SCXW200833664 BCX0\" lang=\"FR-FR\" xml:lang=\"FR-FR\" data-contrast=\"auto\"><span class=\"NormalTextRun SCXW200833664 BCX0\" data-ccp-parastyle=\"No Spacing\">\u00a0qui peuvent \u00eatre facilement contr\u00f4l\u00e9s par des passerelles Webdyn.<\/span><\/span><span class=\"EOP SCXW200833664 BCX0\" data-ccp-props=\"{&quot;201341983&quot;:0,&quot;335559739&quot;:0,&quot;335559740&quot;:240}\">\u00a0<\/span><\/p>\n","protected":false},"excerpt":{"rendered":"<p>Le module comporte 8 voies pour entr\u00e9es \u00e0 collecteur ouvert, contact sec, contact humide, isol\u00e9es, et 6 voies pour sorties \u00e0 collecteur ouvert, isol\u00e9es. Le BUS de sortie, de type RS485, comporte une protection contre les surtensions pour r\u00e9duire l\u2019interf\u00e9rence par un port de communication s\u00e9rie. La sortie est isol\u00e9e par des\u00a0opto-coupleurs\u00a0haute vitesse. Les modules [&hellip;]<\/p>\n","protected":false},"featured_media":4455,"comment_status":"closed","ping_status":"closed","template":"","meta":{"_acf_changed":false,"rs_blank_template":"","rs_page_bg_color":"","slide_template_v7":""},"product_brand":[],"product_cat":[130],"product_tag":[],"class_list":{"0":"post-4428","1":"product","2":"type-product","3":"status-publish","4":"has-post-thumbnail","6":"product_cat-accessoires","8":"first","9":"instock","10":"shipping-taxable","11":"product-type-simple"},"acf":[],"yoast_head":"<!-- This site is optimized with the Yoast SEO plugin v27.5 - https:\/\/yoast.com\/product\/yoast-seo-wordpress\/ -->\n<title>SENS\u2019 IOS - Esclave modbus 8 entr\u00e9es\/6 sorties digitales - Webdyn<\/title>\n<meta name=\"description\" content=\"Esclave Modbus avec 8 entr\u00e9es \u00e0 collecteur ouvert, contact sec ou humide, isol\u00e9es et 6 sorties \u00e0 collecteur ouvert, isol\u00e9es avec un bus RS485\" \/>\n<meta name=\"robots\" content=\"index, follow, max-snippet:-1, max-image-preview:large, max-video-preview:-1\" \/>\n<link rel=\"canonical\" href=\"https:\/\/www.webdyn.com\/fr\/produit\/sens-ios-esclave-modbus-8-entrees-6-sorties-digitales\/\" \/>\n<meta property=\"og:locale\" content=\"fr_FR\" \/>\n<meta property=\"og:type\" content=\"article\" \/>\n<meta property=\"og:title\" content=\"SENS\u2019 IOS - Esclave modbus 8 entr\u00e9es\/6 sorties digitales - Webdyn\" \/>\n<meta property=\"og:description\" content=\"Esclave Modbus avec 8 entr\u00e9es \u00e0 collecteur ouvert, contact sec ou humide, isol\u00e9es et 6 sorties \u00e0 collecteur ouvert, isol\u00e9es avec un bus RS485\" \/>\n<meta property=\"og:url\" content=\"https:\/\/www.webdyn.com\/fr\/produit\/sens-ios-esclave-modbus-8-entrees-6-sorties-digitales\/\" \/>\n<meta property=\"og:site_name\" content=\"Webdyn\" \/>\n<meta property=\"article:modified_time\" content=\"2021-05-06T20:29:31+00:00\" \/>\n<meta property=\"og:image\" content=\"https:\/\/www.webdyn.com\/wp-content\/uploads\/2021\/05\/SensIOS-esclave-modbus-8-entrees-et-6-sorties-900x900-min.png\" \/>\n\t<meta property=\"og:image:width\" content=\"900\" \/>\n\t<meta property=\"og:image:height\" content=\"900\" \/>\n\t<meta property=\"og:image:type\" content=\"image\/png\" \/>\n<meta name=\"twitter:card\" content=\"summary_large_image\" \/>\n<meta name=\"twitter:label1\" content=\"Dur\u00e9e de lecture estim\u00e9e\" \/>\n\t<meta name=\"twitter:data1\" content=\"1 minute\" \/>\n<script type=\"application\/ld+json\" class=\"yoast-schema-graph\">{\"@context\":\"https:\\\/\\\/schema.org\",\"@graph\":[{\"@type\":\"WebPage\",\"@id\":\"https:\\\/\\\/www.webdyn.com\\\/fr\\\/produit\\\/sens-ios-esclave-modbus-8-entrees-6-sorties-digitales\\\/\",\"url\":\"https:\\\/\\\/www.webdyn.com\\\/fr\\\/produit\\\/sens-ios-esclave-modbus-8-entrees-6-sorties-digitales\\\/\",\"name\":\"SENS\u2019 IOS - Esclave modbus 8 entr\u00e9es\\\/6 sorties digitales - Webdyn\",\"isPartOf\":{\"@id\":\"https:\\\/\\\/www.webdyn.com\\\/fr\\\/en\\\/#website\"},\"primaryImageOfPage\":{\"@id\":\"https:\\\/\\\/www.webdyn.com\\\/fr\\\/produit\\\/sens-ios-esclave-modbus-8-entrees-6-sorties-digitales\\\/#primaryimage\"},\"image\":{\"@id\":\"https:\\\/\\\/www.webdyn.com\\\/fr\\\/produit\\\/sens-ios-esclave-modbus-8-entrees-6-sorties-digitales\\\/#primaryimage\"},\"thumbnailUrl\":\"https:\\\/\\\/www.webdyn.com\\\/wp-content\\\/uploads\\\/2021\\\/05\\\/SensIOS-esclave-modbus-8-entrees-et-6-sorties-900x900-min.png\",\"datePublished\":\"2021-05-04T09:02:30+00:00\",\"dateModified\":\"2021-05-06T20:29:31+00:00\",\"description\":\"Esclave Modbus avec 8 entr\u00e9es \u00e0 collecteur ouvert, contact sec ou humide, isol\u00e9es et 6 sorties \u00e0 collecteur ouvert, isol\u00e9es avec un bus RS485\",\"breadcrumb\":{\"@id\":\"https:\\\/\\\/www.webdyn.com\\\/fr\\\/produit\\\/sens-ios-esclave-modbus-8-entrees-6-sorties-digitales\\\/#breadcrumb\"},\"inLanguage\":\"fr-FR\",\"potentialAction\":[{\"@type\":\"ReadAction\",\"target\":[\"https:\\\/\\\/www.webdyn.com\\\/fr\\\/produit\\\/sens-ios-esclave-modbus-8-entrees-6-sorties-digitales\\\/\"]}]},{\"@type\":\"ImageObject\",\"inLanguage\":\"fr-FR\",\"@id\":\"https:\\\/\\\/www.webdyn.com\\\/fr\\\/produit\\\/sens-ios-esclave-modbus-8-entrees-6-sorties-digitales\\\/#primaryimage\",\"url\":\"https:\\\/\\\/www.webdyn.com\\\/wp-content\\\/uploads\\\/2021\\\/05\\\/SensIOS-esclave-modbus-8-entrees-et-6-sorties-900x900-min.png\",\"contentUrl\":\"https:\\\/\\\/www.webdyn.com\\\/wp-content\\\/uploads\\\/2021\\\/05\\\/SensIOS-esclave-modbus-8-entrees-et-6-sorties-900x900-min.png\",\"width\":900,\"height\":900},{\"@type\":\"BreadcrumbList\",\"@id\":\"https:\\\/\\\/www.webdyn.com\\\/fr\\\/produit\\\/sens-ios-esclave-modbus-8-entrees-6-sorties-digitales\\\/#breadcrumb\",\"itemListElement\":[{\"@type\":\"ListItem\",\"position\":1,\"name\":\"Accueil\",\"item\":\"https:\\\/\\\/www.webdyn.com\\\/fr\\\/\"},{\"@type\":\"ListItem\",\"position\":2,\"name\":\"Boutique\",\"item\":\"https:\\\/\\\/www.webdyn.com\\\/fr\\\/?page_id=890\"},{\"@type\":\"ListItem\",\"position\":3,\"name\":\"SENS\u2019 IOS &#8211; Esclave modbus 8 entr\u00e9es\\\/6 sorties digitales\"}]},{\"@type\":\"WebSite\",\"@id\":\"https:\\\/\\\/www.webdyn.com\\\/fr\\\/en\\\/#website\",\"url\":\"https:\\\/\\\/www.webdyn.com\\\/fr\\\/en\\\/\",\"name\":\"Webdyn\",\"description\":\"Passerelles et capteurs multi-protocoles de t\u00e9l\u00e9rel\u00e8ve d&#039;\u00e9nergie\",\"publisher\":{\"@id\":\"https:\\\/\\\/www.webdyn.com\\\/fr\\\/en\\\/#organization\"},\"potentialAction\":[{\"@type\":\"SearchAction\",\"target\":{\"@type\":\"EntryPoint\",\"urlTemplate\":\"https:\\\/\\\/www.webdyn.com\\\/fr\\\/en\\\/?s={search_term_string}\"},\"query-input\":{\"@type\":\"PropertyValueSpecification\",\"valueRequired\":true,\"valueName\":\"search_term_string\"}}],\"inLanguage\":\"fr-FR\"},{\"@type\":\"Organization\",\"@id\":\"https:\\\/\\\/www.webdyn.com\\\/fr\\\/en\\\/#organization\",\"name\":\"Webdyn\",\"url\":\"https:\\\/\\\/www.webdyn.com\\\/fr\\\/en\\\/\",\"logo\":{\"@type\":\"ImageObject\",\"inLanguage\":\"fr-FR\",\"@id\":\"https:\\\/\\\/www.webdyn.com\\\/fr\\\/en\\\/#\\\/schema\\\/logo\\\/image\\\/\",\"url\":\"https:\\\/\\\/www.webdyn.com\\\/wp-content\\\/uploads\\\/2021\\\/12\\\/cropped-Webdyn-Primary-Logo-1000px.png\",\"contentUrl\":\"https:\\\/\\\/www.webdyn.com\\\/wp-content\\\/uploads\\\/2021\\\/12\\\/cropped-Webdyn-Primary-Logo-1000px.png\",\"width\":1000,\"height\":202,\"caption\":\"Webdyn\"},\"image\":{\"@id\":\"https:\\\/\\\/www.webdyn.com\\\/fr\\\/en\\\/#\\\/schema\\\/logo\\\/image\\\/\"}}]}<\/script>\n<!-- \/ Yoast SEO plugin. -->","yoast_head_json":{"title":"SENS\u2019 IOS - Esclave modbus 8 entr\u00e9es\/6 sorties digitales - Webdyn","description":"Esclave Modbus avec 8 entr\u00e9es \u00e0 collecteur ouvert, contact sec ou humide, isol\u00e9es et 6 sorties \u00e0 collecteur ouvert, isol\u00e9es avec un bus RS485","robots":{"index":"index","follow":"follow","max-snippet":"max-snippet:-1","max-image-preview":"max-image-preview:large","max-video-preview":"max-video-preview:-1"},"canonical":"https:\/\/www.webdyn.com\/fr\/produit\/sens-ios-esclave-modbus-8-entrees-6-sorties-digitales\/","og_locale":"fr_FR","og_type":"article","og_title":"SENS\u2019 IOS - Esclave modbus 8 entr\u00e9es\/6 sorties digitales - Webdyn","og_description":"Esclave Modbus avec 8 entr\u00e9es \u00e0 collecteur ouvert, contact sec ou humide, isol\u00e9es et 6 sorties \u00e0 collecteur ouvert, isol\u00e9es avec un bus RS485","og_url":"https:\/\/www.webdyn.com\/fr\/produit\/sens-ios-esclave-modbus-8-entrees-6-sorties-digitales\/","og_site_name":"Webdyn","article_modified_time":"2021-05-06T20:29:31+00:00","og_image":[{"width":900,"height":900,"url":"https:\/\/www.webdyn.com\/wp-content\/uploads\/2021\/05\/SensIOS-esclave-modbus-8-entrees-et-6-sorties-900x900-min.png","type":"image\/png"}],"twitter_card":"summary_large_image","twitter_misc":{"Dur\u00e9e de lecture estim\u00e9e":"1 minute"},"schema":{"@context":"https:\/\/schema.org","@graph":[{"@type":"WebPage","@id":"https:\/\/www.webdyn.com\/fr\/produit\/sens-ios-esclave-modbus-8-entrees-6-sorties-digitales\/","url":"https:\/\/www.webdyn.com\/fr\/produit\/sens-ios-esclave-modbus-8-entrees-6-sorties-digitales\/","name":"SENS\u2019 IOS - Esclave modbus 8 entr\u00e9es\/6 sorties digitales - Webdyn","isPartOf":{"@id":"https:\/\/www.webdyn.com\/fr\/en\/#website"},"primaryImageOfPage":{"@id":"https:\/\/www.webdyn.com\/fr\/produit\/sens-ios-esclave-modbus-8-entrees-6-sorties-digitales\/#primaryimage"},"image":{"@id":"https:\/\/www.webdyn.com\/fr\/produit\/sens-ios-esclave-modbus-8-entrees-6-sorties-digitales\/#primaryimage"},"thumbnailUrl":"https:\/\/www.webdyn.com\/wp-content\/uploads\/2021\/05\/SensIOS-esclave-modbus-8-entrees-et-6-sorties-900x900-min.png","datePublished":"2021-05-04T09:02:30+00:00","dateModified":"2021-05-06T20:29:31+00:00","description":"Esclave Modbus avec 8 entr\u00e9es \u00e0 collecteur ouvert, contact sec ou humide, isol\u00e9es et 6 sorties \u00e0 collecteur ouvert, isol\u00e9es avec un bus RS485","breadcrumb":{"@id":"https:\/\/www.webdyn.com\/fr\/produit\/sens-ios-esclave-modbus-8-entrees-6-sorties-digitales\/#breadcrumb"},"inLanguage":"fr-FR","potentialAction":[{"@type":"ReadAction","target":["https:\/\/www.webdyn.com\/fr\/produit\/sens-ios-esclave-modbus-8-entrees-6-sorties-digitales\/"]}]},{"@type":"ImageObject","inLanguage":"fr-FR","@id":"https:\/\/www.webdyn.com\/fr\/produit\/sens-ios-esclave-modbus-8-entrees-6-sorties-digitales\/#primaryimage","url":"https:\/\/www.webdyn.com\/wp-content\/uploads\/2021\/05\/SensIOS-esclave-modbus-8-entrees-et-6-sorties-900x900-min.png","contentUrl":"https:\/\/www.webdyn.com\/wp-content\/uploads\/2021\/05\/SensIOS-esclave-modbus-8-entrees-et-6-sorties-900x900-min.png","width":900,"height":900},{"@type":"BreadcrumbList","@id":"https:\/\/www.webdyn.com\/fr\/produit\/sens-ios-esclave-modbus-8-entrees-6-sorties-digitales\/#breadcrumb","itemListElement":[{"@type":"ListItem","position":1,"name":"Accueil","item":"https:\/\/www.webdyn.com\/fr\/"},{"@type":"ListItem","position":2,"name":"Boutique","item":"https:\/\/www.webdyn.com\/fr\/?page_id=890"},{"@type":"ListItem","position":3,"name":"SENS\u2019 IOS &#8211; Esclave modbus 8 entr\u00e9es\/6 sorties digitales"}]},{"@type":"WebSite","@id":"https:\/\/www.webdyn.com\/fr\/en\/#website","url":"https:\/\/www.webdyn.com\/fr\/en\/","name":"Webdyn","description":"Passerelles et capteurs multi-protocoles de t\u00e9l\u00e9rel\u00e8ve d&#039;\u00e9nergie","publisher":{"@id":"https:\/\/www.webdyn.com\/fr\/en\/#organization"},"potentialAction":[{"@type":"SearchAction","target":{"@type":"EntryPoint","urlTemplate":"https:\/\/www.webdyn.com\/fr\/en\/?s={search_term_string}"},"query-input":{"@type":"PropertyValueSpecification","valueRequired":true,"valueName":"search_term_string"}}],"inLanguage":"fr-FR"},{"@type":"Organization","@id":"https:\/\/www.webdyn.com\/fr\/en\/#organization","name":"Webdyn","url":"https:\/\/www.webdyn.com\/fr\/en\/","logo":{"@type":"ImageObject","inLanguage":"fr-FR","@id":"https:\/\/www.webdyn.com\/fr\/en\/#\/schema\/logo\/image\/","url":"https:\/\/www.webdyn.com\/wp-content\/uploads\/2021\/12\/cropped-Webdyn-Primary-Logo-1000px.png","contentUrl":"https:\/\/www.webdyn.com\/wp-content\/uploads\/2021\/12\/cropped-Webdyn-Primary-Logo-1000px.png","width":1000,"height":202,"caption":"Webdyn"},"image":{"@id":"https:\/\/www.webdyn.com\/fr\/en\/#\/schema\/logo\/image\/"}}]}},"_links":{"self":[{"href":"https:\/\/www.webdyn.com\/fr\/wp-json\/wp\/v2\/product\/4428","targetHints":{"allow":["GET"]}}],"collection":[{"href":"https:\/\/www.webdyn.com\/fr\/wp-json\/wp\/v2\/product"}],"about":[{"href":"https:\/\/www.webdyn.com\/fr\/wp-json\/wp\/v2\/types\/product"}],"replies":[{"embeddable":true,"href":"https:\/\/www.webdyn.com\/fr\/wp-json\/wp\/v2\/comments?post=4428"}],"wp:featuredmedia":[{"embeddable":true,"href":"https:\/\/www.webdyn.com\/fr\/wp-json\/wp\/v2\/media\/4455"}],"wp:attachment":[{"href":"https:\/\/www.webdyn.com\/fr\/wp-json\/wp\/v2\/media?parent=4428"}],"wp:term":[{"taxonomy":"product_brand","embeddable":true,"href":"https:\/\/www.webdyn.com\/fr\/wp-json\/wp\/v2\/product_brand?post=4428"},{"taxonomy":"product_cat","embeddable":true,"href":"https:\/\/www.webdyn.com\/fr\/wp-json\/wp\/v2\/product_cat?post=4428"},{"taxonomy":"product_tag","embeddable":true,"href":"https:\/\/www.webdyn.com\/fr\/wp-json\/wp\/v2\/product_tag?post=4428"}],"curies":[{"name":"wp","href":"https:\/\/api.w.org\/{rel}","templated":true}]}}