{"id":734854,"date":"2023-11-15T18:53:34","date_gmt":"2023-11-15T18:53:42","guid":{"rendered":"https:\/\/www.webdyn.com\/?post_type=product&#038;p=734854"},"modified":"2025-03-20T09:04:29","modified_gmt":"2025-03-20T09:04:29","slug":"easyrouter","status":"publish","type":"product","link":"https:\/\/www.webdyn.com\/fr\/produit\/easyrouter\/","title":{"rendered":"EasyRouter"},"content":{"rendered":"<p>EasyRouter est une solution tout-en-un puissante et innovante. Gr\u00e2ce \u00e0 ses interfaces (RS232, RS485, Dual SIM, E\/S num\u00e9rique, Gigabit Ethernet, GPS et WiFi) et au nouveau logiciel TITAN V6 int\u00e9gr\u00e9 (Modbus, MQTT, IPSec, logger, etc.), elle offre un ensemble complet de fonctionnalit\u00e9s qui r\u00e9pondront \u00e0 tous vos besoins en mati\u00e8re d&rsquo;IoT sans n\u00e9cessiter<br \/>\nde mat\u00e9riel suppl\u00e9mentaire pour une mise sur le march\u00e9 plus rapide et une rentabilit\u00e9 toujours plus \u00e9lev\u00e9e.<br \/>\nToute nouvelle fonctionnalit\u00e9, EasyRouter permet \u00e0 l\u2019utilisateur de d\u00e9velopper et d\u2019ex\u00e9cuter ses propres scripts d\u2019application (bas\u00e9s sur JavaScript) et d\u2019apporter \u00e0 l\u2019application IoT finale un style personnalis\u00e9. Elle comprend un grand nombre d&rsquo;exemples avec code source.<\/p>\n","protected":false},"excerpt":{"rendered":"<p>EasyRouter est une solution tout-en-un puissante et innovante. Gr\u00e2ce \u00e0 ses interfaces (RS232, RS485, Dual SIM, E\/S num\u00e9rique, Gigabit Ethernet, GPS et WiFi) et au nouveau logiciel TITAN V6 int\u00e9gr\u00e9 (Modbus, MQTT, IPSec, logger, etc.), elle offre un ensemble complet de fonctionnalit\u00e9s qui r\u00e9pondront \u00e0 tous vos besoins en mati\u00e8re d&rsquo;IoT sans n\u00e9cessiter de mat\u00e9riel [&hellip;]<\/p>\n","protected":false},"featured_media":734829,"comment_status":"closed","ping_status":"closed","template":"","meta":{"_acf_changed":false,"rs_blank_template":"","rs_page_bg_color":"","slide_template_v7":""},"product_brand":[],"product_cat":[192,183,186,189],"product_tag":[],"class_list":{"0":"post-734854","1":"product","2":"type-product","3":"status-publish","4":"has-post-thumbnail","6":"product_cat-iot-routers","7":"product_cat-smart-industry-4-0","8":"product_cat-smart-metering","9":"product_cat-smart-transport","11":"first","12":"instock","13":"shipping-taxable","14":"product-type-simple"},"acf":[],"yoast_head":"<!-- This site is optimized with the Yoast SEO plugin v27.5 - https:\/\/yoast.com\/product\/yoast-seo-wordpress\/ -->\n<title>EasyRouter - Webdyn<\/title>\n<meta name=\"description\" content=\"EasyRouter est une solution tout-en-un puissante et innovante pour vos applications IoT\" \/>\n<meta name=\"robots\" content=\"index, follow, max-snippet:-1, max-image-preview:large, max-video-preview:-1\" \/>\n<link rel=\"canonical\" href=\"https:\/\/www.webdyn.com\/fr\/produit\/easyrouter\/\" \/>\n<meta property=\"og:locale\" content=\"fr_FR\" \/>\n<meta property=\"og:type\" content=\"article\" \/>\n<meta property=\"og:title\" content=\"EasyRouter - Webdyn\" \/>\n<meta property=\"og:description\" content=\"EasyRouter est une solution tout-en-un puissante et innovante pour vos applications IoT\" \/>\n<meta property=\"og:url\" content=\"https:\/\/www.webdyn.com\/fr\/produit\/easyrouter\/\" \/>\n<meta property=\"og:site_name\" content=\"Webdyn\" \/>\n<meta property=\"article:modified_time\" content=\"2025-03-20T09:04:29+00:00\" \/>\n<meta property=\"og:image\" content=\"https:\/\/www.webdyn.com\/wp-content\/uploads\/2023\/11\/EasyRouter_900x900.png\" \/>\n\t<meta property=\"og:image:width\" content=\"900\" \/>\n\t<meta property=\"og:image:height\" content=\"900\" \/>\n\t<meta property=\"og:image:type\" content=\"image\/png\" \/>\n<meta name=\"twitter:card\" content=\"summary_large_image\" \/>\n<meta name=\"twitter:label1\" content=\"Dur\u00e9e de lecture estim\u00e9e\" \/>\n\t<meta name=\"twitter:data1\" content=\"1 minute\" \/>\n<script type=\"application\/ld+json\" class=\"yoast-schema-graph\">{\"@context\":\"https:\\\/\\\/schema.org\",\"@graph\":[{\"@type\":\"WebPage\",\"@id\":\"https:\\\/\\\/www.webdyn.com\\\/fr\\\/produit\\\/easyrouter\\\/\",\"url\":\"https:\\\/\\\/www.webdyn.com\\\/fr\\\/produit\\\/easyrouter\\\/\",\"name\":\"EasyRouter - Webdyn\",\"isPartOf\":{\"@id\":\"https:\\\/\\\/www.webdyn.com\\\/fr\\\/en\\\/#website\"},\"primaryImageOfPage\":{\"@id\":\"https:\\\/\\\/www.webdyn.com\\\/fr\\\/produit\\\/easyrouter\\\/#primaryimage\"},\"image\":{\"@id\":\"https:\\\/\\\/www.webdyn.com\\\/fr\\\/produit\\\/easyrouter\\\/#primaryimage\"},\"thumbnailUrl\":\"https:\\\/\\\/www.webdyn.com\\\/wp-content\\\/uploads\\\/2023\\\/11\\\/EasyRouter_900x900.png\",\"datePublished\":\"2023-11-15T18:53:42+00:00\",\"dateModified\":\"2025-03-20T09:04:29+00:00\",\"description\":\"EasyRouter est une solution tout-en-un puissante et innovante pour vos applications IoT\",\"breadcrumb\":{\"@id\":\"https:\\\/\\\/www.webdyn.com\\\/fr\\\/produit\\\/easyrouter\\\/#breadcrumb\"},\"inLanguage\":\"fr-FR\",\"potentialAction\":[{\"@type\":\"ReadAction\",\"target\":[\"https:\\\/\\\/www.webdyn.com\\\/fr\\\/produit\\\/easyrouter\\\/\"]}]},{\"@type\":\"ImageObject\",\"inLanguage\":\"fr-FR\",\"@id\":\"https:\\\/\\\/www.webdyn.com\\\/fr\\\/produit\\\/easyrouter\\\/#primaryimage\",\"url\":\"https:\\\/\\\/www.webdyn.com\\\/wp-content\\\/uploads\\\/2023\\\/11\\\/EasyRouter_900x900.png\",\"contentUrl\":\"https:\\\/\\\/www.webdyn.com\\\/wp-content\\\/uploads\\\/2023\\\/11\\\/EasyRouter_900x900.png\",\"width\":900,\"height\":900,\"caption\":\"EasyRouter_picture\"},{\"@type\":\"BreadcrumbList\",\"@id\":\"https:\\\/\\\/www.webdyn.com\\\/fr\\\/produit\\\/easyrouter\\\/#breadcrumb\",\"itemListElement\":[{\"@type\":\"ListItem\",\"position\":1,\"name\":\"Accueil\",\"item\":\"https:\\\/\\\/www.webdyn.com\\\/fr\\\/\"},{\"@type\":\"ListItem\",\"position\":2,\"name\":\"Boutique\",\"item\":\"https:\\\/\\\/www.webdyn.com\\\/fr\\\/?page_id=890\"},{\"@type\":\"ListItem\",\"position\":3,\"name\":\"EasyRouter\"}]},{\"@type\":\"WebSite\",\"@id\":\"https:\\\/\\\/www.webdyn.com\\\/fr\\\/en\\\/#website\",\"url\":\"https:\\\/\\\/www.webdyn.com\\\/fr\\\/en\\\/\",\"name\":\"Webdyn\",\"description\":\"Passerelles et capteurs multi-protocoles de t\u00e9l\u00e9rel\u00e8ve d&#039;\u00e9nergie\",\"publisher\":{\"@id\":\"https:\\\/\\\/www.webdyn.com\\\/fr\\\/en\\\/#organization\"},\"potentialAction\":[{\"@type\":\"SearchAction\",\"target\":{\"@type\":\"EntryPoint\",\"urlTemplate\":\"https:\\\/\\\/www.webdyn.com\\\/fr\\\/en\\\/?s={search_term_string}\"},\"query-input\":{\"@type\":\"PropertyValueSpecification\",\"valueRequired\":true,\"valueName\":\"search_term_string\"}}],\"inLanguage\":\"fr-FR\"},{\"@type\":\"Organization\",\"@id\":\"https:\\\/\\\/www.webdyn.com\\\/fr\\\/en\\\/#organization\",\"name\":\"Webdyn\",\"url\":\"https:\\\/\\\/www.webdyn.com\\\/fr\\\/en\\\/\",\"logo\":{\"@type\":\"ImageObject\",\"inLanguage\":\"fr-FR\",\"@id\":\"https:\\\/\\\/www.webdyn.com\\\/fr\\\/en\\\/#\\\/schema\\\/logo\\\/image\\\/\",\"url\":\"https:\\\/\\\/www.webdyn.com\\\/wp-content\\\/uploads\\\/2021\\\/12\\\/cropped-Webdyn-Primary-Logo-1000px.png\",\"contentUrl\":\"https:\\\/\\\/www.webdyn.com\\\/wp-content\\\/uploads\\\/2021\\\/12\\\/cropped-Webdyn-Primary-Logo-1000px.png\",\"width\":1000,\"height\":202,\"caption\":\"Webdyn\"},\"image\":{\"@id\":\"https:\\\/\\\/www.webdyn.com\\\/fr\\\/en\\\/#\\\/schema\\\/logo\\\/image\\\/\"}}]}<\/script>\n<!-- \/ Yoast SEO plugin. -->","yoast_head_json":{"title":"EasyRouter - Webdyn","description":"EasyRouter est une solution tout-en-un puissante et innovante pour vos applications IoT","robots":{"index":"index","follow":"follow","max-snippet":"max-snippet:-1","max-image-preview":"max-image-preview:large","max-video-preview":"max-video-preview:-1"},"canonical":"https:\/\/www.webdyn.com\/fr\/produit\/easyrouter\/","og_locale":"fr_FR","og_type":"article","og_title":"EasyRouter - Webdyn","og_description":"EasyRouter est une solution tout-en-un puissante et innovante pour vos applications IoT","og_url":"https:\/\/www.webdyn.com\/fr\/produit\/easyrouter\/","og_site_name":"Webdyn","article_modified_time":"2025-03-20T09:04:29+00:00","og_image":[{"width":900,"height":900,"url":"https:\/\/www.webdyn.com\/wp-content\/uploads\/2023\/11\/EasyRouter_900x900.png","type":"image\/png"}],"twitter_card":"summary_large_image","twitter_misc":{"Dur\u00e9e de lecture estim\u00e9e":"1 minute"},"schema":{"@context":"https:\/\/schema.org","@graph":[{"@type":"WebPage","@id":"https:\/\/www.webdyn.com\/fr\/produit\/easyrouter\/","url":"https:\/\/www.webdyn.com\/fr\/produit\/easyrouter\/","name":"EasyRouter - Webdyn","isPartOf":{"@id":"https:\/\/www.webdyn.com\/fr\/en\/#website"},"primaryImageOfPage":{"@id":"https:\/\/www.webdyn.com\/fr\/produit\/easyrouter\/#primaryimage"},"image":{"@id":"https:\/\/www.webdyn.com\/fr\/produit\/easyrouter\/#primaryimage"},"thumbnailUrl":"https:\/\/www.webdyn.com\/wp-content\/uploads\/2023\/11\/EasyRouter_900x900.png","datePublished":"2023-11-15T18:53:42+00:00","dateModified":"2025-03-20T09:04:29+00:00","description":"EasyRouter est une solution tout-en-un puissante et innovante pour vos applications IoT","breadcrumb":{"@id":"https:\/\/www.webdyn.com\/fr\/produit\/easyrouter\/#breadcrumb"},"inLanguage":"fr-FR","potentialAction":[{"@type":"ReadAction","target":["https:\/\/www.webdyn.com\/fr\/produit\/easyrouter\/"]}]},{"@type":"ImageObject","inLanguage":"fr-FR","@id":"https:\/\/www.webdyn.com\/fr\/produit\/easyrouter\/#primaryimage","url":"https:\/\/www.webdyn.com\/wp-content\/uploads\/2023\/11\/EasyRouter_900x900.png","contentUrl":"https:\/\/www.webdyn.com\/wp-content\/uploads\/2023\/11\/EasyRouter_900x900.png","width":900,"height":900,"caption":"EasyRouter_picture"},{"@type":"BreadcrumbList","@id":"https:\/\/www.webdyn.com\/fr\/produit\/easyrouter\/#breadcrumb","itemListElement":[{"@type":"ListItem","position":1,"name":"Accueil","item":"https:\/\/www.webdyn.com\/fr\/"},{"@type":"ListItem","position":2,"name":"Boutique","item":"https:\/\/www.webdyn.com\/fr\/?page_id=890"},{"@type":"ListItem","position":3,"name":"EasyRouter"}]},{"@type":"WebSite","@id":"https:\/\/www.webdyn.com\/fr\/en\/#website","url":"https:\/\/www.webdyn.com\/fr\/en\/","name":"Webdyn","description":"Passerelles et capteurs multi-protocoles de t\u00e9l\u00e9rel\u00e8ve d&#039;\u00e9nergie","publisher":{"@id":"https:\/\/www.webdyn.com\/fr\/en\/#organization"},"potentialAction":[{"@type":"SearchAction","target":{"@type":"EntryPoint","urlTemplate":"https:\/\/www.webdyn.com\/fr\/en\/?s={search_term_string}"},"query-input":{"@type":"PropertyValueSpecification","valueRequired":true,"valueName":"search_term_string"}}],"inLanguage":"fr-FR"},{"@type":"Organization","@id":"https:\/\/www.webdyn.com\/fr\/en\/#organization","name":"Webdyn","url":"https:\/\/www.webdyn.com\/fr\/en\/","logo":{"@type":"ImageObject","inLanguage":"fr-FR","@id":"https:\/\/www.webdyn.com\/fr\/en\/#\/schema\/logo\/image\/","url":"https:\/\/www.webdyn.com\/wp-content\/uploads\/2021\/12\/cropped-Webdyn-Primary-Logo-1000px.png","contentUrl":"https:\/\/www.webdyn.com\/wp-content\/uploads\/2021\/12\/cropped-Webdyn-Primary-Logo-1000px.png","width":1000,"height":202,"caption":"Webdyn"},"image":{"@id":"https:\/\/www.webdyn.com\/fr\/en\/#\/schema\/logo\/image\/"}}]}},"_links":{"self":[{"href":"https:\/\/www.webdyn.com\/fr\/wp-json\/wp\/v2\/product\/734854","targetHints":{"allow":["GET"]}}],"collection":[{"href":"https:\/\/www.webdyn.com\/fr\/wp-json\/wp\/v2\/product"}],"about":[{"href":"https:\/\/www.webdyn.com\/fr\/wp-json\/wp\/v2\/types\/product"}],"replies":[{"embeddable":true,"href":"https:\/\/www.webdyn.com\/fr\/wp-json\/wp\/v2\/comments?post=734854"}],"wp:featuredmedia":[{"embeddable":true,"href":"https:\/\/www.webdyn.com\/fr\/wp-json\/wp\/v2\/media\/734829"}],"wp:attachment":[{"href":"https:\/\/www.webdyn.com\/fr\/wp-json\/wp\/v2\/media?parent=734854"}],"wp:term":[{"taxonomy":"product_brand","embeddable":true,"href":"https:\/\/www.webdyn.com\/fr\/wp-json\/wp\/v2\/product_brand?post=734854"},{"taxonomy":"product_cat","embeddable":true,"href":"https:\/\/www.webdyn.com\/fr\/wp-json\/wp\/v2\/product_cat?post=734854"},{"taxonomy":"product_tag","embeddable":true,"href":"https:\/\/www.webdyn.com\/fr\/wp-json\/wp\/v2\/product_tag?post=734854"}],"curies":[{"name":"wp","href":"https:\/\/api.w.org\/{rel}","templated":true}]}}