{"id":736780,"date":"2024-09-26T12:26:43","date_gmt":"2024-09-26T12:26:43","guid":{"rendered":"https:\/\/www.webdyn.com\/?post_type=product&#038;p=736780"},"modified":"2026-04-20T09:35:08","modified_gmt":"2026-04-20T09:35:08","slug":"easydot","status":"publish","type":"product","link":"https:\/\/www.webdyn.com\/fr\/produit\/easydot\/","title":{"rendered":"EasyDot"},"content":{"rendered":"<p>EasyDot est une solution tout-en-un innovante et puissante. Gr\u00e2ce \u00e0 ses interfaces (RS232 et RS485), au nouveau logiciel \u03bcTITAN et \u00e0 sa petite taille, elle s\u2019adapte \u00e0 toute solution IoT.<br \/>\nCe nouveau modem offre un ensemble complet de fonctionnalit\u00e9s g\u00e9r\u00e9es par le \u03bcTITAN, un logiciel embarqu\u00e9 qui r\u00e9pond \u00e0 tous vos besoins IoT, sans mat\u00e9riel suppl\u00e9mentaire et en offrant une solution tr\u00e8s \u00e9conomique.<\/p>\n","protected":false},"excerpt":{"rendered":"<p>EasyDot est une solution tout-en-un innovante et puissante. Gr\u00e2ce \u00e0 ses interfaces (RS232 et RS485), au nouveau logiciel \u03bcTITAN et \u00e0 sa petite taille, elle s\u2019adapte \u00e0 toute solution IoT. Ce nouveau modem offre un ensemble complet de fonctionnalit\u00e9s g\u00e9r\u00e9es par le \u03bcTITAN, un logiciel embarqu\u00e9 qui r\u00e9pond \u00e0 tous vos besoins IoT, sans mat\u00e9riel [&hellip;]<\/p>\n","protected":false},"featured_media":738179,"comment_status":"closed","ping_status":"closed","template":"","meta":{"_acf_changed":false,"rs_blank_template":"","rs_page_bg_color":"","slide_template_v7":""},"product_brand":[],"product_cat":[204,183,186],"product_tag":[],"class_list":{"0":"post-736780","1":"product","2":"type-product","3":"status-publish","4":"has-post-thumbnail","6":"product_cat-iot-modems-2","7":"product_cat-smart-industry-4-0","8":"product_cat-smart-metering","10":"first","11":"instock","12":"shipping-taxable","13":"product-type-simple"},"acf":[],"yoast_head":"<!-- This site is optimized with the Yoast SEO plugin v27.5 - https:\/\/yoast.com\/product\/yoast-seo-wordpress\/ -->\n<title>EasyDot - Webdyn<\/title>\n<meta name=\"description\" content=\"EasyDot est la nouvelle solution tout-en-un puissante et innovante pour vos applications IoT et industrielles 4.0.\" \/>\n<meta name=\"robots\" content=\"index, follow, max-snippet:-1, max-image-preview:large, max-video-preview:-1\" \/>\n<link rel=\"canonical\" href=\"https:\/\/www.webdyn.com\/fr\/produit\/easydot\/\" \/>\n<meta property=\"og:locale\" content=\"fr_FR\" \/>\n<meta property=\"og:type\" content=\"article\" \/>\n<meta property=\"og:title\" content=\"EasyDot - Webdyn\" \/>\n<meta property=\"og:description\" content=\"EasyDot est la nouvelle solution tout-en-un puissante et innovante pour vos applications IoT et industrielles 4.0.\" \/>\n<meta property=\"og:url\" content=\"https:\/\/www.webdyn.com\/fr\/produit\/easydot\/\" \/>\n<meta property=\"og:site_name\" content=\"Webdyn\" \/>\n<meta property=\"article:modified_time\" content=\"2026-04-20T09:35:08+00:00\" \/>\n<meta property=\"og:image\" content=\"https:\/\/www.webdyn.com\/wp-content\/uploads\/2025\/03\/EasyDot-Vertical-900x900-1.png\" \/>\n\t<meta property=\"og:image:width\" content=\"900\" \/>\n\t<meta property=\"og:image:height\" content=\"900\" \/>\n\t<meta property=\"og:image:type\" content=\"image\/png\" \/>\n<meta name=\"twitter:card\" content=\"summary_large_image\" \/>\n<meta name=\"twitter:label1\" content=\"Dur\u00e9e de lecture estim\u00e9e\" \/>\n\t<meta name=\"twitter:data1\" content=\"1 minute\" \/>\n<script type=\"application\/ld+json\" class=\"yoast-schema-graph\">{\"@context\":\"https:\\\/\\\/schema.org\",\"@graph\":[{\"@type\":\"WebPage\",\"@id\":\"https:\\\/\\\/www.webdyn.com\\\/fr\\\/produit\\\/easydot\\\/\",\"url\":\"https:\\\/\\\/www.webdyn.com\\\/fr\\\/produit\\\/easydot\\\/\",\"name\":\"EasyDot - Webdyn\",\"isPartOf\":{\"@id\":\"https:\\\/\\\/www.webdyn.com\\\/fr\\\/en\\\/#website\"},\"primaryImageOfPage\":{\"@id\":\"https:\\\/\\\/www.webdyn.com\\\/fr\\\/produit\\\/easydot\\\/#primaryimage\"},\"image\":{\"@id\":\"https:\\\/\\\/www.webdyn.com\\\/fr\\\/produit\\\/easydot\\\/#primaryimage\"},\"thumbnailUrl\":\"https:\\\/\\\/www.webdyn.com\\\/wp-content\\\/uploads\\\/2025\\\/03\\\/EasyDot-Vertical-900x900-1.png\",\"datePublished\":\"2024-09-26T12:26:43+00:00\",\"dateModified\":\"2026-04-20T09:35:08+00:00\",\"description\":\"EasyDot est la nouvelle solution tout-en-un puissante et innovante pour vos applications IoT et industrielles 4.0.\",\"breadcrumb\":{\"@id\":\"https:\\\/\\\/www.webdyn.com\\\/fr\\\/produit\\\/easydot\\\/#breadcrumb\"},\"inLanguage\":\"fr-FR\",\"potentialAction\":[{\"@type\":\"ReadAction\",\"target\":[\"https:\\\/\\\/www.webdyn.com\\\/fr\\\/produit\\\/easydot\\\/\"]}]},{\"@type\":\"ImageObject\",\"inLanguage\":\"fr-FR\",\"@id\":\"https:\\\/\\\/www.webdyn.com\\\/fr\\\/produit\\\/easydot\\\/#primaryimage\",\"url\":\"https:\\\/\\\/www.webdyn.com\\\/wp-content\\\/uploads\\\/2025\\\/03\\\/EasyDot-Vertical-900x900-1.png\",\"contentUrl\":\"https:\\\/\\\/www.webdyn.com\\\/wp-content\\\/uploads\\\/2025\\\/03\\\/EasyDot-Vertical-900x900-1.png\",\"width\":900,\"height\":900,\"caption\":\"EasyDot Vertical picture\"},{\"@type\":\"BreadcrumbList\",\"@id\":\"https:\\\/\\\/www.webdyn.com\\\/fr\\\/produit\\\/easydot\\\/#breadcrumb\",\"itemListElement\":[{\"@type\":\"ListItem\",\"position\":1,\"name\":\"Accueil\",\"item\":\"https:\\\/\\\/www.webdyn.com\\\/fr\\\/\"},{\"@type\":\"ListItem\",\"position\":2,\"name\":\"Boutique\",\"item\":\"https:\\\/\\\/www.webdyn.com\\\/fr\\\/?page_id=890\"},{\"@type\":\"ListItem\",\"position\":3,\"name\":\"EasyDot\"}]},{\"@type\":\"WebSite\",\"@id\":\"https:\\\/\\\/www.webdyn.com\\\/fr\\\/en\\\/#website\",\"url\":\"https:\\\/\\\/www.webdyn.com\\\/fr\\\/en\\\/\",\"name\":\"Webdyn\",\"description\":\"Passerelles et capteurs multi-protocoles de t\u00e9l\u00e9rel\u00e8ve d&#039;\u00e9nergie\",\"publisher\":{\"@id\":\"https:\\\/\\\/www.webdyn.com\\\/fr\\\/en\\\/#organization\"},\"potentialAction\":[{\"@type\":\"SearchAction\",\"target\":{\"@type\":\"EntryPoint\",\"urlTemplate\":\"https:\\\/\\\/www.webdyn.com\\\/fr\\\/en\\\/?s={search_term_string}\"},\"query-input\":{\"@type\":\"PropertyValueSpecification\",\"valueRequired\":true,\"valueName\":\"search_term_string\"}}],\"inLanguage\":\"fr-FR\"},{\"@type\":\"Organization\",\"@id\":\"https:\\\/\\\/www.webdyn.com\\\/fr\\\/en\\\/#organization\",\"name\":\"Webdyn\",\"url\":\"https:\\\/\\\/www.webdyn.com\\\/fr\\\/en\\\/\",\"logo\":{\"@type\":\"ImageObject\",\"inLanguage\":\"fr-FR\",\"@id\":\"https:\\\/\\\/www.webdyn.com\\\/fr\\\/en\\\/#\\\/schema\\\/logo\\\/image\\\/\",\"url\":\"https:\\\/\\\/www.webdyn.com\\\/wp-content\\\/uploads\\\/2021\\\/12\\\/cropped-Webdyn-Primary-Logo-1000px.png\",\"contentUrl\":\"https:\\\/\\\/www.webdyn.com\\\/wp-content\\\/uploads\\\/2021\\\/12\\\/cropped-Webdyn-Primary-Logo-1000px.png\",\"width\":1000,\"height\":202,\"caption\":\"Webdyn\"},\"image\":{\"@id\":\"https:\\\/\\\/www.webdyn.com\\\/fr\\\/en\\\/#\\\/schema\\\/logo\\\/image\\\/\"}}]}<\/script>\n<!-- \/ Yoast SEO plugin. -->","yoast_head_json":{"title":"EasyDot - Webdyn","description":"EasyDot est la nouvelle solution tout-en-un puissante et innovante pour vos applications IoT et industrielles 4.0.","robots":{"index":"index","follow":"follow","max-snippet":"max-snippet:-1","max-image-preview":"max-image-preview:large","max-video-preview":"max-video-preview:-1"},"canonical":"https:\/\/www.webdyn.com\/fr\/produit\/easydot\/","og_locale":"fr_FR","og_type":"article","og_title":"EasyDot - Webdyn","og_description":"EasyDot est la nouvelle solution tout-en-un puissante et innovante pour vos applications IoT et industrielles 4.0.","og_url":"https:\/\/www.webdyn.com\/fr\/produit\/easydot\/","og_site_name":"Webdyn","article_modified_time":"2026-04-20T09:35:08+00:00","og_image":[{"width":900,"height":900,"url":"https:\/\/www.webdyn.com\/wp-content\/uploads\/2025\/03\/EasyDot-Vertical-900x900-1.png","type":"image\/png"}],"twitter_card":"summary_large_image","twitter_misc":{"Dur\u00e9e de lecture estim\u00e9e":"1 minute"},"schema":{"@context":"https:\/\/schema.org","@graph":[{"@type":"WebPage","@id":"https:\/\/www.webdyn.com\/fr\/produit\/easydot\/","url":"https:\/\/www.webdyn.com\/fr\/produit\/easydot\/","name":"EasyDot - Webdyn","isPartOf":{"@id":"https:\/\/www.webdyn.com\/fr\/en\/#website"},"primaryImageOfPage":{"@id":"https:\/\/www.webdyn.com\/fr\/produit\/easydot\/#primaryimage"},"image":{"@id":"https:\/\/www.webdyn.com\/fr\/produit\/easydot\/#primaryimage"},"thumbnailUrl":"https:\/\/www.webdyn.com\/wp-content\/uploads\/2025\/03\/EasyDot-Vertical-900x900-1.png","datePublished":"2024-09-26T12:26:43+00:00","dateModified":"2026-04-20T09:35:08+00:00","description":"EasyDot est la nouvelle solution tout-en-un puissante et innovante pour vos applications IoT et industrielles 4.0.","breadcrumb":{"@id":"https:\/\/www.webdyn.com\/fr\/produit\/easydot\/#breadcrumb"},"inLanguage":"fr-FR","potentialAction":[{"@type":"ReadAction","target":["https:\/\/www.webdyn.com\/fr\/produit\/easydot\/"]}]},{"@type":"ImageObject","inLanguage":"fr-FR","@id":"https:\/\/www.webdyn.com\/fr\/produit\/easydot\/#primaryimage","url":"https:\/\/www.webdyn.com\/wp-content\/uploads\/2025\/03\/EasyDot-Vertical-900x900-1.png","contentUrl":"https:\/\/www.webdyn.com\/wp-content\/uploads\/2025\/03\/EasyDot-Vertical-900x900-1.png","width":900,"height":900,"caption":"EasyDot Vertical picture"},{"@type":"BreadcrumbList","@id":"https:\/\/www.webdyn.com\/fr\/produit\/easydot\/#breadcrumb","itemListElement":[{"@type":"ListItem","position":1,"name":"Accueil","item":"https:\/\/www.webdyn.com\/fr\/"},{"@type":"ListItem","position":2,"name":"Boutique","item":"https:\/\/www.webdyn.com\/fr\/?page_id=890"},{"@type":"ListItem","position":3,"name":"EasyDot"}]},{"@type":"WebSite","@id":"https:\/\/www.webdyn.com\/fr\/en\/#website","url":"https:\/\/www.webdyn.com\/fr\/en\/","name":"Webdyn","description":"Passerelles et capteurs multi-protocoles de t\u00e9l\u00e9rel\u00e8ve d&#039;\u00e9nergie","publisher":{"@id":"https:\/\/www.webdyn.com\/fr\/en\/#organization"},"potentialAction":[{"@type":"SearchAction","target":{"@type":"EntryPoint","urlTemplate":"https:\/\/www.webdyn.com\/fr\/en\/?s={search_term_string}"},"query-input":{"@type":"PropertyValueSpecification","valueRequired":true,"valueName":"search_term_string"}}],"inLanguage":"fr-FR"},{"@type":"Organization","@id":"https:\/\/www.webdyn.com\/fr\/en\/#organization","name":"Webdyn","url":"https:\/\/www.webdyn.com\/fr\/en\/","logo":{"@type":"ImageObject","inLanguage":"fr-FR","@id":"https:\/\/www.webdyn.com\/fr\/en\/#\/schema\/logo\/image\/","url":"https:\/\/www.webdyn.com\/wp-content\/uploads\/2021\/12\/cropped-Webdyn-Primary-Logo-1000px.png","contentUrl":"https:\/\/www.webdyn.com\/wp-content\/uploads\/2021\/12\/cropped-Webdyn-Primary-Logo-1000px.png","width":1000,"height":202,"caption":"Webdyn"},"image":{"@id":"https:\/\/www.webdyn.com\/fr\/en\/#\/schema\/logo\/image\/"}}]}},"_links":{"self":[{"href":"https:\/\/www.webdyn.com\/fr\/wp-json\/wp\/v2\/product\/736780","targetHints":{"allow":["GET"]}}],"collection":[{"href":"https:\/\/www.webdyn.com\/fr\/wp-json\/wp\/v2\/product"}],"about":[{"href":"https:\/\/www.webdyn.com\/fr\/wp-json\/wp\/v2\/types\/product"}],"replies":[{"embeddable":true,"href":"https:\/\/www.webdyn.com\/fr\/wp-json\/wp\/v2\/comments?post=736780"}],"wp:featuredmedia":[{"embeddable":true,"href":"https:\/\/www.webdyn.com\/fr\/wp-json\/wp\/v2\/media\/738179"}],"wp:attachment":[{"href":"https:\/\/www.webdyn.com\/fr\/wp-json\/wp\/v2\/media?parent=736780"}],"wp:term":[{"taxonomy":"product_brand","embeddable":true,"href":"https:\/\/www.webdyn.com\/fr\/wp-json\/wp\/v2\/product_brand?post=736780"},{"taxonomy":"product_cat","embeddable":true,"href":"https:\/\/www.webdyn.com\/fr\/wp-json\/wp\/v2\/product_cat?post=736780"},{"taxonomy":"product_tag","embeddable":true,"href":"https:\/\/www.webdyn.com\/fr\/wp-json\/wp\/v2\/product_tag?post=736780"}],"curies":[{"name":"wp","href":"https:\/\/api.w.org\/{rel}","templated":true}]}}