{"id":736785,"date":"2023-11-15T18:53:34","date_gmt":"2023-11-15T18:53:34","guid":{"rendered":"https:\/\/www.webdyn.com\/produit\/easyrouter\/"},"modified":"2025-03-06T09:58:16","modified_gmt":"2025-03-06T09:58:16","slug":"easyrouter","status":"publish","type":"product","link":"https:\/\/www.webdyn.com\/it\/prodotto\/easyrouter\/","title":{"rendered":"EasyRouter"},"content":{"rendered":"<p>EasyRouter \u00e8 una soluzione all-in-one innovativa e potente. Grazie al suo set di interfacce (RS232, RS485, dual SIM, I\/O digitali, gigabit Ethernet, GPS e Wi-Fi) e al nuovo firmware TITAN v6 incorporato (Modbus, MQTT, IPSec, logger,&#8230;) fornisce un pacchetto completo di funzionalit\u00e0 che soddisfa tutte le esigenze delle applicazioni IoT senza bisogno di ulteriore hardware, accorciando il time-to-market e fornendo una soluzione molto conveniente. Come nuova caratteristica, EasyRouter consente all&#8217;utente di sviluppare ed eseguire i propri script applicativi (basati su javascript) e di dare all&#8217;applicazione IoT finale uno stile personalizzato. Include un gran numero di esempi con codice sorgente.<\/p>\n","protected":false},"excerpt":{"rendered":"<p>EasyRouter \u00e8 una soluzione all-in-one innovativa e potente. Grazie al suo set di interfacce (RS232, RS485, dual SIM, I\/O digitali, gigabit Ethernet, GPS e Wi-Fi) e al nuovo firmware TITAN v6 incorporato (Modbus, MQTT, IPSec, logger,&#8230;) fornisce un pacchetto completo di funzionalit\u00e0 che soddisfa tutte le esigenze delle applicazioni IoT senza bisogno di ulteriore hardware, [&hellip;]<\/p>\n","protected":false},"featured_media":734831,"comment_status":"closed","ping_status":"closed","template":"","meta":{"_acf_changed":false,"rs_blank_template":"","rs_page_bg_color":"","slide_template_v7":""},"product_brand":[],"product_cat":[490,486,491,492],"product_tag":[],"class_list":{"0":"post-736785","1":"product","2":"type-product","3":"status-publish","4":"has-post-thumbnail","6":"product_cat-industria-intelligente-4-0","7":"product_cat-iot-routers-it","8":"product_cat-misurazione-intelligente","9":"product_cat-trasporto-intelligente","11":"first","12":"instock","13":"shipping-taxable","14":"product-type-simple"},"acf":[],"yoast_head":"<!-- This site is optimized with the Yoast SEO plugin v27.5 - https:\/\/yoast.com\/product\/yoast-seo-wordpress\/ -->\n<title>EasyRouter - Webdyn<\/title>\n<meta name=\"description\" content=\"EasyRouter device, a powerful all-in-one solution designed to meet the diverse needs of IoT applications\" \/>\n<meta name=\"robots\" content=\"index, follow, max-snippet:-1, max-image-preview:large, max-video-preview:-1\" \/>\n<link rel=\"canonical\" href=\"https:\/\/www.webdyn.com\/it\/prodotto\/easyrouter\/\" \/>\n<meta property=\"og:locale\" content=\"it_IT\" \/>\n<meta property=\"og:type\" content=\"article\" \/>\n<meta property=\"og:title\" content=\"EasyRouter - Webdyn\" \/>\n<meta property=\"og:description\" content=\"EasyRouter device, a powerful all-in-one solution designed to meet the diverse needs of IoT applications\" \/>\n<meta property=\"og:url\" content=\"https:\/\/www.webdyn.com\/it\/prodotto\/easyrouter\/\" \/>\n<meta property=\"og:site_name\" content=\"Webdyn\" \/>\n<meta property=\"article:modified_time\" content=\"2025-03-06T09:58:16+00:00\" \/>\n<meta property=\"og:image\" content=\"https:\/\/www.webdyn.com\/wp-content\/uploads\/2023\/11\/EasyRouter_900x900.png\" \/>\n\t<meta property=\"og:image:width\" content=\"900\" \/>\n\t<meta property=\"og:image:height\" content=\"900\" \/>\n\t<meta property=\"og:image:type\" content=\"image\/png\" \/>\n<meta name=\"twitter:card\" content=\"summary_large_image\" \/>\n<meta name=\"twitter:label1\" content=\"Tempo di lettura stimato\" \/>\n\t<meta name=\"twitter:data1\" content=\"1 minuto\" \/>\n<script type=\"application\/ld+json\" class=\"yoast-schema-graph\">{\"@context\":\"https:\\\/\\\/schema.org\",\"@graph\":[{\"@type\":\"WebPage\",\"@id\":\"https:\\\/\\\/www.webdyn.com\\\/it\\\/prodotto\\\/easyrouter\\\/\",\"url\":\"https:\\\/\\\/www.webdyn.com\\\/it\\\/prodotto\\\/easyrouter\\\/\",\"name\":\"EasyRouter - Webdyn\",\"isPartOf\":{\"@id\":\"https:\\\/\\\/www.webdyn.com\\\/it\\\/en\\\/#website\"},\"primaryImageOfPage\":{\"@id\":\"https:\\\/\\\/www.webdyn.com\\\/it\\\/prodotto\\\/easyrouter\\\/#primaryimage\"},\"image\":{\"@id\":\"https:\\\/\\\/www.webdyn.com\\\/it\\\/prodotto\\\/easyrouter\\\/#primaryimage\"},\"thumbnailUrl\":\"https:\\\/\\\/www.webdyn.com\\\/wp-content\\\/uploads\\\/2023\\\/11\\\/EasyRouter_900x900.png\",\"datePublished\":\"2023-11-15T18:53:34+00:00\",\"dateModified\":\"2025-03-06T09:58:16+00:00\",\"description\":\"EasyRouter device, a powerful all-in-one solution designed to meet the diverse needs of IoT applications\",\"breadcrumb\":{\"@id\":\"https:\\\/\\\/www.webdyn.com\\\/it\\\/prodotto\\\/easyrouter\\\/#breadcrumb\"},\"inLanguage\":\"it-IT\",\"potentialAction\":[{\"@type\":\"ReadAction\",\"target\":[\"https:\\\/\\\/www.webdyn.com\\\/it\\\/prodotto\\\/easyrouter\\\/\"]}]},{\"@type\":\"ImageObject\",\"inLanguage\":\"it-IT\",\"@id\":\"https:\\\/\\\/www.webdyn.com\\\/it\\\/prodotto\\\/easyrouter\\\/#primaryimage\",\"url\":\"https:\\\/\\\/www.webdyn.com\\\/wp-content\\\/uploads\\\/2023\\\/11\\\/EasyRouter_900x900.png\",\"contentUrl\":\"https:\\\/\\\/www.webdyn.com\\\/wp-content\\\/uploads\\\/2023\\\/11\\\/EasyRouter_900x900.png\",\"width\":900,\"height\":900,\"caption\":\"EasyRouter_picture\"},{\"@type\":\"BreadcrumbList\",\"@id\":\"https:\\\/\\\/www.webdyn.com\\\/it\\\/prodotto\\\/easyrouter\\\/#breadcrumb\",\"itemListElement\":[{\"@type\":\"ListItem\",\"position\":1,\"name\":\"Accueil\",\"item\":\"https:\\\/\\\/www.webdyn.com\\\/it\\\/\"},{\"@type\":\"ListItem\",\"position\":2,\"name\":\"Shop\",\"item\":\"https:\\\/\\\/www.webdyn.com\\\/?page_id=1850\"},{\"@type\":\"ListItem\",\"position\":3,\"name\":\"EasyRouter\"}]},{\"@type\":\"WebSite\",\"@id\":\"https:\\\/\\\/www.webdyn.com\\\/it\\\/en\\\/#website\",\"url\":\"https:\\\/\\\/www.webdyn.com\\\/it\\\/en\\\/\",\"name\":\"Webdyn\",\"description\":\"Passerelles et capteurs multi-protocoles de t\u00e9l\u00e9rel\u00e8ve d&#039;\u00e9nergie\",\"publisher\":{\"@id\":\"https:\\\/\\\/www.webdyn.com\\\/it\\\/en\\\/#organization\"},\"potentialAction\":[{\"@type\":\"SearchAction\",\"target\":{\"@type\":\"EntryPoint\",\"urlTemplate\":\"https:\\\/\\\/www.webdyn.com\\\/it\\\/en\\\/?s={search_term_string}\"},\"query-input\":{\"@type\":\"PropertyValueSpecification\",\"valueRequired\":true,\"valueName\":\"search_term_string\"}}],\"inLanguage\":\"it-IT\"},{\"@type\":\"Organization\",\"@id\":\"https:\\\/\\\/www.webdyn.com\\\/it\\\/en\\\/#organization\",\"name\":\"Webdyn\",\"url\":\"https:\\\/\\\/www.webdyn.com\\\/it\\\/en\\\/\",\"logo\":{\"@type\":\"ImageObject\",\"inLanguage\":\"it-IT\",\"@id\":\"https:\\\/\\\/www.webdyn.com\\\/it\\\/en\\\/#\\\/schema\\\/logo\\\/image\\\/\",\"url\":\"https:\\\/\\\/www.webdyn.com\\\/wp-content\\\/uploads\\\/2021\\\/12\\\/cropped-Webdyn-Primary-Logo-1000px.png\",\"contentUrl\":\"https:\\\/\\\/www.webdyn.com\\\/wp-content\\\/uploads\\\/2021\\\/12\\\/cropped-Webdyn-Primary-Logo-1000px.png\",\"width\":1000,\"height\":202,\"caption\":\"Webdyn\"},\"image\":{\"@id\":\"https:\\\/\\\/www.webdyn.com\\\/it\\\/en\\\/#\\\/schema\\\/logo\\\/image\\\/\"}}]}<\/script>\n<!-- \/ Yoast SEO plugin. -->","yoast_head_json":{"title":"EasyRouter - Webdyn","description":"EasyRouter device, a powerful all-in-one solution designed to meet the diverse needs of IoT applications","robots":{"index":"index","follow":"follow","max-snippet":"max-snippet:-1","max-image-preview":"max-image-preview:large","max-video-preview":"max-video-preview:-1"},"canonical":"https:\/\/www.webdyn.com\/it\/prodotto\/easyrouter\/","og_locale":"it_IT","og_type":"article","og_title":"EasyRouter - Webdyn","og_description":"EasyRouter device, a powerful all-in-one solution designed to meet the diverse needs of IoT applications","og_url":"https:\/\/www.webdyn.com\/it\/prodotto\/easyrouter\/","og_site_name":"Webdyn","article_modified_time":"2025-03-06T09:58:16+00:00","og_image":[{"width":900,"height":900,"url":"https:\/\/www.webdyn.com\/wp-content\/uploads\/2023\/11\/EasyRouter_900x900.png","type":"image\/png"}],"twitter_card":"summary_large_image","twitter_misc":{"Tempo di lettura stimato":"1 minuto"},"schema":{"@context":"https:\/\/schema.org","@graph":[{"@type":"WebPage","@id":"https:\/\/www.webdyn.com\/it\/prodotto\/easyrouter\/","url":"https:\/\/www.webdyn.com\/it\/prodotto\/easyrouter\/","name":"EasyRouter - Webdyn","isPartOf":{"@id":"https:\/\/www.webdyn.com\/it\/en\/#website"},"primaryImageOfPage":{"@id":"https:\/\/www.webdyn.com\/it\/prodotto\/easyrouter\/#primaryimage"},"image":{"@id":"https:\/\/www.webdyn.com\/it\/prodotto\/easyrouter\/#primaryimage"},"thumbnailUrl":"https:\/\/www.webdyn.com\/wp-content\/uploads\/2023\/11\/EasyRouter_900x900.png","datePublished":"2023-11-15T18:53:34+00:00","dateModified":"2025-03-06T09:58:16+00:00","description":"EasyRouter device, a powerful all-in-one solution designed to meet the diverse needs of IoT applications","breadcrumb":{"@id":"https:\/\/www.webdyn.com\/it\/prodotto\/easyrouter\/#breadcrumb"},"inLanguage":"it-IT","potentialAction":[{"@type":"ReadAction","target":["https:\/\/www.webdyn.com\/it\/prodotto\/easyrouter\/"]}]},{"@type":"ImageObject","inLanguage":"it-IT","@id":"https:\/\/www.webdyn.com\/it\/prodotto\/easyrouter\/#primaryimage","url":"https:\/\/www.webdyn.com\/wp-content\/uploads\/2023\/11\/EasyRouter_900x900.png","contentUrl":"https:\/\/www.webdyn.com\/wp-content\/uploads\/2023\/11\/EasyRouter_900x900.png","width":900,"height":900,"caption":"EasyRouter_picture"},{"@type":"BreadcrumbList","@id":"https:\/\/www.webdyn.com\/it\/prodotto\/easyrouter\/#breadcrumb","itemListElement":[{"@type":"ListItem","position":1,"name":"Accueil","item":"https:\/\/www.webdyn.com\/it\/"},{"@type":"ListItem","position":2,"name":"Shop","item":"https:\/\/www.webdyn.com\/?page_id=1850"},{"@type":"ListItem","position":3,"name":"EasyRouter"}]},{"@type":"WebSite","@id":"https:\/\/www.webdyn.com\/it\/en\/#website","url":"https:\/\/www.webdyn.com\/it\/en\/","name":"Webdyn","description":"Passerelles et capteurs multi-protocoles de t\u00e9l\u00e9rel\u00e8ve d&#039;\u00e9nergie","publisher":{"@id":"https:\/\/www.webdyn.com\/it\/en\/#organization"},"potentialAction":[{"@type":"SearchAction","target":{"@type":"EntryPoint","urlTemplate":"https:\/\/www.webdyn.com\/it\/en\/?s={search_term_string}"},"query-input":{"@type":"PropertyValueSpecification","valueRequired":true,"valueName":"search_term_string"}}],"inLanguage":"it-IT"},{"@type":"Organization","@id":"https:\/\/www.webdyn.com\/it\/en\/#organization","name":"Webdyn","url":"https:\/\/www.webdyn.com\/it\/en\/","logo":{"@type":"ImageObject","inLanguage":"it-IT","@id":"https:\/\/www.webdyn.com\/it\/en\/#\/schema\/logo\/image\/","url":"https:\/\/www.webdyn.com\/wp-content\/uploads\/2021\/12\/cropped-Webdyn-Primary-Logo-1000px.png","contentUrl":"https:\/\/www.webdyn.com\/wp-content\/uploads\/2021\/12\/cropped-Webdyn-Primary-Logo-1000px.png","width":1000,"height":202,"caption":"Webdyn"},"image":{"@id":"https:\/\/www.webdyn.com\/it\/en\/#\/schema\/logo\/image\/"}}]}},"_links":{"self":[{"href":"https:\/\/www.webdyn.com\/it\/wp-json\/wp\/v2\/product\/736785","targetHints":{"allow":["GET"]}}],"collection":[{"href":"https:\/\/www.webdyn.com\/it\/wp-json\/wp\/v2\/product"}],"about":[{"href":"https:\/\/www.webdyn.com\/it\/wp-json\/wp\/v2\/types\/product"}],"replies":[{"embeddable":true,"href":"https:\/\/www.webdyn.com\/it\/wp-json\/wp\/v2\/comments?post=736785"}],"wp:featuredmedia":[{"embeddable":true,"href":"https:\/\/www.webdyn.com\/it\/wp-json\/wp\/v2\/media\/734831"}],"wp:attachment":[{"href":"https:\/\/www.webdyn.com\/it\/wp-json\/wp\/v2\/media?parent=736785"}],"wp:term":[{"taxonomy":"product_brand","embeddable":true,"href":"https:\/\/www.webdyn.com\/it\/wp-json\/wp\/v2\/product_brand?post=736785"},{"taxonomy":"product_cat","embeddable":true,"href":"https:\/\/www.webdyn.com\/it\/wp-json\/wp\/v2\/product_cat?post=736785"},{"taxonomy":"product_tag","embeddable":true,"href":"https:\/\/www.webdyn.com\/it\/wp-json\/wp\/v2\/product_tag?post=736785"}],"curies":[{"name":"wp","href":"https:\/\/api.w.org\/{rel}","templated":true}]}}