{"id":736811,"date":"2021-08-02T08:41:23","date_gmt":"2021-08-02T08:41:23","guid":{"rendered":"https:\/\/www.webdyn.com\/produit\/mtx-starenergy-m\/"},"modified":"2024-09-26T13:34:42","modified_gmt":"2024-09-26T13:34:42","slug":"mtx-starenergy-m","status":"publish","type":"product","link":"https:\/\/www.webdyn.com\/it\/prodotto\/mtx-starenergy-m\/","title":{"rendered":"MTX-StarEnergy-M"},"content":{"rendered":"<p>MTX-StarEnergy-M \u00e8 un modem industriale innovativo che comprende una serie di funzioni appositamente orientate al mercato elettrico. Una delle caratteristiche pi\u00f9 interessanti \u00e8 l\u2019autoprovisioning in base alla scheda SIM inserita: il router \u00e8 in grado di rilevare il service provider in base alla SIM inserita e si autoconfigura (APN, prese, ecc.) in base al provider. Importante \u00e8 anche la selezione del service provider in base alla qualit\u00e0 del servizio. In roaming, il router analizza la qualit\u00e0 del segnale di diversi service provider e si connette automaticamente a quello con la qualit\u00e0 migliore.<\/p>\n","protected":false},"excerpt":{"rendered":"<p>MTX-StarEnergy-M \u00e8 un modem industriale innovativo che comprende una serie di funzioni appositamente orientate al mercato elettrico. Una delle caratteristiche pi\u00f9 interessanti \u00e8 l\u2019autoprovisioning in base alla scheda SIM inserita: il router \u00e8 in grado di rilevare il service provider in base alla SIM inserita e si autoconfigura (APN, prese, ecc.) in base al provider. [&hellip;]<\/p>\n","protected":false},"featured_media":728662,"comment_status":"closed","ping_status":"closed","template":"","meta":{"_acf_changed":false,"rs_blank_template":"","rs_page_bg_color":"","slide_template_v7":""},"product_brand":[],"product_cat":[486,491],"product_tag":[],"class_list":{"0":"post-736811","1":"product","2":"type-product","3":"status-publish","4":"has-post-thumbnail","6":"product_cat-iot-routers-it","7":"product_cat-misurazione-intelligente","9":"first","10":"instock","11":"shipping-taxable","12":"product-type-simple"},"acf":[],"yoast_head":"<!-- This site is optimized with the Yoast SEO plugin v27.5 - https:\/\/yoast.com\/product\/yoast-seo-wordpress\/ -->\n<title>MTX-StarEnergy-M - Webdyn<\/title>\n<meta name=\"description\" content=\"The MTX-StarEnergy-M is an innovative industrial modem that comprises a set of features specially oriented for the electric market.\" \/>\n<meta name=\"robots\" content=\"index, follow, max-snippet:-1, max-image-preview:large, max-video-preview:-1\" \/>\n<link rel=\"canonical\" href=\"https:\/\/www.webdyn.com\/it\/prodotto\/mtx-starenergy-m\/\" \/>\n<meta property=\"og:locale\" content=\"it_IT\" \/>\n<meta property=\"og:type\" content=\"article\" \/>\n<meta property=\"og:title\" content=\"MTX-StarEnergy-M - Webdyn\" \/>\n<meta property=\"og:description\" content=\"The MTX-StarEnergy-M is an innovative industrial modem that comprises a set of features specially oriented for the electric market.\" \/>\n<meta property=\"og:url\" content=\"https:\/\/www.webdyn.com\/it\/prodotto\/mtx-starenergy-m\/\" \/>\n<meta property=\"og:site_name\" content=\"Webdyn\" \/>\n<meta property=\"article:modified_time\" content=\"2024-09-26T13:34:42+00:00\" \/>\n<meta property=\"og:image\" content=\"https:\/\/www.webdyn.com\/wp-content\/uploads\/2021\/08\/MTX-StarEnergy-M-Front-A-900x900-min.png\" \/>\n\t<meta property=\"og:image:width\" content=\"900\" \/>\n\t<meta property=\"og:image:height\" content=\"900\" \/>\n\t<meta property=\"og:image:type\" content=\"image\/png\" \/>\n<meta name=\"twitter:card\" content=\"summary_large_image\" \/>\n<meta name=\"twitter:label1\" content=\"Tempo di lettura stimato\" \/>\n\t<meta name=\"twitter:data1\" content=\"1 minuto\" \/>\n<script type=\"application\/ld+json\" class=\"yoast-schema-graph\">{\"@context\":\"https:\\\/\\\/schema.org\",\"@graph\":[{\"@type\":\"WebPage\",\"@id\":\"https:\\\/\\\/www.webdyn.com\\\/it\\\/prodotto\\\/mtx-starenergy-m\\\/\",\"url\":\"https:\\\/\\\/www.webdyn.com\\\/it\\\/prodotto\\\/mtx-starenergy-m\\\/\",\"name\":\"MTX-StarEnergy-M - Webdyn\",\"isPartOf\":{\"@id\":\"https:\\\/\\\/www.webdyn.com\\\/it\\\/en\\\/#website\"},\"primaryImageOfPage\":{\"@id\":\"https:\\\/\\\/www.webdyn.com\\\/it\\\/prodotto\\\/mtx-starenergy-m\\\/#primaryimage\"},\"image\":{\"@id\":\"https:\\\/\\\/www.webdyn.com\\\/it\\\/prodotto\\\/mtx-starenergy-m\\\/#primaryimage\"},\"thumbnailUrl\":\"https:\\\/\\\/www.webdyn.com\\\/wp-content\\\/uploads\\\/2021\\\/08\\\/MTX-StarEnergy-M-Front-A-900x900-min.png\",\"datePublished\":\"2021-08-02T08:41:23+00:00\",\"dateModified\":\"2024-09-26T13:34:42+00:00\",\"description\":\"The MTX-StarEnergy-M is an innovative industrial modem that comprises a set of features specially oriented for the electric market.\",\"breadcrumb\":{\"@id\":\"https:\\\/\\\/www.webdyn.com\\\/it\\\/prodotto\\\/mtx-starenergy-m\\\/#breadcrumb\"},\"inLanguage\":\"it-IT\",\"potentialAction\":[{\"@type\":\"ReadAction\",\"target\":[\"https:\\\/\\\/www.webdyn.com\\\/it\\\/prodotto\\\/mtx-starenergy-m\\\/\"]}]},{\"@type\":\"ImageObject\",\"inLanguage\":\"it-IT\",\"@id\":\"https:\\\/\\\/www.webdyn.com\\\/it\\\/prodotto\\\/mtx-starenergy-m\\\/#primaryimage\",\"url\":\"https:\\\/\\\/www.webdyn.com\\\/wp-content\\\/uploads\\\/2021\\\/08\\\/MTX-StarEnergy-M-Front-A-900x900-min.png\",\"contentUrl\":\"https:\\\/\\\/www.webdyn.com\\\/wp-content\\\/uploads\\\/2021\\\/08\\\/MTX-StarEnergy-M-Front-A-900x900-min.png\",\"width\":900,\"height\":900},{\"@type\":\"BreadcrumbList\",\"@id\":\"https:\\\/\\\/www.webdyn.com\\\/it\\\/prodotto\\\/mtx-starenergy-m\\\/#breadcrumb\",\"itemListElement\":[{\"@type\":\"ListItem\",\"position\":1,\"name\":\"Accueil\",\"item\":\"https:\\\/\\\/www.webdyn.com\\\/it\\\/\"},{\"@type\":\"ListItem\",\"position\":2,\"name\":\"Shop\",\"item\":\"https:\\\/\\\/www.webdyn.com\\\/?page_id=1850\"},{\"@type\":\"ListItem\",\"position\":3,\"name\":\"MTX-StarEnergy-M\"}]},{\"@type\":\"WebSite\",\"@id\":\"https:\\\/\\\/www.webdyn.com\\\/it\\\/en\\\/#website\",\"url\":\"https:\\\/\\\/www.webdyn.com\\\/it\\\/en\\\/\",\"name\":\"Webdyn\",\"description\":\"Passerelles et capteurs multi-protocoles de t\u00e9l\u00e9rel\u00e8ve d&#039;\u00e9nergie\",\"publisher\":{\"@id\":\"https:\\\/\\\/www.webdyn.com\\\/it\\\/en\\\/#organization\"},\"potentialAction\":[{\"@type\":\"SearchAction\",\"target\":{\"@type\":\"EntryPoint\",\"urlTemplate\":\"https:\\\/\\\/www.webdyn.com\\\/it\\\/en\\\/?s={search_term_string}\"},\"query-input\":{\"@type\":\"PropertyValueSpecification\",\"valueRequired\":true,\"valueName\":\"search_term_string\"}}],\"inLanguage\":\"it-IT\"},{\"@type\":\"Organization\",\"@id\":\"https:\\\/\\\/www.webdyn.com\\\/it\\\/en\\\/#organization\",\"name\":\"Webdyn\",\"url\":\"https:\\\/\\\/www.webdyn.com\\\/it\\\/en\\\/\",\"logo\":{\"@type\":\"ImageObject\",\"inLanguage\":\"it-IT\",\"@id\":\"https:\\\/\\\/www.webdyn.com\\\/it\\\/en\\\/#\\\/schema\\\/logo\\\/image\\\/\",\"url\":\"https:\\\/\\\/www.webdyn.com\\\/wp-content\\\/uploads\\\/2021\\\/12\\\/cropped-Webdyn-Primary-Logo-1000px.png\",\"contentUrl\":\"https:\\\/\\\/www.webdyn.com\\\/wp-content\\\/uploads\\\/2021\\\/12\\\/cropped-Webdyn-Primary-Logo-1000px.png\",\"width\":1000,\"height\":202,\"caption\":\"Webdyn\"},\"image\":{\"@id\":\"https:\\\/\\\/www.webdyn.com\\\/it\\\/en\\\/#\\\/schema\\\/logo\\\/image\\\/\"}}]}<\/script>\n<!-- \/ Yoast SEO plugin. -->","yoast_head_json":{"title":"MTX-StarEnergy-M - Webdyn","description":"The MTX-StarEnergy-M is an innovative industrial modem that comprises a set of features specially oriented for the electric market.","robots":{"index":"index","follow":"follow","max-snippet":"max-snippet:-1","max-image-preview":"max-image-preview:large","max-video-preview":"max-video-preview:-1"},"canonical":"https:\/\/www.webdyn.com\/it\/prodotto\/mtx-starenergy-m\/","og_locale":"it_IT","og_type":"article","og_title":"MTX-StarEnergy-M - Webdyn","og_description":"The MTX-StarEnergy-M is an innovative industrial modem that comprises a set of features specially oriented for the electric market.","og_url":"https:\/\/www.webdyn.com\/it\/prodotto\/mtx-starenergy-m\/","og_site_name":"Webdyn","article_modified_time":"2024-09-26T13:34:42+00:00","og_image":[{"width":900,"height":900,"url":"https:\/\/www.webdyn.com\/wp-content\/uploads\/2021\/08\/MTX-StarEnergy-M-Front-A-900x900-min.png","type":"image\/png"}],"twitter_card":"summary_large_image","twitter_misc":{"Tempo di lettura stimato":"1 minuto"},"schema":{"@context":"https:\/\/schema.org","@graph":[{"@type":"WebPage","@id":"https:\/\/www.webdyn.com\/it\/prodotto\/mtx-starenergy-m\/","url":"https:\/\/www.webdyn.com\/it\/prodotto\/mtx-starenergy-m\/","name":"MTX-StarEnergy-M - Webdyn","isPartOf":{"@id":"https:\/\/www.webdyn.com\/it\/en\/#website"},"primaryImageOfPage":{"@id":"https:\/\/www.webdyn.com\/it\/prodotto\/mtx-starenergy-m\/#primaryimage"},"image":{"@id":"https:\/\/www.webdyn.com\/it\/prodotto\/mtx-starenergy-m\/#primaryimage"},"thumbnailUrl":"https:\/\/www.webdyn.com\/wp-content\/uploads\/2021\/08\/MTX-StarEnergy-M-Front-A-900x900-min.png","datePublished":"2021-08-02T08:41:23+00:00","dateModified":"2024-09-26T13:34:42+00:00","description":"The MTX-StarEnergy-M is an innovative industrial modem that comprises a set of features specially oriented for the electric market.","breadcrumb":{"@id":"https:\/\/www.webdyn.com\/it\/prodotto\/mtx-starenergy-m\/#breadcrumb"},"inLanguage":"it-IT","potentialAction":[{"@type":"ReadAction","target":["https:\/\/www.webdyn.com\/it\/prodotto\/mtx-starenergy-m\/"]}]},{"@type":"ImageObject","inLanguage":"it-IT","@id":"https:\/\/www.webdyn.com\/it\/prodotto\/mtx-starenergy-m\/#primaryimage","url":"https:\/\/www.webdyn.com\/wp-content\/uploads\/2021\/08\/MTX-StarEnergy-M-Front-A-900x900-min.png","contentUrl":"https:\/\/www.webdyn.com\/wp-content\/uploads\/2021\/08\/MTX-StarEnergy-M-Front-A-900x900-min.png","width":900,"height":900},{"@type":"BreadcrumbList","@id":"https:\/\/www.webdyn.com\/it\/prodotto\/mtx-starenergy-m\/#breadcrumb","itemListElement":[{"@type":"ListItem","position":1,"name":"Accueil","item":"https:\/\/www.webdyn.com\/it\/"},{"@type":"ListItem","position":2,"name":"Shop","item":"https:\/\/www.webdyn.com\/?page_id=1850"},{"@type":"ListItem","position":3,"name":"MTX-StarEnergy-M"}]},{"@type":"WebSite","@id":"https:\/\/www.webdyn.com\/it\/en\/#website","url":"https:\/\/www.webdyn.com\/it\/en\/","name":"Webdyn","description":"Passerelles et capteurs multi-protocoles de t\u00e9l\u00e9rel\u00e8ve d&#039;\u00e9nergie","publisher":{"@id":"https:\/\/www.webdyn.com\/it\/en\/#organization"},"potentialAction":[{"@type":"SearchAction","target":{"@type":"EntryPoint","urlTemplate":"https:\/\/www.webdyn.com\/it\/en\/?s={search_term_string}"},"query-input":{"@type":"PropertyValueSpecification","valueRequired":true,"valueName":"search_term_string"}}],"inLanguage":"it-IT"},{"@type":"Organization","@id":"https:\/\/www.webdyn.com\/it\/en\/#organization","name":"Webdyn","url":"https:\/\/www.webdyn.com\/it\/en\/","logo":{"@type":"ImageObject","inLanguage":"it-IT","@id":"https:\/\/www.webdyn.com\/it\/en\/#\/schema\/logo\/image\/","url":"https:\/\/www.webdyn.com\/wp-content\/uploads\/2021\/12\/cropped-Webdyn-Primary-Logo-1000px.png","contentUrl":"https:\/\/www.webdyn.com\/wp-content\/uploads\/2021\/12\/cropped-Webdyn-Primary-Logo-1000px.png","width":1000,"height":202,"caption":"Webdyn"},"image":{"@id":"https:\/\/www.webdyn.com\/it\/en\/#\/schema\/logo\/image\/"}}]}},"_links":{"self":[{"href":"https:\/\/www.webdyn.com\/it\/wp-json\/wp\/v2\/product\/736811","targetHints":{"allow":["GET"]}}],"collection":[{"href":"https:\/\/www.webdyn.com\/it\/wp-json\/wp\/v2\/product"}],"about":[{"href":"https:\/\/www.webdyn.com\/it\/wp-json\/wp\/v2\/types\/product"}],"replies":[{"embeddable":true,"href":"https:\/\/www.webdyn.com\/it\/wp-json\/wp\/v2\/comments?post=736811"}],"wp:featuredmedia":[{"embeddable":true,"href":"https:\/\/www.webdyn.com\/it\/wp-json\/wp\/v2\/media\/728662"}],"wp:attachment":[{"href":"https:\/\/www.webdyn.com\/it\/wp-json\/wp\/v2\/media?parent=736811"}],"wp:term":[{"taxonomy":"product_brand","embeddable":true,"href":"https:\/\/www.webdyn.com\/it\/wp-json\/wp\/v2\/product_brand?post=736811"},{"taxonomy":"product_cat","embeddable":true,"href":"https:\/\/www.webdyn.com\/it\/wp-json\/wp\/v2\/product_cat?post=736811"},{"taxonomy":"product_tag","embeddable":true,"href":"https:\/\/www.webdyn.com\/it\/wp-json\/wp\/v2\/product_tag?post=736811"}],"curies":[{"name":"wp","href":"https:\/\/api.w.org\/{rel}","templated":true}]}}